{"id":1139,"date":"2022-05-24T22:42:38","date_gmt":"2022-05-24T20:42:38","guid":{"rendered":"https:\/\/coalasolutions.com\/us\/?page_id=1139"},"modified":"2024-06-13T00:14:46","modified_gmt":"2024-06-12T22:14:46","slug":"clinical-advisory-board","status":"publish","type":"page","link":"https:\/\/coalasolutions.com\/us\/clinician\/clinical-advisory-board\/","title":{"rendered":"Clinical Advisory Board"},"content":{"rendered":"<p>Coala Solutions Medical Advisory Board, also referred to as the Clinical Advisory Board, consists of several leading and experienced specialists in cardiology and life science. Their expertise and knowledge in their respective fields puts Coala Solutions in the best possible position to continue conducting research and development in the best possible way and thereby continue working towards the company\u2019s vision \u2013 to contribute to the battle against heart disease.<\/p>\n<p><u>Members of the Medical Council<\/u><\/p>\n<p><strong>Tord Juhlin<\/strong>, MD, PhD, Senior Physician and Cardiologist, Sk\u00e5ne University Hospital. Tord is also chairman of the Swedish Cardiology Association\u2019s Hj\u00e4rtRytmGrupp (HRG).<\/p>\n<p><strong>Hans-J\u00f6rgen Nilsson<\/strong>, MD, PhD, Workstream Lead Cardiology, Senior Physician and Cardiologist, Sk\u00e5ne University Hospital. Hans-J\u00f6rgen is involved in the cardiology part of the implementation of a new healthcare information system in Region Sk\u00e5ne.<\/p>\n<p><strong>Claes Held<\/strong>, MD, PhD, Senior Physician and Professor of Cardiology, Uppsala University Hospital. Claes is clinically active at the Cardiac Clinic, Uppsala University Hospital. His research activities are based at the Uppsala Clinical Research Centre (UCR), Uppsala University.<\/p>\n<p><strong>Peter Magnusson<\/strong>, MD, PhD, cardiologist, senior physician, Region G\u00e4vleborg\/VO Cardiology. Peter is a researcher at the Centre for Research and Development G\u00e4vleborg\/Uppsala University (CFUG) and Karolinska Institutet.<\/p>\n","protected":false},"excerpt":{"rendered":"<p>Coala Solutions Medical Advisory Board, also referred to as the Clinical Advisory Board, consists of several leading and experienced specialists in cardiology and life science. Their expertise and knowledge in their respective fields puts Coala Solutions in the best possible position to continue conducting research and development in the best possible way and thereby continue [&hellip;]<\/p>\n","protected":false},"author":3,"featured_media":983,"parent":1329,"menu_order":0,"comment_status":"closed","ping_status":"closed","template":"","meta":{"_acf_changed":false,"content-type":"","_coblocks_attr":"","_coblocks_dimensions":"","_coblocks_responsive_height":"","_coblocks_accordion_ie_support":"","footnotes":""},"class_list":["post-1139","page","type-page","status-publish","has-post-thumbnail","hentry"],"acf":[],"yoast_head":"<!-- This site is optimized with the Yoast SEO plugin v27.4 - https:\/\/yoast.com\/product\/yoast-seo-wordpress\/ -->\n<title>Clinical Advisory Board - Coala Solutions Inc.<\/title>\n<meta name=\"robots\" content=\"index, follow, max-snippet:-1, max-image-preview:large, max-video-preview:-1\" \/>\n<link rel=\"canonical\" href=\"https:\/\/coalasolutions.com\/us\/clinician\/clinical-advisory-board\/\" \/>\n<meta property=\"og:locale\" content=\"en_US\" \/>\n<meta property=\"og:type\" content=\"article\" \/>\n<meta property=\"og:title\" content=\"Clinical Advisory Board - Coala Solutions Inc.\" \/>\n<meta property=\"og:description\" content=\"Coala Solutions Medical Advisory Board, also referred to as the Clinical Advisory Board, consists of several leading and experienced specialists in cardiology and life science. Their expertise and knowledge in their respective fields puts Coala Solutions in the best possible position to continue conducting research and development in the best possible way and thereby continue [&hellip;]\" \/>\n<meta property=\"og:url\" content=\"https:\/\/coalasolutions.com\/us\/clinician\/clinical-advisory-board\/\" \/>\n<meta property=\"og:site_name\" content=\"Coala Solutions Inc.\" \/>\n<meta property=\"article:modified_time\" content=\"2024-06-12T22:14:46+00:00\" \/>\n<meta property=\"og:image\" content=\"https:\/\/coalasolutions.com\/us\/wp-content\/uploads\/sites\/4\/2022\/05\/hansj-kardiolog-lund.png\" \/>\n\t<meta property=\"og:image:width\" content=\"918\" \/>\n\t<meta property=\"og:image:height\" content=\"612\" \/>\n\t<meta property=\"og:image:type\" content=\"image\/png\" \/>\n<meta name=\"twitter:card\" content=\"summary_large_image\" \/>\n<meta name=\"twitter:label1\" content=\"Est. reading time\" \/>\n\t<meta name=\"twitter:data1\" content=\"2 minutes\" \/>\n<script type=\"application\/ld+json\" class=\"yoast-schema-graph\">{\"@context\":\"https:\\\/\\\/schema.org\",\"@graph\":[{\"@type\":\"WebPage\",\"@id\":\"https:\\\/\\\/coalasolutions.com\\\/us\\\/clinician\\\/clinical-advisory-board\\\/\",\"url\":\"https:\\\/\\\/coalasolutions.com\\\/us\\\/clinician\\\/clinical-advisory-board\\\/\",\"name\":\"Clinical Advisory Board - Coala Solutions Inc.\",\"isPartOf\":{\"@id\":\"https:\\\/\\\/coalasolutions.com\\\/us\\\/#website\"},\"primaryImageOfPage\":{\"@id\":\"https:\\\/\\\/coalasolutions.com\\\/us\\\/clinician\\\/clinical-advisory-board\\\/#primaryimage\"},\"image\":{\"@id\":\"https:\\\/\\\/coalasolutions.com\\\/us\\\/clinician\\\/clinical-advisory-board\\\/#primaryimage\"},\"thumbnailUrl\":\"https:\\\/\\\/coalasolutions.com\\\/us\\\/wp-content\\\/uploads\\\/sites\\\/4\\\/2022\\\/05\\\/hansj-kardiolog-lund.png\",\"datePublished\":\"2022-05-24T20:42:38+00:00\",\"dateModified\":\"2024-06-12T22:14:46+00:00\",\"breadcrumb\":{\"@id\":\"https:\\\/\\\/coalasolutions.com\\\/us\\\/clinician\\\/clinical-advisory-board\\\/#breadcrumb\"},\"inLanguage\":\"en-US\",\"potentialAction\":[{\"@type\":\"ReadAction\",\"target\":[\"https:\\\/\\\/coalasolutions.com\\\/us\\\/clinician\\\/clinical-advisory-board\\\/\"]}]},{\"@type\":\"ImageObject\",\"inLanguage\":\"en-US\",\"@id\":\"https:\\\/\\\/coalasolutions.com\\\/us\\\/clinician\\\/clinical-advisory-board\\\/#primaryimage\",\"url\":\"https:\\\/\\\/coalasolutions.com\\\/us\\\/wp-content\\\/uploads\\\/sites\\\/4\\\/2022\\\/05\\\/hansj-kardiolog-lund.png\",\"contentUrl\":\"https:\\\/\\\/coalasolutions.com\\\/us\\\/wp-content\\\/uploads\\\/sites\\\/4\\\/2022\\\/05\\\/hansj-kardiolog-lund.png\",\"width\":918,\"height\":612,\"caption\":\"Hans-J\u00f6rgen Nilsson, \u00d6verl\u00e4kare i arytmi vid kardiologen, Sk\u00e5nska Universitetssjukhuset i Lund\"},{\"@type\":\"BreadcrumbList\",\"@id\":\"https:\\\/\\\/coalasolutions.com\\\/us\\\/clinician\\\/clinical-advisory-board\\\/#breadcrumb\",\"itemListElement\":[{\"@type\":\"ListItem\",\"position\":1,\"name\":\"Home\",\"item\":\"https:\\\/\\\/coalasolutions.com\\\/us\\\/\"},{\"@type\":\"ListItem\",\"position\":2,\"name\":\"Clinician\",\"item\":\"https:\\\/\\\/coalasolutions.com\\\/us\\\/clinician\\\/\"},{\"@type\":\"ListItem\",\"position\":3,\"name\":\"Clinical Advisory Board\"}]},{\"@type\":\"WebSite\",\"@id\":\"https:\\\/\\\/coalasolutions.com\\\/us\\\/#website\",\"url\":\"https:\\\/\\\/coalasolutions.com\\\/us\\\/\",\"name\":\"Coala Solutions Inc.\",\"description\":\"Unique digital heart monitor\",\"potentialAction\":[{\"@type\":\"SearchAction\",\"target\":{\"@type\":\"EntryPoint\",\"urlTemplate\":\"https:\\\/\\\/coalasolutions.com\\\/us\\\/?s={search_term_string}\"},\"query-input\":{\"@type\":\"PropertyValueSpecification\",\"valueRequired\":true,\"valueName\":\"search_term_string\"}}],\"inLanguage\":\"en-US\"}]}<\/script>\n<!-- \/ Yoast SEO plugin. -->","yoast_head_json":{"title":"Clinical Advisory Board - Coala Solutions Inc.","robots":{"index":"index","follow":"follow","max-snippet":"max-snippet:-1","max-image-preview":"max-image-preview:large","max-video-preview":"max-video-preview:-1"},"canonical":"https:\/\/coalasolutions.com\/us\/clinician\/clinical-advisory-board\/","og_locale":"en_US","og_type":"article","og_title":"Clinical Advisory Board - Coala Solutions Inc.","og_description":"Coala Solutions Medical Advisory Board, also referred to as the Clinical Advisory Board, consists of several leading and experienced specialists in cardiology and life science. Their expertise and knowledge in their respective fields puts Coala Solutions in the best possible position to continue conducting research and development in the best possible way and thereby continue [&hellip;]","og_url":"https:\/\/coalasolutions.com\/us\/clinician\/clinical-advisory-board\/","og_site_name":"Coala Solutions Inc.","article_modified_time":"2024-06-12T22:14:46+00:00","og_image":[{"width":918,"height":612,"url":"https:\/\/coalasolutions.com\/us\/wp-content\/uploads\/sites\/4\/2022\/05\/hansj-kardiolog-lund.png","type":"image\/png"}],"twitter_card":"summary_large_image","twitter_misc":{"Est. reading time":"2 minutes"},"schema":{"@context":"https:\/\/schema.org","@graph":[{"@type":"WebPage","@id":"https:\/\/coalasolutions.com\/us\/clinician\/clinical-advisory-board\/","url":"https:\/\/coalasolutions.com\/us\/clinician\/clinical-advisory-board\/","name":"Clinical Advisory Board - Coala Solutions Inc.","isPartOf":{"@id":"https:\/\/coalasolutions.com\/us\/#website"},"primaryImageOfPage":{"@id":"https:\/\/coalasolutions.com\/us\/clinician\/clinical-advisory-board\/#primaryimage"},"image":{"@id":"https:\/\/coalasolutions.com\/us\/clinician\/clinical-advisory-board\/#primaryimage"},"thumbnailUrl":"https:\/\/coalasolutions.com\/us\/wp-content\/uploads\/sites\/4\/2022\/05\/hansj-kardiolog-lund.png","datePublished":"2022-05-24T20:42:38+00:00","dateModified":"2024-06-12T22:14:46+00:00","breadcrumb":{"@id":"https:\/\/coalasolutions.com\/us\/clinician\/clinical-advisory-board\/#breadcrumb"},"inLanguage":"en-US","potentialAction":[{"@type":"ReadAction","target":["https:\/\/coalasolutions.com\/us\/clinician\/clinical-advisory-board\/"]}]},{"@type":"ImageObject","inLanguage":"en-US","@id":"https:\/\/coalasolutions.com\/us\/clinician\/clinical-advisory-board\/#primaryimage","url":"https:\/\/coalasolutions.com\/us\/wp-content\/uploads\/sites\/4\/2022\/05\/hansj-kardiolog-lund.png","contentUrl":"https:\/\/coalasolutions.com\/us\/wp-content\/uploads\/sites\/4\/2022\/05\/hansj-kardiolog-lund.png","width":918,"height":612,"caption":"Hans-J\u00f6rgen Nilsson, \u00d6verl\u00e4kare i arytmi vid kardiologen, Sk\u00e5nska Universitetssjukhuset i Lund"},{"@type":"BreadcrumbList","@id":"https:\/\/coalasolutions.com\/us\/clinician\/clinical-advisory-board\/#breadcrumb","itemListElement":[{"@type":"ListItem","position":1,"name":"Home","item":"https:\/\/coalasolutions.com\/us\/"},{"@type":"ListItem","position":2,"name":"Clinician","item":"https:\/\/coalasolutions.com\/us\/clinician\/"},{"@type":"ListItem","position":3,"name":"Clinical Advisory Board"}]},{"@type":"WebSite","@id":"https:\/\/coalasolutions.com\/us\/#website","url":"https:\/\/coalasolutions.com\/us\/","name":"Coala Solutions Inc.","description":"Unique digital heart monitor","potentialAction":[{"@type":"SearchAction","target":{"@type":"EntryPoint","urlTemplate":"https:\/\/coalasolutions.com\/us\/?s={search_term_string}"},"query-input":{"@type":"PropertyValueSpecification","valueRequired":true,"valueName":"search_term_string"}}],"inLanguage":"en-US"}]}},"_links":{"self":[{"href":"https:\/\/coalasolutions.com\/us\/wp-json\/wp\/v2\/pages\/1139","targetHints":{"allow":["GET"]}}],"collection":[{"href":"https:\/\/coalasolutions.com\/us\/wp-json\/wp\/v2\/pages"}],"about":[{"href":"https:\/\/coalasolutions.com\/us\/wp-json\/wp\/v2\/types\/page"}],"author":[{"embeddable":true,"href":"https:\/\/coalasolutions.com\/us\/wp-json\/wp\/v2\/users\/3"}],"replies":[{"embeddable":true,"href":"https:\/\/coalasolutions.com\/us\/wp-json\/wp\/v2\/comments?post=1139"}],"version-history":[{"count":6,"href":"https:\/\/coalasolutions.com\/us\/wp-json\/wp\/v2\/pages\/1139\/revisions"}],"predecessor-version":[{"id":5109,"href":"https:\/\/coalasolutions.com\/us\/wp-json\/wp\/v2\/pages\/1139\/revisions\/5109"}],"up":[{"embeddable":true,"href":"https:\/\/coalasolutions.com\/us\/wp-json\/wp\/v2\/pages\/1329"}],"wp:featuredmedia":[{"embeddable":true,"href":"https:\/\/coalasolutions.com\/us\/wp-json\/wp\/v2\/media\/983"}],"wp:attachment":[{"href":"https:\/\/coalasolutions.com\/us\/wp-json\/wp\/v2\/media?parent=1139"}],"curies":[{"name":"wp","href":"https:\/\/api.w.org\/{rel}","templated":true}]}}