{"id":531,"date":"2022-04-28T19:19:00","date_gmt":"2022-04-28T17:19:00","guid":{"rendered":"https:\/\/coalasolutions.com\/se\/?post_type=product&#038;p=531"},"modified":"2025-05-15T12:15:32","modified_gmt":"2025-05-15T10:15:32","slug":"coala-heart-monitor","status":"publish","type":"product","link":"https:\/\/coalasolutions.com\/se\/produkt\/coala-heart-monitor\/coala-heart-monitor\/","title":{"rendered":"Coala Heart Monitor"},"content":{"rendered":"<p><strong>Coala Heart Monitor<\/strong><br \/>\nCoala Heart Monitor \u00e4r det tr\u00e5dl\u00f6sa och portabla m\u00e4tinstrument som m\u00f6jligg\u00f6r registrering av hj\u00e4rtljud och EKG, n\u00e4r du vill och var du vill. Coala f\u00e5ngar ditt hj\u00e4rtljud och EKG under 60 sekunder, och du svar p\u00e5 analysen inom ett par sekunder.I f\u00f6rpackningen ing\u00e5r hj\u00e4rtmonitorn Coala, laddningsstation, laddare, usb-sladd, resefodral och Coala skydd med clip on.\u00a0Coala App laddar du enkelt ned p\u00e5 din smartphone fr\u00e5n AppStore eller Google Play.<\/p>\n<p><strong>Abonnemang med obegr\u00e4nsade analyser<\/strong><br \/>\nCoalas abonnemang ger obegr\u00e4nsade m\u00f6jligheter till m\u00e4tningar och automatisk analys. Du f\u00e5r tillg\u00e5ng till alla de avancerade algoritmer som finns i molnet som utvecklats f\u00f6r att analysera dina m\u00e4tv\u00e4rden och \u00e5terkoppla med resultat direkt i din smartphone. Du kan enkelt dela din hj\u00e4rtdata med din v\u00e5rdgivare eller l\u00e4kare.<\/p>\n<p><strong>S\u00e4ker lagring i Coala Journal<\/strong><br \/>\nAlla dina m\u00e4tningar sparas digitalt och krypterat och finns tillg\u00e4ngliga f\u00f6r dig i appen i Coala Journal.<\/p>\n<p><strong>V\u00e4lj det betals\u00e4tt som passar dig<\/strong><br \/>\nDu kan v\u00e4lja att betala allt direkt eller med avbetalning genom Klarna.<\/p>\n<p>Du f\u00e5r en Coala Heart Monitor och ett f\u00f6rskottsbetalat 12 m\u00e5naders abonnemang. Efter 12 m\u00e5nader kan abonnemanget enkelt f\u00f6rnyas f\u00f6r att f\u00e5 fortsatt tillg\u00e5ng till Coalas tj\u00e4nster s\u00e5 som m\u00e4tningar och analyser.<\/p>\n<p>Abonnemangen som finns att v\u00e4lja mellan \u00e4r: 6 m\u00e5nader f\u00f6r 849 kr, 12 m\u00e5nader f\u00f6r 1499 kr, 24 m\u00e5nader f\u00f6r 2499 kr eller m\u00e5nads abonnemang f\u00f6r 149 kr.<\/p>\n<p><strong>Specifikationer Coala Heart Monitor<\/strong><\/p>\n<ul>\n<li>M\u00e5tt: 49\u00d751\u00d718 mm.<\/li>\n<li>Vikt 36 gram.<\/li>\n<li>Digital, tv\u00e5avlednings-EKG med extra elektrod f\u00f6r brusreducering<\/li>\n<li>Kommunikation med Bluetooth<\/li>\n<li>Ljudupptagning 100-1500 Hz<\/li>\n<li>Batteriet garanterar minst 40 m\u00e4tningar per laddning.<\/li>\n<\/ul>\n<p><strong>Smartphone kompatibilitet<\/strong><br \/>\nKompatibel med nuvarande version av iOS samt de tv\u00e5 senaste versionerna. Nuvarande version av Android samt de fyra senaste versionerna. Telefon ing\u00e5r ej.<\/p>\n<p><strong>Leverans<\/strong><br \/>\nCoala Heart Monitor s\u00e4ljs och skickas endast inom Sverige. Leveranstid normalt 2-3 dagar.<\/p>\n","protected":false},"excerpt":{"rendered":"<p>Hyr din egen Coala f\u00f6r att f\u00f6lja ditt hj\u00e4rta och k\u00e4nna trygghet i vardagen.<\/p>\n","protected":false},"featured_media":1937,"template":"","meta":{"_acf_changed":false,"content-type":"","_coblocks_attr":"","_coblocks_dimensions":"","_coblocks_responsive_height":"","_coblocks_accordion_ie_support":""},"product_brand":[],"product_cat":[42],"product_tag":[],"class_list":{"0":"post-531","1":"product","2":"type-product","3":"status-publish","4":"has-post-thumbnail","6":"product_cat-coala-heart-monitor","8":"first","9":"instock","10":"shipping-taxable","11":"purchasable","12":"product-type-simple"},"acf":[],"yoast_head":"<!-- This site is optimized with the Yoast SEO plugin v27.1.1 - https:\/\/yoast.com\/product\/yoast-seo-wordpress\/ -->\n<title>Coala Heart Monitor - Coala Solution - SE<\/title>\n<meta name=\"robots\" content=\"index, follow, max-snippet:-1, max-image-preview:large, max-video-preview:-1\" \/>\n<link rel=\"canonical\" href=\"https:\/\/coalasolutions.com\/se\/produkt\/coala-heart-monitor\/coala-heart-monitor\/\" \/>\n<meta property=\"og:locale\" content=\"sv_SE\" \/>\n<meta property=\"og:type\" content=\"article\" \/>\n<meta property=\"og:title\" content=\"Coala Heart Monitor - Coala Solution - SE\" \/>\n<meta property=\"og:description\" content=\"Hyr din egen Coala f\u00f6r att f\u00f6lja ditt hj\u00e4rta och k\u00e4nna trygghet i vardagen.\" \/>\n<meta property=\"og:url\" content=\"https:\/\/coalasolutions.com\/se\/produkt\/coala-heart-monitor\/coala-heart-monitor\/\" \/>\n<meta property=\"og:site_name\" content=\"Coala Solution - SE\" \/>\n<meta property=\"article:modified_time\" content=\"2025-05-15T10:15:32+00:00\" \/>\n<meta property=\"og:image\" content=\"https:\/\/coalasolutions.com\/se\/wp-content\/uploads\/sites\/2\/2022\/04\/heart-monitor-basic.jpg\" \/>\n\t<meta property=\"og:image:width\" content=\"600\" \/>\n\t<meta property=\"og:image:height\" content=\"500\" \/>\n\t<meta property=\"og:image:type\" content=\"image\/jpeg\" \/>\n<meta name=\"twitter:card\" content=\"summary_large_image\" \/>\n<meta name=\"twitter:label1\" content=\"Ber\u00e4knad l\u00e4stid\" \/>\n\t<meta name=\"twitter:data1\" content=\"2 minuter\" \/>\n<script type=\"application\/ld+json\" class=\"yoast-schema-graph\">{\"@context\":\"https:\/\/schema.org\",\"@graph\":[{\"@type\":\"WebPage\",\"@id\":\"https:\/\/coalasolutions.com\/se\/produkt\/coala-heart-monitor\/coala-heart-monitor\/\",\"url\":\"https:\/\/coalasolutions.com\/se\/produkt\/coala-heart-monitor\/coala-heart-monitor\/\",\"name\":\"Coala Heart Monitor - Coala Solution - SE\",\"isPartOf\":{\"@id\":\"https:\/\/coalasolutions.com\/se\/#website\"},\"primaryImageOfPage\":{\"@id\":\"https:\/\/coalasolutions.com\/se\/produkt\/coala-heart-monitor\/coala-heart-monitor\/#primaryimage\"},\"image\":{\"@id\":\"https:\/\/coalasolutions.com\/se\/produkt\/coala-heart-monitor\/coala-heart-monitor\/#primaryimage\"},\"thumbnailUrl\":\"https:\/\/coalasolutions.com\/se\/wp-content\/uploads\/sites\/2\/2022\/04\/heart-monitor-basic.jpg\",\"datePublished\":\"2022-04-28T17:19:00+00:00\",\"dateModified\":\"2025-05-15T10:15:32+00:00\",\"breadcrumb\":{\"@id\":\"https:\/\/coalasolutions.com\/se\/produkt\/coala-heart-monitor\/coala-heart-monitor\/#breadcrumb\"},\"inLanguage\":\"sv-SE\",\"potentialAction\":[{\"@type\":\"ReadAction\",\"target\":[\"https:\/\/coalasolutions.com\/se\/produkt\/coala-heart-monitor\/coala-heart-monitor\/\"]}]},{\"@type\":\"ImageObject\",\"inLanguage\":\"sv-SE\",\"@id\":\"https:\/\/coalasolutions.com\/se\/produkt\/coala-heart-monitor\/coala-heart-monitor\/#primaryimage\",\"url\":\"https:\/\/coalasolutions.com\/se\/wp-content\/uploads\/sites\/2\/2022\/04\/heart-monitor-basic.jpg\",\"contentUrl\":\"https:\/\/coalasolutions.com\/se\/wp-content\/uploads\/sites\/2\/2022\/04\/heart-monitor-basic.jpg\",\"width\":600,\"height\":500,\"caption\":\"Coala Heart Monitor Basic\"},{\"@type\":\"BreadcrumbList\",\"@id\":\"https:\/\/coalasolutions.com\/se\/produkt\/coala-heart-monitor\/coala-heart-monitor\/#breadcrumb\",\"itemListElement\":[{\"@type\":\"ListItem\",\"position\":1,\"name\":\"Hem\",\"item\":\"https:\/\/coalasolutions.com\/se\/\"},{\"@type\":\"ListItem\",\"position\":2,\"name\":\"Webbutik\",\"item\":\"https:\/\/coalasolutions.com\/se\/patient\/webbutik\/\"},{\"@type\":\"ListItem\",\"position\":3,\"name\":\"Coala Heart Monitor\"}]},{\"@type\":\"WebSite\",\"@id\":\"https:\/\/coalasolutions.com\/se\/#website\",\"url\":\"https:\/\/coalasolutions.com\/se\/\",\"name\":\"Coala Solution - SE\",\"description\":\"Unik digital hj\u00e4rtmonitor\",\"publisher\":{\"@id\":\"https:\/\/coalasolutions.com\/se\/#organization\"},\"potentialAction\":[{\"@type\":\"SearchAction\",\"target\":{\"@type\":\"EntryPoint\",\"urlTemplate\":\"https:\/\/coalasolutions.com\/se\/?s={search_term_string}\"},\"query-input\":{\"@type\":\"PropertyValueSpecification\",\"valueRequired\":true,\"valueName\":\"search_term_string\"}}],\"inLanguage\":\"sv-SE\"},{\"@type\":\"Organization\",\"@id\":\"https:\/\/coalasolutions.com\/se\/#organization\",\"name\":\"Coala Solution - SE\",\"url\":\"https:\/\/coalasolutions.com\/se\/\",\"logo\":{\"@type\":\"ImageObject\",\"inLanguage\":\"sv-SE\",\"@id\":\"https:\/\/coalasolutions.com\/se\/#\/schema\/logo\/image\/\",\"url\":\"https:\/\/coalasolutions.com\/se\/wp-content\/uploads\/sites\/2\/2022\/06\/coala-logo-blue.svg\",\"contentUrl\":\"https:\/\/coalasolutions.com\/se\/wp-content\/uploads\/sites\/2\/2022\/06\/coala-logo-blue.svg\",\"width\":136,\"height\":25,\"caption\":\"Coala Solution - SE\"},\"image\":{\"@id\":\"https:\/\/coalasolutions.com\/se\/#\/schema\/logo\/image\/\"}}]}<\/script>\n<!-- \/ Yoast SEO plugin. -->","yoast_head_json":{"title":"Coala Heart Monitor - Coala Solution - SE","robots":{"index":"index","follow":"follow","max-snippet":"max-snippet:-1","max-image-preview":"max-image-preview:large","max-video-preview":"max-video-preview:-1"},"canonical":"https:\/\/coalasolutions.com\/se\/produkt\/coala-heart-monitor\/coala-heart-monitor\/","og_locale":"sv_SE","og_type":"article","og_title":"Coala Heart Monitor - Coala Solution - SE","og_description":"Hyr din egen Coala f\u00f6r att f\u00f6lja ditt hj\u00e4rta och k\u00e4nna trygghet i vardagen.","og_url":"https:\/\/coalasolutions.com\/se\/produkt\/coala-heart-monitor\/coala-heart-monitor\/","og_site_name":"Coala Solution - SE","article_modified_time":"2025-05-15T10:15:32+00:00","og_image":[{"width":600,"height":500,"url":"https:\/\/coalasolutions.com\/se\/wp-content\/uploads\/sites\/2\/2022\/04\/heart-monitor-basic.jpg","type":"image\/jpeg"}],"twitter_card":"summary_large_image","twitter_misc":{"Ber\u00e4knad l\u00e4stid":"2 minuter"},"schema":{"@context":"https:\/\/schema.org","@graph":[{"@type":"WebPage","@id":"https:\/\/coalasolutions.com\/se\/produkt\/coala-heart-monitor\/coala-heart-monitor\/","url":"https:\/\/coalasolutions.com\/se\/produkt\/coala-heart-monitor\/coala-heart-monitor\/","name":"Coala Heart Monitor - Coala Solution - SE","isPartOf":{"@id":"https:\/\/coalasolutions.com\/se\/#website"},"primaryImageOfPage":{"@id":"https:\/\/coalasolutions.com\/se\/produkt\/coala-heart-monitor\/coala-heart-monitor\/#primaryimage"},"image":{"@id":"https:\/\/coalasolutions.com\/se\/produkt\/coala-heart-monitor\/coala-heart-monitor\/#primaryimage"},"thumbnailUrl":"https:\/\/coalasolutions.com\/se\/wp-content\/uploads\/sites\/2\/2022\/04\/heart-monitor-basic.jpg","datePublished":"2022-04-28T17:19:00+00:00","dateModified":"2025-05-15T10:15:32+00:00","breadcrumb":{"@id":"https:\/\/coalasolutions.com\/se\/produkt\/coala-heart-monitor\/coala-heart-monitor\/#breadcrumb"},"inLanguage":"sv-SE","potentialAction":[{"@type":"ReadAction","target":["https:\/\/coalasolutions.com\/se\/produkt\/coala-heart-monitor\/coala-heart-monitor\/"]}]},{"@type":"ImageObject","inLanguage":"sv-SE","@id":"https:\/\/coalasolutions.com\/se\/produkt\/coala-heart-monitor\/coala-heart-monitor\/#primaryimage","url":"https:\/\/coalasolutions.com\/se\/wp-content\/uploads\/sites\/2\/2022\/04\/heart-monitor-basic.jpg","contentUrl":"https:\/\/coalasolutions.com\/se\/wp-content\/uploads\/sites\/2\/2022\/04\/heart-monitor-basic.jpg","width":600,"height":500,"caption":"Coala Heart Monitor Basic"},{"@type":"BreadcrumbList","@id":"https:\/\/coalasolutions.com\/se\/produkt\/coala-heart-monitor\/coala-heart-monitor\/#breadcrumb","itemListElement":[{"@type":"ListItem","position":1,"name":"Hem","item":"https:\/\/coalasolutions.com\/se\/"},{"@type":"ListItem","position":2,"name":"Webbutik","item":"https:\/\/coalasolutions.com\/se\/patient\/webbutik\/"},{"@type":"ListItem","position":3,"name":"Coala Heart Monitor"}]},{"@type":"WebSite","@id":"https:\/\/coalasolutions.com\/se\/#website","url":"https:\/\/coalasolutions.com\/se\/","name":"Coala Solution - SE","description":"Unik digital hj\u00e4rtmonitor","publisher":{"@id":"https:\/\/coalasolutions.com\/se\/#organization"},"potentialAction":[{"@type":"SearchAction","target":{"@type":"EntryPoint","urlTemplate":"https:\/\/coalasolutions.com\/se\/?s={search_term_string}"},"query-input":{"@type":"PropertyValueSpecification","valueRequired":true,"valueName":"search_term_string"}}],"inLanguage":"sv-SE"},{"@type":"Organization","@id":"https:\/\/coalasolutions.com\/se\/#organization","name":"Coala Solution - SE","url":"https:\/\/coalasolutions.com\/se\/","logo":{"@type":"ImageObject","inLanguage":"sv-SE","@id":"https:\/\/coalasolutions.com\/se\/#\/schema\/logo\/image\/","url":"https:\/\/coalasolutions.com\/se\/wp-content\/uploads\/sites\/2\/2022\/06\/coala-logo-blue.svg","contentUrl":"https:\/\/coalasolutions.com\/se\/wp-content\/uploads\/sites\/2\/2022\/06\/coala-logo-blue.svg","width":136,"height":25,"caption":"Coala Solution - SE"},"image":{"@id":"https:\/\/coalasolutions.com\/se\/#\/schema\/logo\/image\/"}}]}},"_links":{"self":[{"href":"https:\/\/coalasolutions.com\/se\/wp-json\/wp\/v2\/product\/531","targetHints":{"allow":["GET"]}}],"collection":[{"href":"https:\/\/coalasolutions.com\/se\/wp-json\/wp\/v2\/product"}],"about":[{"href":"https:\/\/coalasolutions.com\/se\/wp-json\/wp\/v2\/types\/product"}],"wp:featuredmedia":[{"embeddable":true,"href":"https:\/\/coalasolutions.com\/se\/wp-json\/wp\/v2\/media\/1937"}],"wp:attachment":[{"href":"https:\/\/coalasolutions.com\/se\/wp-json\/wp\/v2\/media?parent=531"}],"wp:term":[{"taxonomy":"product_brand","embeddable":true,"href":"https:\/\/coalasolutions.com\/se\/wp-json\/wp\/v2\/product_brand?post=531"},{"taxonomy":"product_cat","embeddable":true,"href":"https:\/\/coalasolutions.com\/se\/wp-json\/wp\/v2\/product_cat?post=531"},{"taxonomy":"product_tag","embeddable":true,"href":"https:\/\/coalasolutions.com\/se\/wp-json\/wp\/v2\/product_tag?post=531"}],"curies":[{"name":"wp","href":"https:\/\/api.w.org\/{rel}","templated":true}]}}