{"id":753,"date":"2022-05-19T11:12:27","date_gmt":"2022-05-19T09:12:27","guid":{"rendered":"https:\/\/coalasolutions.com\/se\/?page_id=753"},"modified":"2022-06-28T10:49:16","modified_gmt":"2022-06-28T08:49:16","slug":"instruktioner","status":"publish","type":"page","link":"https:\/\/coalasolutions.com\/se\/patient\/instruktioner\/","title":{"rendered":"Instruktioner"},"content":{"rendered":"<p>P\u00e5 denna sida har vi samlat n\u00e5gra enkla och korta instruktioner och vanliga fr\u00e5gor om hur man g\u00f6r en m\u00e4tning med Coala Heart Monitor.<\/p>\n<h2>De tre grundreglerna f\u00f6r dig och din Coala<\/h2>\n<p><img decoding=\"async\" class=\"alignnone wp-image-1559 size-medium\" src=\"https:\/\/coalasolutions.com\/se\/wp-content\/uploads\/sites\/2\/2022\/06\/coalaahlgrens233-300x200.jpg\" alt=\"\" width=\"300\" height=\"200\" srcset=\"https:\/\/coalasolutions.com\/se\/wp-content\/uploads\/sites\/2\/2022\/06\/coalaahlgrens233-300x200.jpg 300w, https:\/\/coalasolutions.com\/se\/wp-content\/uploads\/sites\/2\/2022\/06\/coalaahlgrens233-1024x683.jpg 1024w, https:\/\/coalasolutions.com\/se\/wp-content\/uploads\/sites\/2\/2022\/06\/coalaahlgrens233-768x512.jpg 768w, https:\/\/coalasolutions.com\/se\/wp-content\/uploads\/sites\/2\/2022\/06\/coalaahlgrens233-1536x1025.jpg 1536w, https:\/\/coalasolutions.com\/se\/wp-content\/uploads\/sites\/2\/2022\/06\/coalaahlgrens233-600x400.jpg 600w, https:\/\/coalasolutions.com\/se\/wp-content\/uploads\/sites\/2\/2022\/06\/coalaahlgrens233-400x267.jpg 400w, https:\/\/coalasolutions.com\/se\/wp-content\/uploads\/sites\/2\/2022\/06\/coalaahlgrens233.jpg 2048w\" sizes=\"(max-width: 300px) 100vw, 300px\" \/><\/p>\n<ol style=\"text-align: justify\">\n<li>Innan en m\u00e4tning g\u00f6rs sitt ned och koppla av n\u00e5gra minuter f\u00f6r b\u00e4sta resultat. Var extra nog med att h\u00e5lla Coala stabilt, vara helt stilla och prata inte under m\u00e4tningen.<\/li>\n<li>Om Coala indikerar ett avvikande v\u00e4rde s\u00e5 g\u00f6r alltid en extra m\u00e4tning igen, under lugna, avslappnade former f\u00f6r att ytterligare verifiera resultatet.<\/li>\n<li>Avvikande resultat kan uppst\u00e5 utan att n\u00e5got \u00e4r fel. Ett avvikande resultat kan uppst\u00e5 vid t ex h\u00f6g puls fr\u00e5n fysisk aktivitet eller i samband med andra faktorer. Det viktiga \u00e4r att f\u00f6lja sitt hj\u00e4rta \u00f6ver tid och det \u00e4r f\u00f6rst n\u00e4r man noterar upprepade avvikande resultat som man normalt b\u00f6r agera.<\/li>\n<\/ol>\n","protected":false},"excerpt":{"rendered":"<p>P\u00e5 denna sida har vi samlat n\u00e5gra enkla och korta instruktioner och vanliga fr\u00e5gor om hur man g\u00f6r en m\u00e4tning med Coala Heart Monitor. De tre grundreglerna f\u00f6r dig och din Coala Innan en m\u00e4tning g\u00f6rs sitt ned och koppla av n\u00e5gra minuter f\u00f6r b\u00e4sta resultat. Var extra nog med att h\u00e5lla Coala stabilt, vara [&hellip;]<\/p>\n","protected":false},"author":2,"featured_media":0,"parent":364,"menu_order":0,"comment_status":"closed","ping_status":"open","template":"page_sections.php","meta":{"_acf_changed":false,"content-type":"","_coblocks_attr":"","_coblocks_dimensions":"","_coblocks_responsive_height":"","_coblocks_accordion_ie_support":"","footnotes":""},"class_list":["post-753","page","type-page","status-publish","hentry"],"acf":[],"yoast_head":"<!-- This site is optimized with the Yoast SEO plugin v27.4 - https:\/\/yoast.com\/product\/yoast-seo-wordpress\/ -->\n<title>Instruktioner - Coala Solution - SE<\/title>\n<meta name=\"robots\" content=\"index, follow, max-snippet:-1, max-image-preview:large, max-video-preview:-1\" \/>\n<link rel=\"canonical\" href=\"https:\/\/coalasolutions.com\/se\/patient\/instruktioner\/\" \/>\n<meta property=\"og:locale\" content=\"sv_SE\" \/>\n<meta property=\"og:type\" content=\"article\" \/>\n<meta property=\"og:title\" content=\"Instruktioner - Coala Solution - SE\" \/>\n<meta property=\"og:description\" content=\"P\u00e5 denna sida har vi samlat n\u00e5gra enkla och korta instruktioner och vanliga fr\u00e5gor om hur man g\u00f6r en m\u00e4tning med Coala Heart Monitor. De tre grundreglerna f\u00f6r dig och din Coala Innan en m\u00e4tning g\u00f6rs sitt ned och koppla av n\u00e5gra minuter f\u00f6r b\u00e4sta resultat. Var extra nog med att h\u00e5lla Coala stabilt, vara [&hellip;]\" \/>\n<meta property=\"og:url\" content=\"https:\/\/coalasolutions.com\/se\/patient\/instruktioner\/\" \/>\n<meta property=\"og:site_name\" content=\"Coala Solution - SE\" \/>\n<meta property=\"article:modified_time\" content=\"2022-06-28T08:49:16+00:00\" \/>\n<meta property=\"og:image\" content=\"https:\/\/coalasolutions.com\/se\/wp-content\/uploads\/sites\/2\/2022\/06\/coalaahlgrens233-300x200.jpg\" \/>\n<meta name=\"twitter:card\" content=\"summary_large_image\" \/>\n<meta name=\"twitter:label1\" content=\"Ber\u00e4knad l\u00e4stid\" \/>\n\t<meta name=\"twitter:data1\" content=\"1 minut\" \/>\n<script type=\"application\/ld+json\" class=\"yoast-schema-graph\">{\"@context\":\"https:\\\/\\\/schema.org\",\"@graph\":[{\"@type\":\"WebPage\",\"@id\":\"https:\\\/\\\/coalasolutions.com\\\/se\\\/patient\\\/instruktioner\\\/\",\"url\":\"https:\\\/\\\/coalasolutions.com\\\/se\\\/patient\\\/instruktioner\\\/\",\"name\":\"Instruktioner - Coala Solution - SE\",\"isPartOf\":{\"@id\":\"https:\\\/\\\/coalasolutions.com\\\/se\\\/#website\"},\"primaryImageOfPage\":{\"@id\":\"https:\\\/\\\/coalasolutions.com\\\/se\\\/patient\\\/instruktioner\\\/#primaryimage\"},\"image\":{\"@id\":\"https:\\\/\\\/coalasolutions.com\\\/se\\\/patient\\\/instruktioner\\\/#primaryimage\"},\"thumbnailUrl\":\"https:\\\/\\\/coalasolutions.com\\\/se\\\/wp-content\\\/uploads\\\/sites\\\/2\\\/2022\\\/06\\\/coalaahlgrens233-300x200.jpg\",\"datePublished\":\"2022-05-19T09:12:27+00:00\",\"dateModified\":\"2022-06-28T08:49:16+00:00\",\"breadcrumb\":{\"@id\":\"https:\\\/\\\/coalasolutions.com\\\/se\\\/patient\\\/instruktioner\\\/#breadcrumb\"},\"inLanguage\":\"sv-SE\",\"potentialAction\":[{\"@type\":\"ReadAction\",\"target\":[\"https:\\\/\\\/coalasolutions.com\\\/se\\\/patient\\\/instruktioner\\\/\"]}]},{\"@type\":\"ImageObject\",\"inLanguage\":\"sv-SE\",\"@id\":\"https:\\\/\\\/coalasolutions.com\\\/se\\\/patient\\\/instruktioner\\\/#primaryimage\",\"url\":\"https:\\\/\\\/coalasolutions.com\\\/se\\\/wp-content\\\/uploads\\\/sites\\\/2\\\/2022\\\/06\\\/coalaahlgrens233.jpg\",\"contentUrl\":\"https:\\\/\\\/coalasolutions.com\\\/se\\\/wp-content\\\/uploads\\\/sites\\\/2\\\/2022\\\/06\\\/coalaahlgrens233.jpg\",\"width\":2048,\"height\":1366},{\"@type\":\"BreadcrumbList\",\"@id\":\"https:\\\/\\\/coalasolutions.com\\\/se\\\/patient\\\/instruktioner\\\/#breadcrumb\",\"itemListElement\":[{\"@type\":\"ListItem\",\"position\":1,\"name\":\"Hem\",\"item\":\"https:\\\/\\\/coalasolutions.com\\\/se\\\/\"},{\"@type\":\"ListItem\",\"position\":2,\"name\":\"Konsument\",\"item\":\"https:\\\/\\\/coalasolutions.com\\\/se\\\/patient\\\/\"},{\"@type\":\"ListItem\",\"position\":3,\"name\":\"Instruktioner\"}]},{\"@type\":\"WebSite\",\"@id\":\"https:\\\/\\\/coalasolutions.com\\\/se\\\/#website\",\"url\":\"https:\\\/\\\/coalasolutions.com\\\/se\\\/\",\"name\":\"Coala Solution - SE\",\"description\":\"Unik digital hj\u00e4rtmonitor\",\"publisher\":{\"@id\":\"https:\\\/\\\/coalasolutions.com\\\/se\\\/#organization\"},\"potentialAction\":[{\"@type\":\"SearchAction\",\"target\":{\"@type\":\"EntryPoint\",\"urlTemplate\":\"https:\\\/\\\/coalasolutions.com\\\/se\\\/?s={search_term_string}\"},\"query-input\":{\"@type\":\"PropertyValueSpecification\",\"valueRequired\":true,\"valueName\":\"search_term_string\"}}],\"inLanguage\":\"sv-SE\"},{\"@type\":\"Organization\",\"@id\":\"https:\\\/\\\/coalasolutions.com\\\/se\\\/#organization\",\"name\":\"Coala Solution - SE\",\"url\":\"https:\\\/\\\/coalasolutions.com\\\/se\\\/\",\"logo\":{\"@type\":\"ImageObject\",\"inLanguage\":\"sv-SE\",\"@id\":\"https:\\\/\\\/coalasolutions.com\\\/se\\\/#\\\/schema\\\/logo\\\/image\\\/\",\"url\":\"https:\\\/\\\/coalasolutions.com\\\/se\\\/wp-content\\\/uploads\\\/sites\\\/2\\\/2022\\\/06\\\/coala-logo-blue.svg\",\"contentUrl\":\"https:\\\/\\\/coalasolutions.com\\\/se\\\/wp-content\\\/uploads\\\/sites\\\/2\\\/2022\\\/06\\\/coala-logo-blue.svg\",\"width\":136,\"height\":25,\"caption\":\"Coala Solution - SE\"},\"image\":{\"@id\":\"https:\\\/\\\/coalasolutions.com\\\/se\\\/#\\\/schema\\\/logo\\\/image\\\/\"}}]}<\/script>\n<!-- \/ Yoast SEO plugin. -->","yoast_head_json":{"title":"Instruktioner - Coala Solution - SE","robots":{"index":"index","follow":"follow","max-snippet":"max-snippet:-1","max-image-preview":"max-image-preview:large","max-video-preview":"max-video-preview:-1"},"canonical":"https:\/\/coalasolutions.com\/se\/patient\/instruktioner\/","og_locale":"sv_SE","og_type":"article","og_title":"Instruktioner - Coala Solution - SE","og_description":"P\u00e5 denna sida har vi samlat n\u00e5gra enkla och korta instruktioner och vanliga fr\u00e5gor om hur man g\u00f6r en m\u00e4tning med Coala Heart Monitor. De tre grundreglerna f\u00f6r dig och din Coala Innan en m\u00e4tning g\u00f6rs sitt ned och koppla av n\u00e5gra minuter f\u00f6r b\u00e4sta resultat. Var extra nog med att h\u00e5lla Coala stabilt, vara [&hellip;]","og_url":"https:\/\/coalasolutions.com\/se\/patient\/instruktioner\/","og_site_name":"Coala Solution - SE","article_modified_time":"2022-06-28T08:49:16+00:00","og_image":[{"url":"https:\/\/coalasolutions.com\/se\/wp-content\/uploads\/sites\/2\/2022\/06\/coalaahlgrens233-300x200.jpg","type":"","width":"","height":""}],"twitter_card":"summary_large_image","twitter_misc":{"Ber\u00e4knad l\u00e4stid":"1 minut"},"schema":{"@context":"https:\/\/schema.org","@graph":[{"@type":"WebPage","@id":"https:\/\/coalasolutions.com\/se\/patient\/instruktioner\/","url":"https:\/\/coalasolutions.com\/se\/patient\/instruktioner\/","name":"Instruktioner - Coala Solution - SE","isPartOf":{"@id":"https:\/\/coalasolutions.com\/se\/#website"},"primaryImageOfPage":{"@id":"https:\/\/coalasolutions.com\/se\/patient\/instruktioner\/#primaryimage"},"image":{"@id":"https:\/\/coalasolutions.com\/se\/patient\/instruktioner\/#primaryimage"},"thumbnailUrl":"https:\/\/coalasolutions.com\/se\/wp-content\/uploads\/sites\/2\/2022\/06\/coalaahlgrens233-300x200.jpg","datePublished":"2022-05-19T09:12:27+00:00","dateModified":"2022-06-28T08:49:16+00:00","breadcrumb":{"@id":"https:\/\/coalasolutions.com\/se\/patient\/instruktioner\/#breadcrumb"},"inLanguage":"sv-SE","potentialAction":[{"@type":"ReadAction","target":["https:\/\/coalasolutions.com\/se\/patient\/instruktioner\/"]}]},{"@type":"ImageObject","inLanguage":"sv-SE","@id":"https:\/\/coalasolutions.com\/se\/patient\/instruktioner\/#primaryimage","url":"https:\/\/coalasolutions.com\/se\/wp-content\/uploads\/sites\/2\/2022\/06\/coalaahlgrens233.jpg","contentUrl":"https:\/\/coalasolutions.com\/se\/wp-content\/uploads\/sites\/2\/2022\/06\/coalaahlgrens233.jpg","width":2048,"height":1366},{"@type":"BreadcrumbList","@id":"https:\/\/coalasolutions.com\/se\/patient\/instruktioner\/#breadcrumb","itemListElement":[{"@type":"ListItem","position":1,"name":"Hem","item":"https:\/\/coalasolutions.com\/se\/"},{"@type":"ListItem","position":2,"name":"Konsument","item":"https:\/\/coalasolutions.com\/se\/patient\/"},{"@type":"ListItem","position":3,"name":"Instruktioner"}]},{"@type":"WebSite","@id":"https:\/\/coalasolutions.com\/se\/#website","url":"https:\/\/coalasolutions.com\/se\/","name":"Coala Solution - SE","description":"Unik digital hj\u00e4rtmonitor","publisher":{"@id":"https:\/\/coalasolutions.com\/se\/#organization"},"potentialAction":[{"@type":"SearchAction","target":{"@type":"EntryPoint","urlTemplate":"https:\/\/coalasolutions.com\/se\/?s={search_term_string}"},"query-input":{"@type":"PropertyValueSpecification","valueRequired":true,"valueName":"search_term_string"}}],"inLanguage":"sv-SE"},{"@type":"Organization","@id":"https:\/\/coalasolutions.com\/se\/#organization","name":"Coala Solution - SE","url":"https:\/\/coalasolutions.com\/se\/","logo":{"@type":"ImageObject","inLanguage":"sv-SE","@id":"https:\/\/coalasolutions.com\/se\/#\/schema\/logo\/image\/","url":"https:\/\/coalasolutions.com\/se\/wp-content\/uploads\/sites\/2\/2022\/06\/coala-logo-blue.svg","contentUrl":"https:\/\/coalasolutions.com\/se\/wp-content\/uploads\/sites\/2\/2022\/06\/coala-logo-blue.svg","width":136,"height":25,"caption":"Coala Solution - SE"},"image":{"@id":"https:\/\/coalasolutions.com\/se\/#\/schema\/logo\/image\/"}}]}},"_links":{"self":[{"href":"https:\/\/coalasolutions.com\/se\/wp-json\/wp\/v2\/pages\/753","targetHints":{"allow":["GET"]}}],"collection":[{"href":"https:\/\/coalasolutions.com\/se\/wp-json\/wp\/v2\/pages"}],"about":[{"href":"https:\/\/coalasolutions.com\/se\/wp-json\/wp\/v2\/types\/page"}],"author":[{"embeddable":true,"href":"https:\/\/coalasolutions.com\/se\/wp-json\/wp\/v2\/users\/2"}],"replies":[{"embeddable":true,"href":"https:\/\/coalasolutions.com\/se\/wp-json\/wp\/v2\/comments?post=753"}],"version-history":[{"count":19,"href":"https:\/\/coalasolutions.com\/se\/wp-json\/wp\/v2\/pages\/753\/revisions"}],"predecessor-version":[{"id":962,"href":"https:\/\/coalasolutions.com\/se\/wp-json\/wp\/v2\/pages\/753\/revisions\/962"}],"up":[{"embeddable":true,"href":"https:\/\/coalasolutions.com\/se\/wp-json\/wp\/v2\/pages\/364"}],"wp:attachment":[{"href":"https:\/\/coalasolutions.com\/se\/wp-json\/wp\/v2\/media?parent=753"}],"curies":[{"name":"wp","href":"https:\/\/api.w.org\/{rel}","templated":true}]}}