{"id":701,"date":"2022-05-02T14:13:44","date_gmt":"2022-05-02T12:13:44","guid":{"rendered":"https:\/\/coalasolutions.com\/se\/?page_id=701"},"modified":"2024-06-12T22:28:25","modified_gmt":"2024-06-12T20:28:25","slug":"cat-11","status":"publish","type":"page","link":"https:\/\/coalasolutions.com\/se\/kategorier\/cat-11\/","title":{"rendered":"Kat. 11 &#8211; Coala indikerar tecken p\u00e5 \u00e5terkommande extraslag"},"content":{"rendered":"<p>Coala indikerar fler \u00e4n 5 extraslag fr\u00e5n hj\u00e4rtats kammare, VES (&gt;130 msek).<\/p>\n<p>Coala systemet \u00e4r utvecklat f\u00f6r att kunna indikera f\u00f6r\u00e4ndringar i hj\u00e4rtats rytm. Enstaka ventrikul\u00e4ra extraslag (VES, hj\u00e4rtslag utl\u00f6sta fr\u00e5n hj\u00e4rtats kamrar) \u00e4r vanligt f\u00f6rekommande. De flesta k\u00e4nner inte av sina extraslag och st\u00f6rs inte av dem.<\/p>\n<p>Rikligt med VES \u00e4r ofta en f\u00f6ljd av annan bakomliggande hj\u00e4rtsjukdom. Det \u00e4r d\u00e4rf\u00f6r viktigt att en noggrann utredning genomf\u00f6rs av det elektriska aktiveringssystemet, hj\u00e4rtmuskelfunktionen, hj\u00e4rtklaffarna och kransk\u00e4rlen.<\/p>\n<p>VES uppst\u00e5r d\u00e5 celler i n\u00e5gon av hj\u00e4rtkamrarna har byggt upp en impuls och aktiveras snabbare \u00e4n de celler som normalt ger hj\u00e4rtat dess impulser. Impulsen sprider sig p\u00e5 mindre funktionellt s\u00e4tt i kamrarna, s\u00e5 att hj\u00e4rtat producerar ett l\u00e4gre blodfl\u00f6de. Det l\u00e4gre blodfl\u00f6det kompenseras i n\u00e4stkommande normala slag genom ett h\u00f6gre blodfl\u00f6de, vilket kan k\u00e4nnas i halsgropen eller som ett dunk i br\u00f6stkorgen.<\/p>\n<p>Vid m\u00e5nga VES p\u00e5verkas blodfl\u00f6det s\u00e5 att allm\u00e4nsymtom (andn\u00f6d; illam\u00e5ende; yrsel,; svimning; kallsvett) kan uppst\u00e5. Oftast finns bakomliggande orsak att finna i kransk\u00e4rlssjukdom eller allvarliga klaffel, varf\u00f6r en komplett utredning \u00e4r viktig.<\/p>\n<p><strong>Vid n\u00e4sta kontakt med sjukv\u00e5rden\/husl\u00e4kare ber\u00e4tta om dina VES. Kommer extraslagen oftare \u00f6ver tid, ta kontakt med sjukv\u00e5rdsupplysningen.<\/strong><\/p>\n<p><em>Resultaten som visas i Coala App \u00e4r endast avsedda att anv\u00e4ndas som en indikator av ditt h\u00e4lsotillst\u00e5nd och informationen ska endast ses som upplysande. Coala Solutions friskriver sig s\u00e5ledes uttryckligen fr\u00e5n allt ansvar f\u00f6r fel och skador, och l\u00e4mnar inga garantier (varken uttryckliga eller underf\u00f6rst\u00e5dda) betr\u00e4ffande h\u00e4lsoinformationen. Vid minsta tvekan om ditt h\u00e4lsotillst\u00e5nd rekommenderar Coala Solutions att du alltid kontaktar v\u00e5rdgivare, din l\u00e4kare eller 112 vid n\u00f6dfall<\/em><\/p>\n<p>&nbsp;<\/p>\n<p>&nbsp;<\/p>\n","protected":false},"excerpt":{"rendered":"<p>Coala indikerar fler \u00e4n 5 extraslag fr\u00e5n hj\u00e4rtats kammare, VES (&gt;130 msek). Coala systemet \u00e4r utvecklat f\u00f6r att kunna indikera f\u00f6r\u00e4ndringar i hj\u00e4rtats rytm. Enstaka ventrikul\u00e4ra extraslag (VES, hj\u00e4rtslag utl\u00f6sta fr\u00e5n hj\u00e4rtats kamrar) \u00e4r vanligt f\u00f6rekommande. De flesta k\u00e4nner inte av sina extraslag och st\u00f6rs inte av dem. Rikligt med VES \u00e4r ofta en f\u00f6ljd [&hellip;]<\/p>\n","protected":false},"author":15,"featured_media":0,"parent":596,"menu_order":0,"comment_status":"closed","ping_status":"closed","template":"","meta":{"_acf_changed":false,"content-type":"","_coblocks_attr":"","_coblocks_dimensions":"","_coblocks_responsive_height":"","_coblocks_accordion_ie_support":"","footnotes":""},"class_list":["post-701","page","type-page","status-publish","hentry"],"acf":[],"yoast_head":"<!-- This site is optimized with the Yoast SEO plugin v27.1.1 - https:\/\/yoast.com\/product\/yoast-seo-wordpress\/ -->\n<title>Kat. 11 - Coala indikerar tecken p\u00e5 \u00e5terkommande extraslag - Coala Solution - SE<\/title>\n<meta name=\"robots\" content=\"index, follow, max-snippet:-1, max-image-preview:large, max-video-preview:-1\" \/>\n<link rel=\"canonical\" href=\"https:\/\/coalasolutions.com\/se\/kategorier\/cat-11\/\" \/>\n<meta property=\"og:locale\" content=\"sv_SE\" \/>\n<meta property=\"og:type\" content=\"article\" \/>\n<meta property=\"og:title\" content=\"Kat. 11 - Coala indikerar tecken p\u00e5 \u00e5terkommande extraslag - Coala Solution - SE\" \/>\n<meta property=\"og:description\" content=\"Coala indikerar fler \u00e4n 5 extraslag fr\u00e5n hj\u00e4rtats kammare, VES (&gt;130 msek). Coala systemet \u00e4r utvecklat f\u00f6r att kunna indikera f\u00f6r\u00e4ndringar i hj\u00e4rtats rytm. Enstaka ventrikul\u00e4ra extraslag (VES, hj\u00e4rtslag utl\u00f6sta fr\u00e5n hj\u00e4rtats kamrar) \u00e4r vanligt f\u00f6rekommande. De flesta k\u00e4nner inte av sina extraslag och st\u00f6rs inte av dem. Rikligt med VES \u00e4r ofta en f\u00f6ljd [&hellip;]\" \/>\n<meta property=\"og:url\" content=\"https:\/\/coalasolutions.com\/se\/kategorier\/cat-11\/\" \/>\n<meta property=\"og:site_name\" content=\"Coala Solution - SE\" \/>\n<meta property=\"article:modified_time\" content=\"2024-06-12T20:28:25+00:00\" \/>\n<meta name=\"twitter:card\" content=\"summary_large_image\" \/>\n<meta name=\"twitter:label1\" content=\"Ber\u00e4knad l\u00e4stid\" \/>\n\t<meta name=\"twitter:data1\" content=\"2 minuter\" \/>\n<script type=\"application\/ld+json\" class=\"yoast-schema-graph\">{\"@context\":\"https:\/\/schema.org\",\"@graph\":[{\"@type\":\"WebPage\",\"@id\":\"https:\/\/coalasolutions.com\/se\/kategorier\/cat-11\/\",\"url\":\"https:\/\/coalasolutions.com\/se\/kategorier\/cat-11\/\",\"name\":\"Kat. 11 - Coala indikerar tecken p\u00e5 \u00e5terkommande extraslag - Coala Solution - SE\",\"isPartOf\":{\"@id\":\"https:\/\/coalasolutions.com\/se\/#website\"},\"datePublished\":\"2022-05-02T12:13:44+00:00\",\"dateModified\":\"2024-06-12T20:28:25+00:00\",\"breadcrumb\":{\"@id\":\"https:\/\/coalasolutions.com\/se\/kategorier\/cat-11\/#breadcrumb\"},\"inLanguage\":\"sv-SE\",\"potentialAction\":[{\"@type\":\"ReadAction\",\"target\":[\"https:\/\/coalasolutions.com\/se\/kategorier\/cat-11\/\"]}]},{\"@type\":\"BreadcrumbList\",\"@id\":\"https:\/\/coalasolutions.com\/se\/kategorier\/cat-11\/#breadcrumb\",\"itemListElement\":[{\"@type\":\"ListItem\",\"position\":1,\"name\":\"Hem\",\"item\":\"https:\/\/coalasolutions.com\/se\/\"},{\"@type\":\"ListItem\",\"position\":2,\"name\":\"Analyskategorier Coala\",\"item\":\"https:\/\/coalasolutions.com\/se\/kategorier\/\"},{\"@type\":\"ListItem\",\"position\":3,\"name\":\"Kat. 11 &#8211; Coala indikerar tecken p\u00e5 \u00e5terkommande extraslag\"}]},{\"@type\":\"WebSite\",\"@id\":\"https:\/\/coalasolutions.com\/se\/#website\",\"url\":\"https:\/\/coalasolutions.com\/se\/\",\"name\":\"Coala Solution - SE\",\"description\":\"Unik digital hj\u00e4rtmonitor\",\"publisher\":{\"@id\":\"https:\/\/coalasolutions.com\/se\/#organization\"},\"potentialAction\":[{\"@type\":\"SearchAction\",\"target\":{\"@type\":\"EntryPoint\",\"urlTemplate\":\"https:\/\/coalasolutions.com\/se\/?s={search_term_string}\"},\"query-input\":{\"@type\":\"PropertyValueSpecification\",\"valueRequired\":true,\"valueName\":\"search_term_string\"}}],\"inLanguage\":\"sv-SE\"},{\"@type\":\"Organization\",\"@id\":\"https:\/\/coalasolutions.com\/se\/#organization\",\"name\":\"Coala Solution - SE\",\"url\":\"https:\/\/coalasolutions.com\/se\/\",\"logo\":{\"@type\":\"ImageObject\",\"inLanguage\":\"sv-SE\",\"@id\":\"https:\/\/coalasolutions.com\/se\/#\/schema\/logo\/image\/\",\"url\":\"https:\/\/coalasolutions.com\/se\/wp-content\/uploads\/sites\/2\/2022\/06\/coala-logo-blue.svg\",\"contentUrl\":\"https:\/\/coalasolutions.com\/se\/wp-content\/uploads\/sites\/2\/2022\/06\/coala-logo-blue.svg\",\"width\":136,\"height\":25,\"caption\":\"Coala Solution - SE\"},\"image\":{\"@id\":\"https:\/\/coalasolutions.com\/se\/#\/schema\/logo\/image\/\"}}]}<\/script>\n<!-- \/ Yoast SEO plugin. -->","yoast_head_json":{"title":"Kat. 11 - Coala indikerar tecken p\u00e5 \u00e5terkommande extraslag - Coala Solution - SE","robots":{"index":"index","follow":"follow","max-snippet":"max-snippet:-1","max-image-preview":"max-image-preview:large","max-video-preview":"max-video-preview:-1"},"canonical":"https:\/\/coalasolutions.com\/se\/kategorier\/cat-11\/","og_locale":"sv_SE","og_type":"article","og_title":"Kat. 11 - Coala indikerar tecken p\u00e5 \u00e5terkommande extraslag - Coala Solution - SE","og_description":"Coala indikerar fler \u00e4n 5 extraslag fr\u00e5n hj\u00e4rtats kammare, VES (&gt;130 msek). Coala systemet \u00e4r utvecklat f\u00f6r att kunna indikera f\u00f6r\u00e4ndringar i hj\u00e4rtats rytm. Enstaka ventrikul\u00e4ra extraslag (VES, hj\u00e4rtslag utl\u00f6sta fr\u00e5n hj\u00e4rtats kamrar) \u00e4r vanligt f\u00f6rekommande. De flesta k\u00e4nner inte av sina extraslag och st\u00f6rs inte av dem. Rikligt med VES \u00e4r ofta en f\u00f6ljd [&hellip;]","og_url":"https:\/\/coalasolutions.com\/se\/kategorier\/cat-11\/","og_site_name":"Coala Solution - SE","article_modified_time":"2024-06-12T20:28:25+00:00","twitter_card":"summary_large_image","twitter_misc":{"Ber\u00e4knad l\u00e4stid":"2 minuter"},"schema":{"@context":"https:\/\/schema.org","@graph":[{"@type":"WebPage","@id":"https:\/\/coalasolutions.com\/se\/kategorier\/cat-11\/","url":"https:\/\/coalasolutions.com\/se\/kategorier\/cat-11\/","name":"Kat. 11 - Coala indikerar tecken p\u00e5 \u00e5terkommande extraslag - Coala Solution - SE","isPartOf":{"@id":"https:\/\/coalasolutions.com\/se\/#website"},"datePublished":"2022-05-02T12:13:44+00:00","dateModified":"2024-06-12T20:28:25+00:00","breadcrumb":{"@id":"https:\/\/coalasolutions.com\/se\/kategorier\/cat-11\/#breadcrumb"},"inLanguage":"sv-SE","potentialAction":[{"@type":"ReadAction","target":["https:\/\/coalasolutions.com\/se\/kategorier\/cat-11\/"]}]},{"@type":"BreadcrumbList","@id":"https:\/\/coalasolutions.com\/se\/kategorier\/cat-11\/#breadcrumb","itemListElement":[{"@type":"ListItem","position":1,"name":"Hem","item":"https:\/\/coalasolutions.com\/se\/"},{"@type":"ListItem","position":2,"name":"Analyskategorier Coala","item":"https:\/\/coalasolutions.com\/se\/kategorier\/"},{"@type":"ListItem","position":3,"name":"Kat. 11 &#8211; Coala indikerar tecken p\u00e5 \u00e5terkommande extraslag"}]},{"@type":"WebSite","@id":"https:\/\/coalasolutions.com\/se\/#website","url":"https:\/\/coalasolutions.com\/se\/","name":"Coala Solution - SE","description":"Unik digital hj\u00e4rtmonitor","publisher":{"@id":"https:\/\/coalasolutions.com\/se\/#organization"},"potentialAction":[{"@type":"SearchAction","target":{"@type":"EntryPoint","urlTemplate":"https:\/\/coalasolutions.com\/se\/?s={search_term_string}"},"query-input":{"@type":"PropertyValueSpecification","valueRequired":true,"valueName":"search_term_string"}}],"inLanguage":"sv-SE"},{"@type":"Organization","@id":"https:\/\/coalasolutions.com\/se\/#organization","name":"Coala Solution - SE","url":"https:\/\/coalasolutions.com\/se\/","logo":{"@type":"ImageObject","inLanguage":"sv-SE","@id":"https:\/\/coalasolutions.com\/se\/#\/schema\/logo\/image\/","url":"https:\/\/coalasolutions.com\/se\/wp-content\/uploads\/sites\/2\/2022\/06\/coala-logo-blue.svg","contentUrl":"https:\/\/coalasolutions.com\/se\/wp-content\/uploads\/sites\/2\/2022\/06\/coala-logo-blue.svg","width":136,"height":25,"caption":"Coala Solution - SE"},"image":{"@id":"https:\/\/coalasolutions.com\/se\/#\/schema\/logo\/image\/"}}]}},"_links":{"self":[{"href":"https:\/\/coalasolutions.com\/se\/wp-json\/wp\/v2\/pages\/701","targetHints":{"allow":["GET"]}}],"collection":[{"href":"https:\/\/coalasolutions.com\/se\/wp-json\/wp\/v2\/pages"}],"about":[{"href":"https:\/\/coalasolutions.com\/se\/wp-json\/wp\/v2\/types\/page"}],"author":[{"embeddable":true,"href":"https:\/\/coalasolutions.com\/se\/wp-json\/wp\/v2\/users\/15"}],"replies":[{"embeddable":true,"href":"https:\/\/coalasolutions.com\/se\/wp-json\/wp\/v2\/comments?post=701"}],"version-history":[{"count":6,"href":"https:\/\/coalasolutions.com\/se\/wp-json\/wp\/v2\/pages\/701\/revisions"}],"predecessor-version":[{"id":4716,"href":"https:\/\/coalasolutions.com\/se\/wp-json\/wp\/v2\/pages\/701\/revisions\/4716"}],"up":[{"embeddable":true,"href":"https:\/\/coalasolutions.com\/se\/wp-json\/wp\/v2\/pages\/596"}],"wp:attachment":[{"href":"https:\/\/coalasolutions.com\/se\/wp-json\/wp\/v2\/media?parent=701"}],"curies":[{"name":"wp","href":"https:\/\/api.w.org\/{rel}","templated":true}]}}