{"id":698,"date":"2022-05-02T14:12:45","date_gmt":"2022-05-02T12:12:45","guid":{"rendered":"https:\/\/coalasolutions.com\/se\/?page_id=698"},"modified":"2024-06-12T22:28:02","modified_gmt":"2024-06-12T20:28:02","slug":"cat-10","status":"publish","type":"page","link":"https:\/\/coalasolutions.com\/se\/kategorier\/cat-10\/","title":{"rendered":"Kat. 10 &#8211; Coala indikerar tecken p\u00e5 \u00e5terkommande extraslag"},"content":{"rendered":"<p>Coala indikerar fler \u00e4n 5 SVES\/registrering.<\/p>\n<p>Coala systemet \u00e4r utvecklat f\u00f6r att kunna indikera f\u00f6r\u00e4ndringar i hj\u00e4rtats rytm. Med supraventrikul\u00e4ra menas att de \u00e4r utl\u00f6sta fr\u00e5n ett omr\u00e5de i hj\u00e4rtat vid sidan de ordinarie impulsgivande cellerna. De flesta k\u00e4nner inte av sina SVES. Vissa kan k\u00e4nna extraslagen som att hj\u00e4rtat hoppar till. Enstaka SVES ger endast marginell p\u00e5verkan p\u00e5 cirkulationen och \u00e4r ofarliga.<\/p>\n<p>SVES uppst\u00e5r d\u00e5 andra celler i hj\u00e4rtat aktiveras snabbare \u00e4n den ordinarie impulsgivarcellerna. Detta kan ske en enstaka g\u00e5ng eller kortare eller l\u00e4ngre serier. F\u00f6rmakens sammandragning p\u00e5verkas negativt och blir ineffektivare, men d\u00e5 merparten av hj\u00e4rtats pump-effekt skapas i kamrarna p\u00e5verkas inte det totala hj\u00e4rtarbetet mycket.<\/p>\n<p>De flesta m\u00e4nniskor har supraventrikul\u00e4ra extraslag (SVES). Orsaken till tillf\u00e4lliga SVES kan vara stress, nedsatt s\u00f6mn, alkohol (oftast flera timmar efter alkoholintaget). SVES kan ocks\u00e5 vara tecken p\u00e5 en belastning av hj\u00e4rtat orsakat av klaffel (ex. l\u00e4ckage eller f\u00f6rtr\u00e4ngning). Genomg\u00e5ngna infektioner med hj\u00e4rtp\u00e5verkan kan ocks\u00e5 g\u00f6ra att extraslag\/SVES \u00e5terkommer vid upprepade infektioner.<\/p>\n<p><strong>Vid n\u00e4sta kontakt med sjukv\u00e5rden\/husl\u00e4kare ber\u00e4tta om dina SVES. Kommer extraslagen oftare \u00f6ver tid, ta kontakt med sjukv\u00e5rdsupplysningen.<\/strong><\/p>\n<p>&nbsp;<\/p>\n<p><em>Resultaten som visas i Coala App \u00e4r endast avsedda att anv\u00e4ndas som en indikator av ditt h\u00e4lsotillst\u00e5nd och informationen ska endast ses som upplysande. Coala Solutions friskriver sig s\u00e5ledes uttryckligen fr\u00e5n allt ansvar f\u00f6r fel och skador, och l\u00e4mnar inga garantier (varken uttryckliga eller underf\u00f6rst\u00e5dda) betr\u00e4ffande h\u00e4lsoinformationen. Vid minsta tvekan om ditt h\u00e4lsotillst\u00e5nd rekommenderar Coala Solutions att du alltid kontaktar v\u00e5rdgivare, din l\u00e4kare eller 112 vid n\u00f6dfall<\/em><\/p>\n<p>&nbsp;<\/p>\n<p>&nbsp;<\/p>\n","protected":false},"excerpt":{"rendered":"<p>Coala indikerar fler \u00e4n 5 SVES\/registrering. Coala systemet \u00e4r utvecklat f\u00f6r att kunna indikera f\u00f6r\u00e4ndringar i hj\u00e4rtats rytm. Med supraventrikul\u00e4ra menas att de \u00e4r utl\u00f6sta fr\u00e5n ett omr\u00e5de i hj\u00e4rtat vid sidan de ordinarie impulsgivande cellerna. De flesta k\u00e4nner inte av sina SVES. Vissa kan k\u00e4nna extraslagen som att hj\u00e4rtat hoppar till. Enstaka SVES ger [&hellip;]<\/p>\n","protected":false},"author":15,"featured_media":0,"parent":596,"menu_order":0,"comment_status":"closed","ping_status":"closed","template":"","meta":{"_acf_changed":false,"content-type":"","_coblocks_attr":"","_coblocks_dimensions":"","_coblocks_responsive_height":"","_coblocks_accordion_ie_support":"","footnotes":""},"class_list":["post-698","page","type-page","status-publish","hentry"],"acf":[],"yoast_head":"<!-- This site is optimized with the Yoast SEO plugin v27.1.1 - https:\/\/yoast.com\/product\/yoast-seo-wordpress\/ -->\n<title>Kat. 10 - Coala indikerar tecken p\u00e5 \u00e5terkommande extraslag - Coala Solution - SE<\/title>\n<meta name=\"robots\" content=\"index, follow, max-snippet:-1, max-image-preview:large, max-video-preview:-1\" \/>\n<link rel=\"canonical\" href=\"https:\/\/coalasolutions.com\/se\/kategorier\/cat-10\/\" \/>\n<meta property=\"og:locale\" content=\"sv_SE\" \/>\n<meta property=\"og:type\" content=\"article\" \/>\n<meta property=\"og:title\" content=\"Kat. 10 - Coala indikerar tecken p\u00e5 \u00e5terkommande extraslag - Coala Solution - SE\" \/>\n<meta property=\"og:description\" content=\"Coala indikerar fler \u00e4n 5 SVES\/registrering. Coala systemet \u00e4r utvecklat f\u00f6r att kunna indikera f\u00f6r\u00e4ndringar i hj\u00e4rtats rytm. Med supraventrikul\u00e4ra menas att de \u00e4r utl\u00f6sta fr\u00e5n ett omr\u00e5de i hj\u00e4rtat vid sidan de ordinarie impulsgivande cellerna. De flesta k\u00e4nner inte av sina SVES. Vissa kan k\u00e4nna extraslagen som att hj\u00e4rtat hoppar till. Enstaka SVES ger [&hellip;]\" \/>\n<meta property=\"og:url\" content=\"https:\/\/coalasolutions.com\/se\/kategorier\/cat-10\/\" \/>\n<meta property=\"og:site_name\" content=\"Coala Solution - SE\" \/>\n<meta property=\"article:modified_time\" content=\"2024-06-12T20:28:02+00:00\" \/>\n<meta name=\"twitter:card\" content=\"summary_large_image\" \/>\n<meta name=\"twitter:label1\" content=\"Ber\u00e4knad l\u00e4stid\" \/>\n\t<meta name=\"twitter:data1\" content=\"2 minuter\" \/>\n<script type=\"application\/ld+json\" class=\"yoast-schema-graph\">{\"@context\":\"https:\/\/schema.org\",\"@graph\":[{\"@type\":\"WebPage\",\"@id\":\"https:\/\/coalasolutions.com\/se\/kategorier\/cat-10\/\",\"url\":\"https:\/\/coalasolutions.com\/se\/kategorier\/cat-10\/\",\"name\":\"Kat. 10 - Coala indikerar tecken p\u00e5 \u00e5terkommande extraslag - Coala Solution - SE\",\"isPartOf\":{\"@id\":\"https:\/\/coalasolutions.com\/se\/#website\"},\"datePublished\":\"2022-05-02T12:12:45+00:00\",\"dateModified\":\"2024-06-12T20:28:02+00:00\",\"breadcrumb\":{\"@id\":\"https:\/\/coalasolutions.com\/se\/kategorier\/cat-10\/#breadcrumb\"},\"inLanguage\":\"sv-SE\",\"potentialAction\":[{\"@type\":\"ReadAction\",\"target\":[\"https:\/\/coalasolutions.com\/se\/kategorier\/cat-10\/\"]}]},{\"@type\":\"BreadcrumbList\",\"@id\":\"https:\/\/coalasolutions.com\/se\/kategorier\/cat-10\/#breadcrumb\",\"itemListElement\":[{\"@type\":\"ListItem\",\"position\":1,\"name\":\"Hem\",\"item\":\"https:\/\/coalasolutions.com\/se\/\"},{\"@type\":\"ListItem\",\"position\":2,\"name\":\"Analyskategorier Coala\",\"item\":\"https:\/\/coalasolutions.com\/se\/kategorier\/\"},{\"@type\":\"ListItem\",\"position\":3,\"name\":\"Kat. 10 &#8211; Coala indikerar tecken p\u00e5 \u00e5terkommande extraslag\"}]},{\"@type\":\"WebSite\",\"@id\":\"https:\/\/coalasolutions.com\/se\/#website\",\"url\":\"https:\/\/coalasolutions.com\/se\/\",\"name\":\"Coala Solution - SE\",\"description\":\"Unik digital hj\u00e4rtmonitor\",\"publisher\":{\"@id\":\"https:\/\/coalasolutions.com\/se\/#organization\"},\"potentialAction\":[{\"@type\":\"SearchAction\",\"target\":{\"@type\":\"EntryPoint\",\"urlTemplate\":\"https:\/\/coalasolutions.com\/se\/?s={search_term_string}\"},\"query-input\":{\"@type\":\"PropertyValueSpecification\",\"valueRequired\":true,\"valueName\":\"search_term_string\"}}],\"inLanguage\":\"sv-SE\"},{\"@type\":\"Organization\",\"@id\":\"https:\/\/coalasolutions.com\/se\/#organization\",\"name\":\"Coala Solution - SE\",\"url\":\"https:\/\/coalasolutions.com\/se\/\",\"logo\":{\"@type\":\"ImageObject\",\"inLanguage\":\"sv-SE\",\"@id\":\"https:\/\/coalasolutions.com\/se\/#\/schema\/logo\/image\/\",\"url\":\"https:\/\/coalasolutions.com\/se\/wp-content\/uploads\/sites\/2\/2022\/06\/coala-logo-blue.svg\",\"contentUrl\":\"https:\/\/coalasolutions.com\/se\/wp-content\/uploads\/sites\/2\/2022\/06\/coala-logo-blue.svg\",\"width\":136,\"height\":25,\"caption\":\"Coala Solution - SE\"},\"image\":{\"@id\":\"https:\/\/coalasolutions.com\/se\/#\/schema\/logo\/image\/\"}}]}<\/script>\n<!-- \/ Yoast SEO plugin. -->","yoast_head_json":{"title":"Kat. 10 - Coala indikerar tecken p\u00e5 \u00e5terkommande extraslag - Coala Solution - SE","robots":{"index":"index","follow":"follow","max-snippet":"max-snippet:-1","max-image-preview":"max-image-preview:large","max-video-preview":"max-video-preview:-1"},"canonical":"https:\/\/coalasolutions.com\/se\/kategorier\/cat-10\/","og_locale":"sv_SE","og_type":"article","og_title":"Kat. 10 - Coala indikerar tecken p\u00e5 \u00e5terkommande extraslag - Coala Solution - SE","og_description":"Coala indikerar fler \u00e4n 5 SVES\/registrering. Coala systemet \u00e4r utvecklat f\u00f6r att kunna indikera f\u00f6r\u00e4ndringar i hj\u00e4rtats rytm. Med supraventrikul\u00e4ra menas att de \u00e4r utl\u00f6sta fr\u00e5n ett omr\u00e5de i hj\u00e4rtat vid sidan de ordinarie impulsgivande cellerna. De flesta k\u00e4nner inte av sina SVES. Vissa kan k\u00e4nna extraslagen som att hj\u00e4rtat hoppar till. Enstaka SVES ger [&hellip;]","og_url":"https:\/\/coalasolutions.com\/se\/kategorier\/cat-10\/","og_site_name":"Coala Solution - SE","article_modified_time":"2024-06-12T20:28:02+00:00","twitter_card":"summary_large_image","twitter_misc":{"Ber\u00e4knad l\u00e4stid":"2 minuter"},"schema":{"@context":"https:\/\/schema.org","@graph":[{"@type":"WebPage","@id":"https:\/\/coalasolutions.com\/se\/kategorier\/cat-10\/","url":"https:\/\/coalasolutions.com\/se\/kategorier\/cat-10\/","name":"Kat. 10 - Coala indikerar tecken p\u00e5 \u00e5terkommande extraslag - Coala Solution - SE","isPartOf":{"@id":"https:\/\/coalasolutions.com\/se\/#website"},"datePublished":"2022-05-02T12:12:45+00:00","dateModified":"2024-06-12T20:28:02+00:00","breadcrumb":{"@id":"https:\/\/coalasolutions.com\/se\/kategorier\/cat-10\/#breadcrumb"},"inLanguage":"sv-SE","potentialAction":[{"@type":"ReadAction","target":["https:\/\/coalasolutions.com\/se\/kategorier\/cat-10\/"]}]},{"@type":"BreadcrumbList","@id":"https:\/\/coalasolutions.com\/se\/kategorier\/cat-10\/#breadcrumb","itemListElement":[{"@type":"ListItem","position":1,"name":"Hem","item":"https:\/\/coalasolutions.com\/se\/"},{"@type":"ListItem","position":2,"name":"Analyskategorier Coala","item":"https:\/\/coalasolutions.com\/se\/kategorier\/"},{"@type":"ListItem","position":3,"name":"Kat. 10 &#8211; Coala indikerar tecken p\u00e5 \u00e5terkommande extraslag"}]},{"@type":"WebSite","@id":"https:\/\/coalasolutions.com\/se\/#website","url":"https:\/\/coalasolutions.com\/se\/","name":"Coala Solution - SE","description":"Unik digital hj\u00e4rtmonitor","publisher":{"@id":"https:\/\/coalasolutions.com\/se\/#organization"},"potentialAction":[{"@type":"SearchAction","target":{"@type":"EntryPoint","urlTemplate":"https:\/\/coalasolutions.com\/se\/?s={search_term_string}"},"query-input":{"@type":"PropertyValueSpecification","valueRequired":true,"valueName":"search_term_string"}}],"inLanguage":"sv-SE"},{"@type":"Organization","@id":"https:\/\/coalasolutions.com\/se\/#organization","name":"Coala Solution - SE","url":"https:\/\/coalasolutions.com\/se\/","logo":{"@type":"ImageObject","inLanguage":"sv-SE","@id":"https:\/\/coalasolutions.com\/se\/#\/schema\/logo\/image\/","url":"https:\/\/coalasolutions.com\/se\/wp-content\/uploads\/sites\/2\/2022\/06\/coala-logo-blue.svg","contentUrl":"https:\/\/coalasolutions.com\/se\/wp-content\/uploads\/sites\/2\/2022\/06\/coala-logo-blue.svg","width":136,"height":25,"caption":"Coala Solution - SE"},"image":{"@id":"https:\/\/coalasolutions.com\/se\/#\/schema\/logo\/image\/"}}]}},"_links":{"self":[{"href":"https:\/\/coalasolutions.com\/se\/wp-json\/wp\/v2\/pages\/698","targetHints":{"allow":["GET"]}}],"collection":[{"href":"https:\/\/coalasolutions.com\/se\/wp-json\/wp\/v2\/pages"}],"about":[{"href":"https:\/\/coalasolutions.com\/se\/wp-json\/wp\/v2\/types\/page"}],"author":[{"embeddable":true,"href":"https:\/\/coalasolutions.com\/se\/wp-json\/wp\/v2\/users\/15"}],"replies":[{"embeddable":true,"href":"https:\/\/coalasolutions.com\/se\/wp-json\/wp\/v2\/comments?post=698"}],"version-history":[{"count":6,"href":"https:\/\/coalasolutions.com\/se\/wp-json\/wp\/v2\/pages\/698\/revisions"}],"predecessor-version":[{"id":4714,"href":"https:\/\/coalasolutions.com\/se\/wp-json\/wp\/v2\/pages\/698\/revisions\/4714"}],"up":[{"embeddable":true,"href":"https:\/\/coalasolutions.com\/se\/wp-json\/wp\/v2\/pages\/596"}],"wp:attachment":[{"href":"https:\/\/coalasolutions.com\/se\/wp-json\/wp\/v2\/media?parent=698"}],"curies":[{"name":"wp","href":"https:\/\/api.w.org\/{rel}","templated":true}]}}