{"id":695,"date":"2022-05-02T14:11:48","date_gmt":"2022-05-02T12:11:48","guid":{"rendered":"https:\/\/coalasolutions.com\/se\/?page_id=695"},"modified":"2024-06-12T22:30:28","modified_gmt":"2024-06-12T20:30:28","slug":"cat-8","status":"publish","type":"page","link":"https:\/\/coalasolutions.com\/se\/kategorier\/cat-8\/","title":{"rendered":"Kat. 8 &#8211; Coala indikerar f\u00f6rekomst av extraslag"},"content":{"rendered":"<p>Coala systemet har registrerat extraslag i trigemini<\/p>\n<p>Coala systemet \u00e4r utvecklat f\u00f6r att kunna indikera f\u00f6r\u00e4ndringar i hj\u00e4rtats rytm. N\u00e4r systemet finner extraslag i s\u00e5 kallad trigemini f\u00f6rekomst av tv\u00e5 normala slag och d\u00e4refter ett extraslag, markeras det i registreringen. De allra flesta har enstaka extraslag (Ventrikul\u00e4rt utl\u00f6sta (VES) eller Supra ventrikul\u00e4rt utl\u00f6sta (SVES)), men k\u00e4nner inte av dessa och st\u00f6rs inte av dem. SVES anses som mindre allvarliga och behandlas mer s\u00e4llan. VES uppst\u00e5r d\u00e5 celler i n\u00e5gon av hj\u00e4rtkamrarna har byggt upp en impuls, vilken aktiveras snabbare \u00e4n de celler som normalt skickar ut impulser.<\/p>\n<p>Vid VES sprids impulsen p\u00e5 ett mindre funktionellt s\u00e4tt i kamrarna, s\u00e5 att hj\u00e4rtat producerar ett l\u00e4gre blodfl\u00f6de. Det l\u00e4gre blodfl\u00f6det kompenseras i n\u00e4stkommande normala slag genom ett h\u00f6gre blodfl\u00f6de, vilket kan k\u00e4nnas i halsgropen eller som ett dunk i br\u00f6stkorgen.<\/p>\n<p>Rikligt med VES \u00e4r ofta en f\u00f6ljd av att en bakomliggande hj\u00e4rtsjukdom f\u00f6religger. Det \u00e4r d\u00e4rf\u00f6r viktigt att en noggrann utredning genomf\u00f6rs av det elektriska aktiveringssystemet, hj\u00e4rtmuskelfunktionen, hj\u00e4rtklaffarna och kransk\u00e4rlen.<\/p>\n<p><strong>Ta kontakt med sjukv\u00e5rden, husl\u00e4kare f\u00f6r att utreda orsaken till extraslagen<\/strong><\/p>\n<p>&nbsp;<\/p>\n<p><em>Resultaten som visas i Coala App \u00e4r endast avsedda att anv\u00e4ndas som en indikator av ditt h\u00e4lsotillst\u00e5nd och informationen ska endast ses som upplysande. Coala Solutions friskriver sig s\u00e5ledes uttryckligen fr\u00e5n allt ansvar f\u00f6r fel och skador, och l\u00e4mnar inga garantier (varken uttryckliga eller underf\u00f6rst\u00e5dda) betr\u00e4ffande h\u00e4lsoinformationen. Vid minsta tvekan om ditt h\u00e4lsotillst\u00e5nd rekommenderar Coala Solutions att du alltid kontaktar v\u00e5rdgivare, din l\u00e4kare eller 112 vid n\u00f6dfall<\/em><\/p>\n<p>&nbsp;<\/p>\n<p>&nbsp;<\/p>\n","protected":false},"excerpt":{"rendered":"<p>Coala systemet har registrerat extraslag i trigemini Coala systemet \u00e4r utvecklat f\u00f6r att kunna indikera f\u00f6r\u00e4ndringar i hj\u00e4rtats rytm. N\u00e4r systemet finner extraslag i s\u00e5 kallad trigemini f\u00f6rekomst av tv\u00e5 normala slag och d\u00e4refter ett extraslag, markeras det i registreringen. De allra flesta har enstaka extraslag (Ventrikul\u00e4rt utl\u00f6sta (VES) eller Supra ventrikul\u00e4rt utl\u00f6sta (SVES)), men [&hellip;]<\/p>\n","protected":false},"author":15,"featured_media":0,"parent":596,"menu_order":0,"comment_status":"closed","ping_status":"closed","template":"","meta":{"_acf_changed":false,"content-type":"","_coblocks_attr":"","_coblocks_dimensions":"","_coblocks_responsive_height":"","_coblocks_accordion_ie_support":"","footnotes":""},"class_list":["post-695","page","type-page","status-publish","hentry"],"acf":[],"yoast_head":"<!-- This site is optimized with the Yoast SEO plugin v27.1.1 - https:\/\/yoast.com\/product\/yoast-seo-wordpress\/ -->\n<title>Kat. 8 - Coala indikerar f\u00f6rekomst av extraslag - Coala Solution - SE<\/title>\n<meta name=\"robots\" content=\"index, follow, max-snippet:-1, max-image-preview:large, max-video-preview:-1\" \/>\n<link rel=\"canonical\" href=\"https:\/\/coalasolutions.com\/se\/kategorier\/cat-8\/\" \/>\n<meta property=\"og:locale\" content=\"sv_SE\" \/>\n<meta property=\"og:type\" content=\"article\" \/>\n<meta property=\"og:title\" content=\"Kat. 8 - Coala indikerar f\u00f6rekomst av extraslag - Coala Solution - SE\" \/>\n<meta property=\"og:description\" content=\"Coala systemet har registrerat extraslag i trigemini Coala systemet \u00e4r utvecklat f\u00f6r att kunna indikera f\u00f6r\u00e4ndringar i hj\u00e4rtats rytm. N\u00e4r systemet finner extraslag i s\u00e5 kallad trigemini f\u00f6rekomst av tv\u00e5 normala slag och d\u00e4refter ett extraslag, markeras det i registreringen. De allra flesta har enstaka extraslag (Ventrikul\u00e4rt utl\u00f6sta (VES) eller Supra ventrikul\u00e4rt utl\u00f6sta (SVES)), men [&hellip;]\" \/>\n<meta property=\"og:url\" content=\"https:\/\/coalasolutions.com\/se\/kategorier\/cat-8\/\" \/>\n<meta property=\"og:site_name\" content=\"Coala Solution - SE\" \/>\n<meta property=\"article:modified_time\" content=\"2024-06-12T20:30:28+00:00\" \/>\n<meta name=\"twitter:card\" content=\"summary_large_image\" \/>\n<meta name=\"twitter:label1\" content=\"Ber\u00e4knad l\u00e4stid\" \/>\n\t<meta name=\"twitter:data1\" content=\"2 minuter\" \/>\n<script type=\"application\/ld+json\" class=\"yoast-schema-graph\">{\"@context\":\"https:\/\/schema.org\",\"@graph\":[{\"@type\":\"WebPage\",\"@id\":\"https:\/\/coalasolutions.com\/se\/kategorier\/cat-8\/\",\"url\":\"https:\/\/coalasolutions.com\/se\/kategorier\/cat-8\/\",\"name\":\"Kat. 8 - Coala indikerar f\u00f6rekomst av extraslag - Coala Solution - SE\",\"isPartOf\":{\"@id\":\"https:\/\/coalasolutions.com\/se\/#website\"},\"datePublished\":\"2022-05-02T12:11:48+00:00\",\"dateModified\":\"2024-06-12T20:30:28+00:00\",\"breadcrumb\":{\"@id\":\"https:\/\/coalasolutions.com\/se\/kategorier\/cat-8\/#breadcrumb\"},\"inLanguage\":\"sv-SE\",\"potentialAction\":[{\"@type\":\"ReadAction\",\"target\":[\"https:\/\/coalasolutions.com\/se\/kategorier\/cat-8\/\"]}]},{\"@type\":\"BreadcrumbList\",\"@id\":\"https:\/\/coalasolutions.com\/se\/kategorier\/cat-8\/#breadcrumb\",\"itemListElement\":[{\"@type\":\"ListItem\",\"position\":1,\"name\":\"Hem\",\"item\":\"https:\/\/coalasolutions.com\/se\/\"},{\"@type\":\"ListItem\",\"position\":2,\"name\":\"Analyskategorier Coala\",\"item\":\"https:\/\/coalasolutions.com\/se\/kategorier\/\"},{\"@type\":\"ListItem\",\"position\":3,\"name\":\"Kat. 8 &#8211; Coala indikerar f\u00f6rekomst av extraslag\"}]},{\"@type\":\"WebSite\",\"@id\":\"https:\/\/coalasolutions.com\/se\/#website\",\"url\":\"https:\/\/coalasolutions.com\/se\/\",\"name\":\"Coala Solution - SE\",\"description\":\"Unik digital hj\u00e4rtmonitor\",\"publisher\":{\"@id\":\"https:\/\/coalasolutions.com\/se\/#organization\"},\"potentialAction\":[{\"@type\":\"SearchAction\",\"target\":{\"@type\":\"EntryPoint\",\"urlTemplate\":\"https:\/\/coalasolutions.com\/se\/?s={search_term_string}\"},\"query-input\":{\"@type\":\"PropertyValueSpecification\",\"valueRequired\":true,\"valueName\":\"search_term_string\"}}],\"inLanguage\":\"sv-SE\"},{\"@type\":\"Organization\",\"@id\":\"https:\/\/coalasolutions.com\/se\/#organization\",\"name\":\"Coala Solution - SE\",\"url\":\"https:\/\/coalasolutions.com\/se\/\",\"logo\":{\"@type\":\"ImageObject\",\"inLanguage\":\"sv-SE\",\"@id\":\"https:\/\/coalasolutions.com\/se\/#\/schema\/logo\/image\/\",\"url\":\"https:\/\/coalasolutions.com\/se\/wp-content\/uploads\/sites\/2\/2022\/06\/coala-logo-blue.svg\",\"contentUrl\":\"https:\/\/coalasolutions.com\/se\/wp-content\/uploads\/sites\/2\/2022\/06\/coala-logo-blue.svg\",\"width\":136,\"height\":25,\"caption\":\"Coala Solution - SE\"},\"image\":{\"@id\":\"https:\/\/coalasolutions.com\/se\/#\/schema\/logo\/image\/\"}}]}<\/script>\n<!-- \/ Yoast SEO plugin. -->","yoast_head_json":{"title":"Kat. 8 - Coala indikerar f\u00f6rekomst av extraslag - Coala Solution - SE","robots":{"index":"index","follow":"follow","max-snippet":"max-snippet:-1","max-image-preview":"max-image-preview:large","max-video-preview":"max-video-preview:-1"},"canonical":"https:\/\/coalasolutions.com\/se\/kategorier\/cat-8\/","og_locale":"sv_SE","og_type":"article","og_title":"Kat. 8 - Coala indikerar f\u00f6rekomst av extraslag - Coala Solution - SE","og_description":"Coala systemet har registrerat extraslag i trigemini Coala systemet \u00e4r utvecklat f\u00f6r att kunna indikera f\u00f6r\u00e4ndringar i hj\u00e4rtats rytm. N\u00e4r systemet finner extraslag i s\u00e5 kallad trigemini f\u00f6rekomst av tv\u00e5 normala slag och d\u00e4refter ett extraslag, markeras det i registreringen. De allra flesta har enstaka extraslag (Ventrikul\u00e4rt utl\u00f6sta (VES) eller Supra ventrikul\u00e4rt utl\u00f6sta (SVES)), men [&hellip;]","og_url":"https:\/\/coalasolutions.com\/se\/kategorier\/cat-8\/","og_site_name":"Coala Solution - SE","article_modified_time":"2024-06-12T20:30:28+00:00","twitter_card":"summary_large_image","twitter_misc":{"Ber\u00e4knad l\u00e4stid":"2 minuter"},"schema":{"@context":"https:\/\/schema.org","@graph":[{"@type":"WebPage","@id":"https:\/\/coalasolutions.com\/se\/kategorier\/cat-8\/","url":"https:\/\/coalasolutions.com\/se\/kategorier\/cat-8\/","name":"Kat. 8 - Coala indikerar f\u00f6rekomst av extraslag - Coala Solution - SE","isPartOf":{"@id":"https:\/\/coalasolutions.com\/se\/#website"},"datePublished":"2022-05-02T12:11:48+00:00","dateModified":"2024-06-12T20:30:28+00:00","breadcrumb":{"@id":"https:\/\/coalasolutions.com\/se\/kategorier\/cat-8\/#breadcrumb"},"inLanguage":"sv-SE","potentialAction":[{"@type":"ReadAction","target":["https:\/\/coalasolutions.com\/se\/kategorier\/cat-8\/"]}]},{"@type":"BreadcrumbList","@id":"https:\/\/coalasolutions.com\/se\/kategorier\/cat-8\/#breadcrumb","itemListElement":[{"@type":"ListItem","position":1,"name":"Hem","item":"https:\/\/coalasolutions.com\/se\/"},{"@type":"ListItem","position":2,"name":"Analyskategorier Coala","item":"https:\/\/coalasolutions.com\/se\/kategorier\/"},{"@type":"ListItem","position":3,"name":"Kat. 8 &#8211; Coala indikerar f\u00f6rekomst av extraslag"}]},{"@type":"WebSite","@id":"https:\/\/coalasolutions.com\/se\/#website","url":"https:\/\/coalasolutions.com\/se\/","name":"Coala Solution - SE","description":"Unik digital hj\u00e4rtmonitor","publisher":{"@id":"https:\/\/coalasolutions.com\/se\/#organization"},"potentialAction":[{"@type":"SearchAction","target":{"@type":"EntryPoint","urlTemplate":"https:\/\/coalasolutions.com\/se\/?s={search_term_string}"},"query-input":{"@type":"PropertyValueSpecification","valueRequired":true,"valueName":"search_term_string"}}],"inLanguage":"sv-SE"},{"@type":"Organization","@id":"https:\/\/coalasolutions.com\/se\/#organization","name":"Coala Solution - SE","url":"https:\/\/coalasolutions.com\/se\/","logo":{"@type":"ImageObject","inLanguage":"sv-SE","@id":"https:\/\/coalasolutions.com\/se\/#\/schema\/logo\/image\/","url":"https:\/\/coalasolutions.com\/se\/wp-content\/uploads\/sites\/2\/2022\/06\/coala-logo-blue.svg","contentUrl":"https:\/\/coalasolutions.com\/se\/wp-content\/uploads\/sites\/2\/2022\/06\/coala-logo-blue.svg","width":136,"height":25,"caption":"Coala Solution - SE"},"image":{"@id":"https:\/\/coalasolutions.com\/se\/#\/schema\/logo\/image\/"}}]}},"_links":{"self":[{"href":"https:\/\/coalasolutions.com\/se\/wp-json\/wp\/v2\/pages\/695","targetHints":{"allow":["GET"]}}],"collection":[{"href":"https:\/\/coalasolutions.com\/se\/wp-json\/wp\/v2\/pages"}],"about":[{"href":"https:\/\/coalasolutions.com\/se\/wp-json\/wp\/v2\/types\/page"}],"author":[{"embeddable":true,"href":"https:\/\/coalasolutions.com\/se\/wp-json\/wp\/v2\/users\/15"}],"replies":[{"embeddable":true,"href":"https:\/\/coalasolutions.com\/se\/wp-json\/wp\/v2\/comments?post=695"}],"version-history":[{"count":5,"href":"https:\/\/coalasolutions.com\/se\/wp-json\/wp\/v2\/pages\/695\/revisions"}],"predecessor-version":[{"id":4724,"href":"https:\/\/coalasolutions.com\/se\/wp-json\/wp\/v2\/pages\/695\/revisions\/4724"}],"up":[{"embeddable":true,"href":"https:\/\/coalasolutions.com\/se\/wp-json\/wp\/v2\/pages\/596"}],"wp:attachment":[{"href":"https:\/\/coalasolutions.com\/se\/wp-json\/wp\/v2\/media?parent=695"}],"curies":[{"name":"wp","href":"https:\/\/api.w.org\/{rel}","templated":true}]}}