{"id":689,"date":"2022-05-02T14:09:47","date_gmt":"2022-05-02T12:09:47","guid":{"rendered":"https:\/\/coalasolutions.com\/se\/?page_id=689"},"modified":"2024-06-12T22:29:46","modified_gmt":"2024-06-12T20:29:46","slug":"cat-6","status":"publish","type":"page","link":"https:\/\/coalasolutions.com\/se\/kategorier\/cat-6\/","title":{"rendered":"Kat. 6 &#8211; Coala indikerar tecken p\u00e5 snabbt \u00e4ndrad hj\u00e4rtrytm"},"content":{"rendered":"<p>Coala indikerar tecken p\u00e5 snabba och l\u00e5ngsamma rytmer.<\/p>\n<p>Coala systemet \u00e4r utvecklat f\u00f6r att kunna indikera f\u00f6r\u00e4ndringar i hj\u00e4rtats rytm. N\u00e4r systemet finner ett avvikande impulst\u00e5g som leder till korta eller l\u00e4ngre perioder av f\u00f6rh\u00f6jd hj\u00e4rtrytm markeras det i registreringen.<\/p>\n<p>I h\u00f6ger f\u00f6rmak finns celler (sinusknutan) som bygger upp en elektrisk sp\u00e4nning och skickar iv\u00e4g en elektrisk impuls en g\u00e5ng per hj\u00e4rtslag (50-200 impulser\/minut beroende p\u00e5 anstr\u00e4ngningen).<\/p>\n<p>Ibland kan en underordnad cell p\u00e5 ett felaktigt s\u00e4tt pl\u00f6tsligt skicka iv\u00e4g impulst\u00e5g med flera p\u00e5 varann f\u00f6ljande impulser. Detta resulterar i kortare eller ibland l\u00e4ngre perioder med snabb hj\u00e4rtrytm (paroxysmal supraventrikul\u00e4r tachykardi; PSVT). Det \u00e4r d\u00e5 ofta n\u00f6dv\u00e4ndigt att utreda bakomliggande orsak hos specialist. St\u00f6rningar i f\u00f6rmakens impulsgivning f\u00f6reg\u00e5r i m\u00e5nga fall f\u00f6rmaksflimmer. I enstaka fall kan en snabb regelbunden rytm uppst\u00e5 i f\u00f6rmaken.<\/p>\n<p><strong>Kontakta sjukv\u00e5rden f\u00f6r att fastst\u00e4lla orsaken till symtomen<\/strong>.<\/p>\n<p>&nbsp;<\/p>\n<p><em>Resultaten som visas i Coala App \u00e4r endast avsedda att anv\u00e4ndas som en indikator av ditt h\u00e4lsotillst\u00e5nd och informationen ska endast ses som upplysande. Coala Solutions friskriver sig s\u00e5ledes uttryckligen fr\u00e5n allt ansvar f\u00f6r fel och skador, och l\u00e4mnar inga garantier (varken uttryckliga eller underf\u00f6rst\u00e5dda) betr\u00e4ffande h\u00e4lsoinformationen. Vid minsta tvekan om ditt h\u00e4lsotillst\u00e5nd rekommenderar Coala Solutions att du alltid kontaktar v\u00e5rdgivare, din l\u00e4kare eller 112 vid n\u00f6dfall<\/em><\/p>\n<p>&nbsp;<\/p>\n<p>&nbsp;<\/p>\n","protected":false},"excerpt":{"rendered":"<p>Coala indikerar tecken p\u00e5 snabba och l\u00e5ngsamma rytmer. Coala systemet \u00e4r utvecklat f\u00f6r att kunna indikera f\u00f6r\u00e4ndringar i hj\u00e4rtats rytm. N\u00e4r systemet finner ett avvikande impulst\u00e5g som leder till korta eller l\u00e4ngre perioder av f\u00f6rh\u00f6jd hj\u00e4rtrytm markeras det i registreringen. I h\u00f6ger f\u00f6rmak finns celler (sinusknutan) som bygger upp en elektrisk sp\u00e4nning och skickar iv\u00e4g [&hellip;]<\/p>\n","protected":false},"author":15,"featured_media":0,"parent":596,"menu_order":0,"comment_status":"closed","ping_status":"closed","template":"","meta":{"_acf_changed":false,"content-type":"","_coblocks_attr":"","_coblocks_dimensions":"","_coblocks_responsive_height":"","_coblocks_accordion_ie_support":"","footnotes":""},"class_list":["post-689","page","type-page","status-publish","hentry"],"acf":[],"yoast_head":"<!-- This site is optimized with the Yoast SEO plugin v27.1.1 - https:\/\/yoast.com\/product\/yoast-seo-wordpress\/ -->\n<title>Kat. 6 - Coala indikerar tecken p\u00e5 snabbt \u00e4ndrad hj\u00e4rtrytm - Coala Solution - SE<\/title>\n<meta name=\"robots\" content=\"index, follow, max-snippet:-1, max-image-preview:large, max-video-preview:-1\" \/>\n<link rel=\"canonical\" href=\"https:\/\/coalasolutions.com\/se\/kategorier\/cat-6\/\" \/>\n<meta property=\"og:locale\" content=\"sv_SE\" \/>\n<meta property=\"og:type\" content=\"article\" \/>\n<meta property=\"og:title\" content=\"Kat. 6 - Coala indikerar tecken p\u00e5 snabbt \u00e4ndrad hj\u00e4rtrytm - Coala Solution - SE\" \/>\n<meta property=\"og:description\" content=\"Coala indikerar tecken p\u00e5 snabba och l\u00e5ngsamma rytmer. Coala systemet \u00e4r utvecklat f\u00f6r att kunna indikera f\u00f6r\u00e4ndringar i hj\u00e4rtats rytm. N\u00e4r systemet finner ett avvikande impulst\u00e5g som leder till korta eller l\u00e4ngre perioder av f\u00f6rh\u00f6jd hj\u00e4rtrytm markeras det i registreringen. I h\u00f6ger f\u00f6rmak finns celler (sinusknutan) som bygger upp en elektrisk sp\u00e4nning och skickar iv\u00e4g [&hellip;]\" \/>\n<meta property=\"og:url\" content=\"https:\/\/coalasolutions.com\/se\/kategorier\/cat-6\/\" \/>\n<meta property=\"og:site_name\" content=\"Coala Solution - SE\" \/>\n<meta property=\"article:modified_time\" content=\"2024-06-12T20:29:46+00:00\" \/>\n<meta name=\"twitter:card\" content=\"summary_large_image\" \/>\n<meta name=\"twitter:label1\" content=\"Ber\u00e4knad l\u00e4stid\" \/>\n\t<meta name=\"twitter:data1\" content=\"2 minuter\" \/>\n<script type=\"application\/ld+json\" class=\"yoast-schema-graph\">{\"@context\":\"https:\/\/schema.org\",\"@graph\":[{\"@type\":\"WebPage\",\"@id\":\"https:\/\/coalasolutions.com\/se\/kategorier\/cat-6\/\",\"url\":\"https:\/\/coalasolutions.com\/se\/kategorier\/cat-6\/\",\"name\":\"Kat. 6 - Coala indikerar tecken p\u00e5 snabbt \u00e4ndrad hj\u00e4rtrytm - Coala Solution - SE\",\"isPartOf\":{\"@id\":\"https:\/\/coalasolutions.com\/se\/#website\"},\"datePublished\":\"2022-05-02T12:09:47+00:00\",\"dateModified\":\"2024-06-12T20:29:46+00:00\",\"breadcrumb\":{\"@id\":\"https:\/\/coalasolutions.com\/se\/kategorier\/cat-6\/#breadcrumb\"},\"inLanguage\":\"sv-SE\",\"potentialAction\":[{\"@type\":\"ReadAction\",\"target\":[\"https:\/\/coalasolutions.com\/se\/kategorier\/cat-6\/\"]}]},{\"@type\":\"BreadcrumbList\",\"@id\":\"https:\/\/coalasolutions.com\/se\/kategorier\/cat-6\/#breadcrumb\",\"itemListElement\":[{\"@type\":\"ListItem\",\"position\":1,\"name\":\"Hem\",\"item\":\"https:\/\/coalasolutions.com\/se\/\"},{\"@type\":\"ListItem\",\"position\":2,\"name\":\"Analyskategorier Coala\",\"item\":\"https:\/\/coalasolutions.com\/se\/kategorier\/\"},{\"@type\":\"ListItem\",\"position\":3,\"name\":\"Kat. 6 &#8211; Coala indikerar tecken p\u00e5 snabbt \u00e4ndrad hj\u00e4rtrytm\"}]},{\"@type\":\"WebSite\",\"@id\":\"https:\/\/coalasolutions.com\/se\/#website\",\"url\":\"https:\/\/coalasolutions.com\/se\/\",\"name\":\"Coala Solution - SE\",\"description\":\"Unik digital hj\u00e4rtmonitor\",\"publisher\":{\"@id\":\"https:\/\/coalasolutions.com\/se\/#organization\"},\"potentialAction\":[{\"@type\":\"SearchAction\",\"target\":{\"@type\":\"EntryPoint\",\"urlTemplate\":\"https:\/\/coalasolutions.com\/se\/?s={search_term_string}\"},\"query-input\":{\"@type\":\"PropertyValueSpecification\",\"valueRequired\":true,\"valueName\":\"search_term_string\"}}],\"inLanguage\":\"sv-SE\"},{\"@type\":\"Organization\",\"@id\":\"https:\/\/coalasolutions.com\/se\/#organization\",\"name\":\"Coala Solution - SE\",\"url\":\"https:\/\/coalasolutions.com\/se\/\",\"logo\":{\"@type\":\"ImageObject\",\"inLanguage\":\"sv-SE\",\"@id\":\"https:\/\/coalasolutions.com\/se\/#\/schema\/logo\/image\/\",\"url\":\"https:\/\/coalasolutions.com\/se\/wp-content\/uploads\/sites\/2\/2022\/06\/coala-logo-blue.svg\",\"contentUrl\":\"https:\/\/coalasolutions.com\/se\/wp-content\/uploads\/sites\/2\/2022\/06\/coala-logo-blue.svg\",\"width\":136,\"height\":25,\"caption\":\"Coala Solution - SE\"},\"image\":{\"@id\":\"https:\/\/coalasolutions.com\/se\/#\/schema\/logo\/image\/\"}}]}<\/script>\n<!-- \/ Yoast SEO plugin. -->","yoast_head_json":{"title":"Kat. 6 - Coala indikerar tecken p\u00e5 snabbt \u00e4ndrad hj\u00e4rtrytm - Coala Solution - SE","robots":{"index":"index","follow":"follow","max-snippet":"max-snippet:-1","max-image-preview":"max-image-preview:large","max-video-preview":"max-video-preview:-1"},"canonical":"https:\/\/coalasolutions.com\/se\/kategorier\/cat-6\/","og_locale":"sv_SE","og_type":"article","og_title":"Kat. 6 - Coala indikerar tecken p\u00e5 snabbt \u00e4ndrad hj\u00e4rtrytm - Coala Solution - SE","og_description":"Coala indikerar tecken p\u00e5 snabba och l\u00e5ngsamma rytmer. Coala systemet \u00e4r utvecklat f\u00f6r att kunna indikera f\u00f6r\u00e4ndringar i hj\u00e4rtats rytm. N\u00e4r systemet finner ett avvikande impulst\u00e5g som leder till korta eller l\u00e4ngre perioder av f\u00f6rh\u00f6jd hj\u00e4rtrytm markeras det i registreringen. I h\u00f6ger f\u00f6rmak finns celler (sinusknutan) som bygger upp en elektrisk sp\u00e4nning och skickar iv\u00e4g [&hellip;]","og_url":"https:\/\/coalasolutions.com\/se\/kategorier\/cat-6\/","og_site_name":"Coala Solution - SE","article_modified_time":"2024-06-12T20:29:46+00:00","twitter_card":"summary_large_image","twitter_misc":{"Ber\u00e4knad l\u00e4stid":"2 minuter"},"schema":{"@context":"https:\/\/schema.org","@graph":[{"@type":"WebPage","@id":"https:\/\/coalasolutions.com\/se\/kategorier\/cat-6\/","url":"https:\/\/coalasolutions.com\/se\/kategorier\/cat-6\/","name":"Kat. 6 - Coala indikerar tecken p\u00e5 snabbt \u00e4ndrad hj\u00e4rtrytm - Coala Solution - SE","isPartOf":{"@id":"https:\/\/coalasolutions.com\/se\/#website"},"datePublished":"2022-05-02T12:09:47+00:00","dateModified":"2024-06-12T20:29:46+00:00","breadcrumb":{"@id":"https:\/\/coalasolutions.com\/se\/kategorier\/cat-6\/#breadcrumb"},"inLanguage":"sv-SE","potentialAction":[{"@type":"ReadAction","target":["https:\/\/coalasolutions.com\/se\/kategorier\/cat-6\/"]}]},{"@type":"BreadcrumbList","@id":"https:\/\/coalasolutions.com\/se\/kategorier\/cat-6\/#breadcrumb","itemListElement":[{"@type":"ListItem","position":1,"name":"Hem","item":"https:\/\/coalasolutions.com\/se\/"},{"@type":"ListItem","position":2,"name":"Analyskategorier Coala","item":"https:\/\/coalasolutions.com\/se\/kategorier\/"},{"@type":"ListItem","position":3,"name":"Kat. 6 &#8211; Coala indikerar tecken p\u00e5 snabbt \u00e4ndrad hj\u00e4rtrytm"}]},{"@type":"WebSite","@id":"https:\/\/coalasolutions.com\/se\/#website","url":"https:\/\/coalasolutions.com\/se\/","name":"Coala Solution - SE","description":"Unik digital hj\u00e4rtmonitor","publisher":{"@id":"https:\/\/coalasolutions.com\/se\/#organization"},"potentialAction":[{"@type":"SearchAction","target":{"@type":"EntryPoint","urlTemplate":"https:\/\/coalasolutions.com\/se\/?s={search_term_string}"},"query-input":{"@type":"PropertyValueSpecification","valueRequired":true,"valueName":"search_term_string"}}],"inLanguage":"sv-SE"},{"@type":"Organization","@id":"https:\/\/coalasolutions.com\/se\/#organization","name":"Coala Solution - SE","url":"https:\/\/coalasolutions.com\/se\/","logo":{"@type":"ImageObject","inLanguage":"sv-SE","@id":"https:\/\/coalasolutions.com\/se\/#\/schema\/logo\/image\/","url":"https:\/\/coalasolutions.com\/se\/wp-content\/uploads\/sites\/2\/2022\/06\/coala-logo-blue.svg","contentUrl":"https:\/\/coalasolutions.com\/se\/wp-content\/uploads\/sites\/2\/2022\/06\/coala-logo-blue.svg","width":136,"height":25,"caption":"Coala Solution - SE"},"image":{"@id":"https:\/\/coalasolutions.com\/se\/#\/schema\/logo\/image\/"}}]}},"_links":{"self":[{"href":"https:\/\/coalasolutions.com\/se\/wp-json\/wp\/v2\/pages\/689","targetHints":{"allow":["GET"]}}],"collection":[{"href":"https:\/\/coalasolutions.com\/se\/wp-json\/wp\/v2\/pages"}],"about":[{"href":"https:\/\/coalasolutions.com\/se\/wp-json\/wp\/v2\/types\/page"}],"author":[{"embeddable":true,"href":"https:\/\/coalasolutions.com\/se\/wp-json\/wp\/v2\/users\/15"}],"replies":[{"embeddable":true,"href":"https:\/\/coalasolutions.com\/se\/wp-json\/wp\/v2\/comments?post=689"}],"version-history":[{"count":6,"href":"https:\/\/coalasolutions.com\/se\/wp-json\/wp\/v2\/pages\/689\/revisions"}],"predecessor-version":[{"id":4721,"href":"https:\/\/coalasolutions.com\/se\/wp-json\/wp\/v2\/pages\/689\/revisions\/4721"}],"up":[{"embeddable":true,"href":"https:\/\/coalasolutions.com\/se\/wp-json\/wp\/v2\/pages\/596"}],"wp:attachment":[{"href":"https:\/\/coalasolutions.com\/se\/wp-json\/wp\/v2\/media?parent=689"}],"curies":[{"name":"wp","href":"https:\/\/api.w.org\/{rel}","templated":true}]}}