{"id":686,"date":"2022-05-02T14:08:46","date_gmt":"2022-05-02T12:08:46","guid":{"rendered":"https:\/\/coalasolutions.com\/se\/?page_id=686"},"modified":"2024-06-12T22:29:33","modified_gmt":"2024-06-12T20:29:33","slug":"cat-4","status":"publish","type":"page","link":"https:\/\/coalasolutions.com\/se\/kategorier\/cat-4\/","title":{"rendered":"Kat. 4 &#8211; Coala indikerar f\u00f6rh\u00f6jd hj\u00e4rtfrekvens"},"content":{"rendered":"<p>Coala indikerar en h\u00f6g hj\u00e4rtfrekvens.<\/p>\n<p>Pulsen eller hj\u00e4rtfrekvensen vid vila \u00e4r vanligtvis under 100 slag per minut. Vid olika sjukdomstillst\u00e5nd, exempelvis infektioner, sm\u00e4rta kan dock vilopulsen vara h\u00f6gre. \u00c4ven stress, l\u00e4kemedel, snus, cigaretter kan orsaka f\u00f6rh\u00f6jd vilopuls. Vid uttalad stress kan hj\u00e4rtslagen upplevas som om det dunkar i br\u00f6stet.<\/p>\n<p>Orsaken till h\u00f6g vilopuls kan ocks\u00e5 vara att andra celler i hj\u00e4rtat \u00e4n de som normalt reglerar rytmen tar \u00f6ver. N\u00e4r detta h\u00e4nder kan belastningen p\u00e5 hj\u00e4rtat bli f\u00f6r h\u00f6g och d\u00e5 pumpar hj\u00e4rtat med l\u00e4gre effekt. D\u00e5 uppst\u00e5r det som kallas hj\u00e4rtsvikt och tecken p\u00e5 det \u00e4r andn\u00f6d, kallsvettningen eller svimning.\u00a0<strong>Vid dessa symtom skall kontakt tas med sjukv\u00e5rden<\/strong>.<\/p>\n<p>&nbsp;<\/p>\n<p><em>Resultaten som visas i Coala App \u00e4r endast avsedda att anv\u00e4ndas som en indikator av ditt h\u00e4lsotillst\u00e5nd och informationen ska endast ses som upplysande. Coala Solutions friskriver sig s\u00e5ledes uttryckligen fr\u00e5n allt ansvar f\u00f6r fel och skador, och l\u00e4mnar inga garantier (varken uttryckliga eller underf\u00f6rst\u00e5dda) betr\u00e4ffande h\u00e4lsoinformationen. Vid minsta tvekan om ditt h\u00e4lsotillst\u00e5nd rekommenderar Coala Solutions att du alltid kontaktar v\u00e5rdgivare, din l\u00e4kare eller 112 vid n\u00f6dfall<\/em><\/p>\n<p>&nbsp;<\/p>\n<p>&nbsp;<\/p>\n","protected":false},"excerpt":{"rendered":"<p>Coala indikerar en h\u00f6g hj\u00e4rtfrekvens. Pulsen eller hj\u00e4rtfrekvensen vid vila \u00e4r vanligtvis under 100 slag per minut. Vid olika sjukdomstillst\u00e5nd, exempelvis infektioner, sm\u00e4rta kan dock vilopulsen vara h\u00f6gre. \u00c4ven stress, l\u00e4kemedel, snus, cigaretter kan orsaka f\u00f6rh\u00f6jd vilopuls. Vid uttalad stress kan hj\u00e4rtslagen upplevas som om det dunkar i br\u00f6stet. Orsaken till h\u00f6g vilopuls kan ocks\u00e5 [&hellip;]<\/p>\n","protected":false},"author":15,"featured_media":0,"parent":596,"menu_order":0,"comment_status":"closed","ping_status":"closed","template":"","meta":{"_acf_changed":false,"content-type":"","_coblocks_attr":"","_coblocks_dimensions":"","_coblocks_responsive_height":"","_coblocks_accordion_ie_support":"","footnotes":""},"class_list":["post-686","page","type-page","status-publish","hentry"],"acf":[],"yoast_head":"<!-- This site is optimized with the Yoast SEO plugin v27.1.1 - https:\/\/yoast.com\/product\/yoast-seo-wordpress\/ -->\n<title>Kat. 4 - Coala indikerar f\u00f6rh\u00f6jd hj\u00e4rtfrekvens - Coala Solution - SE<\/title>\n<meta name=\"robots\" content=\"index, follow, max-snippet:-1, max-image-preview:large, max-video-preview:-1\" \/>\n<link rel=\"canonical\" href=\"https:\/\/coalasolutions.com\/se\/kategorier\/cat-4\/\" \/>\n<meta property=\"og:locale\" content=\"sv_SE\" \/>\n<meta property=\"og:type\" content=\"article\" \/>\n<meta property=\"og:title\" content=\"Kat. 4 - Coala indikerar f\u00f6rh\u00f6jd hj\u00e4rtfrekvens - Coala Solution - SE\" \/>\n<meta property=\"og:description\" content=\"Coala indikerar en h\u00f6g hj\u00e4rtfrekvens. Pulsen eller hj\u00e4rtfrekvensen vid vila \u00e4r vanligtvis under 100 slag per minut. Vid olika sjukdomstillst\u00e5nd, exempelvis infektioner, sm\u00e4rta kan dock vilopulsen vara h\u00f6gre. \u00c4ven stress, l\u00e4kemedel, snus, cigaretter kan orsaka f\u00f6rh\u00f6jd vilopuls. Vid uttalad stress kan hj\u00e4rtslagen upplevas som om det dunkar i br\u00f6stet. Orsaken till h\u00f6g vilopuls kan ocks\u00e5 [&hellip;]\" \/>\n<meta property=\"og:url\" content=\"https:\/\/coalasolutions.com\/se\/kategorier\/cat-4\/\" \/>\n<meta property=\"og:site_name\" content=\"Coala Solution - SE\" \/>\n<meta property=\"article:modified_time\" content=\"2024-06-12T20:29:33+00:00\" \/>\n<meta name=\"twitter:card\" content=\"summary_large_image\" \/>\n<meta name=\"twitter:label1\" content=\"Ber\u00e4knad l\u00e4stid\" \/>\n\t<meta name=\"twitter:data1\" content=\"1 minut\" \/>\n<script type=\"application\/ld+json\" class=\"yoast-schema-graph\">{\"@context\":\"https:\/\/schema.org\",\"@graph\":[{\"@type\":\"WebPage\",\"@id\":\"https:\/\/coalasolutions.com\/se\/kategorier\/cat-4\/\",\"url\":\"https:\/\/coalasolutions.com\/se\/kategorier\/cat-4\/\",\"name\":\"Kat. 4 - Coala indikerar f\u00f6rh\u00f6jd hj\u00e4rtfrekvens - Coala Solution - SE\",\"isPartOf\":{\"@id\":\"https:\/\/coalasolutions.com\/se\/#website\"},\"datePublished\":\"2022-05-02T12:08:46+00:00\",\"dateModified\":\"2024-06-12T20:29:33+00:00\",\"breadcrumb\":{\"@id\":\"https:\/\/coalasolutions.com\/se\/kategorier\/cat-4\/#breadcrumb\"},\"inLanguage\":\"sv-SE\",\"potentialAction\":[{\"@type\":\"ReadAction\",\"target\":[\"https:\/\/coalasolutions.com\/se\/kategorier\/cat-4\/\"]}]},{\"@type\":\"BreadcrumbList\",\"@id\":\"https:\/\/coalasolutions.com\/se\/kategorier\/cat-4\/#breadcrumb\",\"itemListElement\":[{\"@type\":\"ListItem\",\"position\":1,\"name\":\"Hem\",\"item\":\"https:\/\/coalasolutions.com\/se\/\"},{\"@type\":\"ListItem\",\"position\":2,\"name\":\"Analyskategorier Coala\",\"item\":\"https:\/\/coalasolutions.com\/se\/kategorier\/\"},{\"@type\":\"ListItem\",\"position\":3,\"name\":\"Kat. 4 &#8211; Coala indikerar f\u00f6rh\u00f6jd hj\u00e4rtfrekvens\"}]},{\"@type\":\"WebSite\",\"@id\":\"https:\/\/coalasolutions.com\/se\/#website\",\"url\":\"https:\/\/coalasolutions.com\/se\/\",\"name\":\"Coala Solution - SE\",\"description\":\"Unik digital hj\u00e4rtmonitor\",\"publisher\":{\"@id\":\"https:\/\/coalasolutions.com\/se\/#organization\"},\"potentialAction\":[{\"@type\":\"SearchAction\",\"target\":{\"@type\":\"EntryPoint\",\"urlTemplate\":\"https:\/\/coalasolutions.com\/se\/?s={search_term_string}\"},\"query-input\":{\"@type\":\"PropertyValueSpecification\",\"valueRequired\":true,\"valueName\":\"search_term_string\"}}],\"inLanguage\":\"sv-SE\"},{\"@type\":\"Organization\",\"@id\":\"https:\/\/coalasolutions.com\/se\/#organization\",\"name\":\"Coala Solution - SE\",\"url\":\"https:\/\/coalasolutions.com\/se\/\",\"logo\":{\"@type\":\"ImageObject\",\"inLanguage\":\"sv-SE\",\"@id\":\"https:\/\/coalasolutions.com\/se\/#\/schema\/logo\/image\/\",\"url\":\"https:\/\/coalasolutions.com\/se\/wp-content\/uploads\/sites\/2\/2022\/06\/coala-logo-blue.svg\",\"contentUrl\":\"https:\/\/coalasolutions.com\/se\/wp-content\/uploads\/sites\/2\/2022\/06\/coala-logo-blue.svg\",\"width\":136,\"height\":25,\"caption\":\"Coala Solution - SE\"},\"image\":{\"@id\":\"https:\/\/coalasolutions.com\/se\/#\/schema\/logo\/image\/\"}}]}<\/script>\n<!-- \/ Yoast SEO plugin. -->","yoast_head_json":{"title":"Kat. 4 - Coala indikerar f\u00f6rh\u00f6jd hj\u00e4rtfrekvens - Coala Solution - SE","robots":{"index":"index","follow":"follow","max-snippet":"max-snippet:-1","max-image-preview":"max-image-preview:large","max-video-preview":"max-video-preview:-1"},"canonical":"https:\/\/coalasolutions.com\/se\/kategorier\/cat-4\/","og_locale":"sv_SE","og_type":"article","og_title":"Kat. 4 - Coala indikerar f\u00f6rh\u00f6jd hj\u00e4rtfrekvens - Coala Solution - SE","og_description":"Coala indikerar en h\u00f6g hj\u00e4rtfrekvens. Pulsen eller hj\u00e4rtfrekvensen vid vila \u00e4r vanligtvis under 100 slag per minut. Vid olika sjukdomstillst\u00e5nd, exempelvis infektioner, sm\u00e4rta kan dock vilopulsen vara h\u00f6gre. \u00c4ven stress, l\u00e4kemedel, snus, cigaretter kan orsaka f\u00f6rh\u00f6jd vilopuls. Vid uttalad stress kan hj\u00e4rtslagen upplevas som om det dunkar i br\u00f6stet. Orsaken till h\u00f6g vilopuls kan ocks\u00e5 [&hellip;]","og_url":"https:\/\/coalasolutions.com\/se\/kategorier\/cat-4\/","og_site_name":"Coala Solution - SE","article_modified_time":"2024-06-12T20:29:33+00:00","twitter_card":"summary_large_image","twitter_misc":{"Ber\u00e4knad l\u00e4stid":"1 minut"},"schema":{"@context":"https:\/\/schema.org","@graph":[{"@type":"WebPage","@id":"https:\/\/coalasolutions.com\/se\/kategorier\/cat-4\/","url":"https:\/\/coalasolutions.com\/se\/kategorier\/cat-4\/","name":"Kat. 4 - Coala indikerar f\u00f6rh\u00f6jd hj\u00e4rtfrekvens - Coala Solution - SE","isPartOf":{"@id":"https:\/\/coalasolutions.com\/se\/#website"},"datePublished":"2022-05-02T12:08:46+00:00","dateModified":"2024-06-12T20:29:33+00:00","breadcrumb":{"@id":"https:\/\/coalasolutions.com\/se\/kategorier\/cat-4\/#breadcrumb"},"inLanguage":"sv-SE","potentialAction":[{"@type":"ReadAction","target":["https:\/\/coalasolutions.com\/se\/kategorier\/cat-4\/"]}]},{"@type":"BreadcrumbList","@id":"https:\/\/coalasolutions.com\/se\/kategorier\/cat-4\/#breadcrumb","itemListElement":[{"@type":"ListItem","position":1,"name":"Hem","item":"https:\/\/coalasolutions.com\/se\/"},{"@type":"ListItem","position":2,"name":"Analyskategorier Coala","item":"https:\/\/coalasolutions.com\/se\/kategorier\/"},{"@type":"ListItem","position":3,"name":"Kat. 4 &#8211; Coala indikerar f\u00f6rh\u00f6jd hj\u00e4rtfrekvens"}]},{"@type":"WebSite","@id":"https:\/\/coalasolutions.com\/se\/#website","url":"https:\/\/coalasolutions.com\/se\/","name":"Coala Solution - SE","description":"Unik digital hj\u00e4rtmonitor","publisher":{"@id":"https:\/\/coalasolutions.com\/se\/#organization"},"potentialAction":[{"@type":"SearchAction","target":{"@type":"EntryPoint","urlTemplate":"https:\/\/coalasolutions.com\/se\/?s={search_term_string}"},"query-input":{"@type":"PropertyValueSpecification","valueRequired":true,"valueName":"search_term_string"}}],"inLanguage":"sv-SE"},{"@type":"Organization","@id":"https:\/\/coalasolutions.com\/se\/#organization","name":"Coala Solution - SE","url":"https:\/\/coalasolutions.com\/se\/","logo":{"@type":"ImageObject","inLanguage":"sv-SE","@id":"https:\/\/coalasolutions.com\/se\/#\/schema\/logo\/image\/","url":"https:\/\/coalasolutions.com\/se\/wp-content\/uploads\/sites\/2\/2022\/06\/coala-logo-blue.svg","contentUrl":"https:\/\/coalasolutions.com\/se\/wp-content\/uploads\/sites\/2\/2022\/06\/coala-logo-blue.svg","width":136,"height":25,"caption":"Coala Solution - SE"},"image":{"@id":"https:\/\/coalasolutions.com\/se\/#\/schema\/logo\/image\/"}}]}},"_links":{"self":[{"href":"https:\/\/coalasolutions.com\/se\/wp-json\/wp\/v2\/pages\/686","targetHints":{"allow":["GET"]}}],"collection":[{"href":"https:\/\/coalasolutions.com\/se\/wp-json\/wp\/v2\/pages"}],"about":[{"href":"https:\/\/coalasolutions.com\/se\/wp-json\/wp\/v2\/types\/page"}],"author":[{"embeddable":true,"href":"https:\/\/coalasolutions.com\/se\/wp-json\/wp\/v2\/users\/15"}],"replies":[{"embeddable":true,"href":"https:\/\/coalasolutions.com\/se\/wp-json\/wp\/v2\/comments?post=686"}],"version-history":[{"count":5,"href":"https:\/\/coalasolutions.com\/se\/wp-json\/wp\/v2\/pages\/686\/revisions"}],"predecessor-version":[{"id":4720,"href":"https:\/\/coalasolutions.com\/se\/wp-json\/wp\/v2\/pages\/686\/revisions\/4720"}],"up":[{"embeddable":true,"href":"https:\/\/coalasolutions.com\/se\/wp-json\/wp\/v2\/pages\/596"}],"wp:attachment":[{"href":"https:\/\/coalasolutions.com\/se\/wp-json\/wp\/v2\/media?parent=686"}],"curies":[{"name":"wp","href":"https:\/\/api.w.org\/{rel}","templated":true}]}}