{"id":682,"date":"2022-05-02T14:07:12","date_gmt":"2022-05-02T12:07:12","guid":{"rendered":"https:\/\/coalasolutions.com\/se\/?page_id=682"},"modified":"2024-06-12T22:29:15","modified_gmt":"2024-06-12T20:29:15","slug":"cat-3","status":"publish","type":"page","link":"https:\/\/coalasolutions.com\/se\/kategorier\/cat-3\/","title":{"rendered":"Kat. 3 &#8211; Coala indikerar \u00f6verhoppade hj\u00e4rtslag"},"content":{"rendered":"<p>Coala systemet \u00e4r utvecklat f\u00f6r att kunna indikera f\u00f6r\u00e4ndringar i hj\u00e4rtats rytm. N\u00e4r systemet finner ett \u00f6verhoppat hj\u00e4rtslag\/impuls markeras det i registreringen. Tillf\u00e4lligt \u00f6verhoppade hj\u00e4rtslag beror p\u00e5 f\u00f6rs\u00e4mrad impulsbildning fr\u00e5n de celler i hj\u00e4rtat som normalt sett skickar ut den impuls som leder till ett hj\u00e4rtslag.<\/p>\n<p>Ett hj\u00e4rtslag kan ocks\u00e5 f\u00f6rdr\u00f6jas tillf\u00e4lligt eller permanent. Det beror p\u00e5 att det omr\u00e5de eller \u201dv\u00e4g\u201d i hj\u00e4rtat som signalen\/impulsen normalt f\u00e4rdas l\u00e4ngs \u00e4r blockerad.<\/p>\n<p>Impulsbildningen uppvisar med \u00e5ren ofta en neds\u00e4ttning i de celler som normalt skickar hj\u00e4rtslagsimpulser vilket kan leda till l\u00e4gre hj\u00e4rtfrekvens. Samtidigt kan med \u00f6kande \u00e5lder st\u00f6rningar i fortplantningen av impulsen uppkomma. Om den normala hj\u00e4rtrytmen blir f\u00f6r l\u00e5ngsam kan andra celler ta \u00f6ver impulsgivningen, men d\u00e5\u00a0<em>oftast<\/em>\u00a0med l\u00e4gre frekvens \u00e4n normalt. Om detta sker, kan det i vissa fall beh\u00f6vas en pacemaker.<\/p>\n<p><strong>\u00d6verhoppade hj\u00e4rtslag \u00e4r i regel inte farliga. Skulle du uppleva obehag, svimningsk\u00e4nsla, bli kallsvettig b\u00f6r du kontakta sjukv\u00e5rden.<\/strong><\/p>\n<p>&nbsp;<\/p>\n<p><em>Resultaten som visas i Coala App \u00e4r endast avsedda att anv\u00e4ndas som en indikator av ditt h\u00e4lsotillst\u00e5nd och informationen ska endast ses som upplysande. Coala Solutions friskriver sig s\u00e5ledes uttryckligen fr\u00e5n allt ansvar f\u00f6r fel och skador, och l\u00e4mnar inga garantier (varken uttryckliga eller underf\u00f6rst\u00e5dda) betr\u00e4ffande h\u00e4lsoinformationen. Vid minsta tvekan om ditt h\u00e4lsotillst\u00e5nd rekommenderar Coala Solutions att du alltid kontaktar v\u00e5rdgivare, din l\u00e4kare eller 112 vid n\u00f6dfall<\/em><\/p>\n<p>&nbsp;<\/p>\n<p>&nbsp;<\/p>\n","protected":false},"excerpt":{"rendered":"<p>Coala systemet \u00e4r utvecklat f\u00f6r att kunna indikera f\u00f6r\u00e4ndringar i hj\u00e4rtats rytm. N\u00e4r systemet finner ett \u00f6verhoppat hj\u00e4rtslag\/impuls markeras det i registreringen. Tillf\u00e4lligt \u00f6verhoppade hj\u00e4rtslag beror p\u00e5 f\u00f6rs\u00e4mrad impulsbildning fr\u00e5n de celler i hj\u00e4rtat som normalt sett skickar ut den impuls som leder till ett hj\u00e4rtslag. Ett hj\u00e4rtslag kan ocks\u00e5 f\u00f6rdr\u00f6jas tillf\u00e4lligt eller permanent. Det [&hellip;]<\/p>\n","protected":false},"author":15,"featured_media":0,"parent":596,"menu_order":0,"comment_status":"closed","ping_status":"closed","template":"","meta":{"_acf_changed":false,"content-type":"","_coblocks_attr":"","_coblocks_dimensions":"","_coblocks_responsive_height":"","_coblocks_accordion_ie_support":"","footnotes":""},"class_list":["post-682","page","type-page","status-publish","hentry"],"acf":[],"yoast_head":"<!-- This site is optimized with the Yoast SEO plugin v27.1.1 - https:\/\/yoast.com\/product\/yoast-seo-wordpress\/ -->\n<title>Kat. 3 - Coala indikerar \u00f6verhoppade hj\u00e4rtslag - Coala Solution - SE<\/title>\n<meta name=\"robots\" content=\"index, follow, max-snippet:-1, max-image-preview:large, max-video-preview:-1\" \/>\n<link rel=\"canonical\" href=\"https:\/\/coalasolutions.com\/se\/kategorier\/cat-3\/\" \/>\n<meta property=\"og:locale\" content=\"sv_SE\" \/>\n<meta property=\"og:type\" content=\"article\" \/>\n<meta property=\"og:title\" content=\"Kat. 3 - Coala indikerar \u00f6verhoppade hj\u00e4rtslag - Coala Solution - SE\" \/>\n<meta property=\"og:description\" content=\"Coala systemet \u00e4r utvecklat f\u00f6r att kunna indikera f\u00f6r\u00e4ndringar i hj\u00e4rtats rytm. N\u00e4r systemet finner ett \u00f6verhoppat hj\u00e4rtslag\/impuls markeras det i registreringen. Tillf\u00e4lligt \u00f6verhoppade hj\u00e4rtslag beror p\u00e5 f\u00f6rs\u00e4mrad impulsbildning fr\u00e5n de celler i hj\u00e4rtat som normalt sett skickar ut den impuls som leder till ett hj\u00e4rtslag. Ett hj\u00e4rtslag kan ocks\u00e5 f\u00f6rdr\u00f6jas tillf\u00e4lligt eller permanent. Det [&hellip;]\" \/>\n<meta property=\"og:url\" content=\"https:\/\/coalasolutions.com\/se\/kategorier\/cat-3\/\" \/>\n<meta property=\"og:site_name\" content=\"Coala Solution - SE\" \/>\n<meta property=\"article:modified_time\" content=\"2024-06-12T20:29:15+00:00\" \/>\n<meta name=\"twitter:card\" content=\"summary_large_image\" \/>\n<meta name=\"twitter:label1\" content=\"Ber\u00e4knad l\u00e4stid\" \/>\n\t<meta name=\"twitter:data1\" content=\"2 minuter\" \/>\n<script type=\"application\/ld+json\" class=\"yoast-schema-graph\">{\"@context\":\"https:\/\/schema.org\",\"@graph\":[{\"@type\":\"WebPage\",\"@id\":\"https:\/\/coalasolutions.com\/se\/kategorier\/cat-3\/\",\"url\":\"https:\/\/coalasolutions.com\/se\/kategorier\/cat-3\/\",\"name\":\"Kat. 3 - Coala indikerar \u00f6verhoppade hj\u00e4rtslag - Coala Solution - SE\",\"isPartOf\":{\"@id\":\"https:\/\/coalasolutions.com\/se\/#website\"},\"datePublished\":\"2022-05-02T12:07:12+00:00\",\"dateModified\":\"2024-06-12T20:29:15+00:00\",\"breadcrumb\":{\"@id\":\"https:\/\/coalasolutions.com\/se\/kategorier\/cat-3\/#breadcrumb\"},\"inLanguage\":\"sv-SE\",\"potentialAction\":[{\"@type\":\"ReadAction\",\"target\":[\"https:\/\/coalasolutions.com\/se\/kategorier\/cat-3\/\"]}]},{\"@type\":\"BreadcrumbList\",\"@id\":\"https:\/\/coalasolutions.com\/se\/kategorier\/cat-3\/#breadcrumb\",\"itemListElement\":[{\"@type\":\"ListItem\",\"position\":1,\"name\":\"Hem\",\"item\":\"https:\/\/coalasolutions.com\/se\/\"},{\"@type\":\"ListItem\",\"position\":2,\"name\":\"Analyskategorier Coala\",\"item\":\"https:\/\/coalasolutions.com\/se\/kategorier\/\"},{\"@type\":\"ListItem\",\"position\":3,\"name\":\"Kat. 3 &#8211; Coala indikerar \u00f6verhoppade hj\u00e4rtslag\"}]},{\"@type\":\"WebSite\",\"@id\":\"https:\/\/coalasolutions.com\/se\/#website\",\"url\":\"https:\/\/coalasolutions.com\/se\/\",\"name\":\"Coala Solution - SE\",\"description\":\"Unik digital hj\u00e4rtmonitor\",\"publisher\":{\"@id\":\"https:\/\/coalasolutions.com\/se\/#organization\"},\"potentialAction\":[{\"@type\":\"SearchAction\",\"target\":{\"@type\":\"EntryPoint\",\"urlTemplate\":\"https:\/\/coalasolutions.com\/se\/?s={search_term_string}\"},\"query-input\":{\"@type\":\"PropertyValueSpecification\",\"valueRequired\":true,\"valueName\":\"search_term_string\"}}],\"inLanguage\":\"sv-SE\"},{\"@type\":\"Organization\",\"@id\":\"https:\/\/coalasolutions.com\/se\/#organization\",\"name\":\"Coala Solution - SE\",\"url\":\"https:\/\/coalasolutions.com\/se\/\",\"logo\":{\"@type\":\"ImageObject\",\"inLanguage\":\"sv-SE\",\"@id\":\"https:\/\/coalasolutions.com\/se\/#\/schema\/logo\/image\/\",\"url\":\"https:\/\/coalasolutions.com\/se\/wp-content\/uploads\/sites\/2\/2022\/06\/coala-logo-blue.svg\",\"contentUrl\":\"https:\/\/coalasolutions.com\/se\/wp-content\/uploads\/sites\/2\/2022\/06\/coala-logo-blue.svg\",\"width\":136,\"height\":25,\"caption\":\"Coala Solution - SE\"},\"image\":{\"@id\":\"https:\/\/coalasolutions.com\/se\/#\/schema\/logo\/image\/\"}}]}<\/script>\n<!-- \/ Yoast SEO plugin. -->","yoast_head_json":{"title":"Kat. 3 - Coala indikerar \u00f6verhoppade hj\u00e4rtslag - Coala Solution - SE","robots":{"index":"index","follow":"follow","max-snippet":"max-snippet:-1","max-image-preview":"max-image-preview:large","max-video-preview":"max-video-preview:-1"},"canonical":"https:\/\/coalasolutions.com\/se\/kategorier\/cat-3\/","og_locale":"sv_SE","og_type":"article","og_title":"Kat. 3 - Coala indikerar \u00f6verhoppade hj\u00e4rtslag - Coala Solution - SE","og_description":"Coala systemet \u00e4r utvecklat f\u00f6r att kunna indikera f\u00f6r\u00e4ndringar i hj\u00e4rtats rytm. N\u00e4r systemet finner ett \u00f6verhoppat hj\u00e4rtslag\/impuls markeras det i registreringen. Tillf\u00e4lligt \u00f6verhoppade hj\u00e4rtslag beror p\u00e5 f\u00f6rs\u00e4mrad impulsbildning fr\u00e5n de celler i hj\u00e4rtat som normalt sett skickar ut den impuls som leder till ett hj\u00e4rtslag. Ett hj\u00e4rtslag kan ocks\u00e5 f\u00f6rdr\u00f6jas tillf\u00e4lligt eller permanent. Det [&hellip;]","og_url":"https:\/\/coalasolutions.com\/se\/kategorier\/cat-3\/","og_site_name":"Coala Solution - SE","article_modified_time":"2024-06-12T20:29:15+00:00","twitter_card":"summary_large_image","twitter_misc":{"Ber\u00e4knad l\u00e4stid":"2 minuter"},"schema":{"@context":"https:\/\/schema.org","@graph":[{"@type":"WebPage","@id":"https:\/\/coalasolutions.com\/se\/kategorier\/cat-3\/","url":"https:\/\/coalasolutions.com\/se\/kategorier\/cat-3\/","name":"Kat. 3 - Coala indikerar \u00f6verhoppade hj\u00e4rtslag - Coala Solution - SE","isPartOf":{"@id":"https:\/\/coalasolutions.com\/se\/#website"},"datePublished":"2022-05-02T12:07:12+00:00","dateModified":"2024-06-12T20:29:15+00:00","breadcrumb":{"@id":"https:\/\/coalasolutions.com\/se\/kategorier\/cat-3\/#breadcrumb"},"inLanguage":"sv-SE","potentialAction":[{"@type":"ReadAction","target":["https:\/\/coalasolutions.com\/se\/kategorier\/cat-3\/"]}]},{"@type":"BreadcrumbList","@id":"https:\/\/coalasolutions.com\/se\/kategorier\/cat-3\/#breadcrumb","itemListElement":[{"@type":"ListItem","position":1,"name":"Hem","item":"https:\/\/coalasolutions.com\/se\/"},{"@type":"ListItem","position":2,"name":"Analyskategorier Coala","item":"https:\/\/coalasolutions.com\/se\/kategorier\/"},{"@type":"ListItem","position":3,"name":"Kat. 3 &#8211; Coala indikerar \u00f6verhoppade hj\u00e4rtslag"}]},{"@type":"WebSite","@id":"https:\/\/coalasolutions.com\/se\/#website","url":"https:\/\/coalasolutions.com\/se\/","name":"Coala Solution - SE","description":"Unik digital hj\u00e4rtmonitor","publisher":{"@id":"https:\/\/coalasolutions.com\/se\/#organization"},"potentialAction":[{"@type":"SearchAction","target":{"@type":"EntryPoint","urlTemplate":"https:\/\/coalasolutions.com\/se\/?s={search_term_string}"},"query-input":{"@type":"PropertyValueSpecification","valueRequired":true,"valueName":"search_term_string"}}],"inLanguage":"sv-SE"},{"@type":"Organization","@id":"https:\/\/coalasolutions.com\/se\/#organization","name":"Coala Solution - SE","url":"https:\/\/coalasolutions.com\/se\/","logo":{"@type":"ImageObject","inLanguage":"sv-SE","@id":"https:\/\/coalasolutions.com\/se\/#\/schema\/logo\/image\/","url":"https:\/\/coalasolutions.com\/se\/wp-content\/uploads\/sites\/2\/2022\/06\/coala-logo-blue.svg","contentUrl":"https:\/\/coalasolutions.com\/se\/wp-content\/uploads\/sites\/2\/2022\/06\/coala-logo-blue.svg","width":136,"height":25,"caption":"Coala Solution - SE"},"image":{"@id":"https:\/\/coalasolutions.com\/se\/#\/schema\/logo\/image\/"}}]}},"_links":{"self":[{"href":"https:\/\/coalasolutions.com\/se\/wp-json\/wp\/v2\/pages\/682","targetHints":{"allow":["GET"]}}],"collection":[{"href":"https:\/\/coalasolutions.com\/se\/wp-json\/wp\/v2\/pages"}],"about":[{"href":"https:\/\/coalasolutions.com\/se\/wp-json\/wp\/v2\/types\/page"}],"author":[{"embeddable":true,"href":"https:\/\/coalasolutions.com\/se\/wp-json\/wp\/v2\/users\/15"}],"replies":[{"embeddable":true,"href":"https:\/\/coalasolutions.com\/se\/wp-json\/wp\/v2\/comments?post=682"}],"version-history":[{"count":7,"href":"https:\/\/coalasolutions.com\/se\/wp-json\/wp\/v2\/pages\/682\/revisions"}],"predecessor-version":[{"id":4719,"href":"https:\/\/coalasolutions.com\/se\/wp-json\/wp\/v2\/pages\/682\/revisions\/4719"}],"up":[{"embeddable":true,"href":"https:\/\/coalasolutions.com\/se\/wp-json\/wp\/v2\/pages\/596"}],"wp:attachment":[{"href":"https:\/\/coalasolutions.com\/se\/wp-json\/wp\/v2\/media?parent=682"}],"curies":[{"name":"wp","href":"https:\/\/api.w.org\/{rel}","templated":true}]}}