{"id":665,"date":"2022-05-02T12:53:57","date_gmt":"2022-05-02T10:53:57","guid":{"rendered":"https:\/\/coalasolutions.com\/se\/?page_id=665"},"modified":"2022-05-02T12:55:00","modified_gmt":"2022-05-02T10:55:00","slug":"hjrtats-struktur-funktion-och-sjukdomar","status":"publish","type":"page","link":"https:\/\/coalasolutions.com\/se\/patient\/hjrtats-struktur-funktion-och-sjukdomar\/","title":{"rendered":"Om hj\u00e4rtats struktur, funktion och sjukdomar"},"content":{"rendered":"<p><strong>Kaj Lindvall<\/strong>\u00a0<em>&#8211;\u00a0Kardiolog, docent Karolinska Institutet<\/em><\/p>\n<p>Hj\u00e4rtats huvuduppgift \u00e4r att, genom blodfl\u00f6de, transportera n\u00e4ring och syre till kroppens samtliga delar, samt f\u00f6ra bort koldioxid och rester fr\u00e5n v\u00e4vnaderna. Stannar hj\u00e4rtat kommer ingen ny n\u00e4ring och inget syre till kroppens organ. Denna bristsituation skadar kroppen vilket i de vitala delarna (hj\u00e4rnan, hj\u00e4rtmuskeln) leder till skador inom minuter. Samtliga strukturer (se nedan) samverkar f\u00f6r att hj\u00e4rtmuskelcellerna skall arbeta s\u00e5 effektivt som m\u00f6jligt.<\/p>\n<p>&nbsp;<\/p>\n<h4>1.\u00a0GRUNDL\u00c4GGANDE BINDV\u00c4VSSTRUKTUR<\/h4>\n<p>Hj\u00e4rtat best\u00e5r av en grundl\u00e4ggande bindv\u00e4vsstruktur. Bindv\u00e4ven stabiliserar hj\u00e4rtats form och bildar f\u00e4ste f\u00f6r mer specialiserade strukturer.<\/p>\n<p>Hj\u00e4rtat best\u00e5r i tur och ordning av fyra hj\u00e4rtrum (h\u00f6ger f\u00f6rmak, h\u00f6ger kammare,\u00a0v\u00e4nster f\u00f6rmak och v\u00e4nster kammare) kopplade i serie. I lungorna, vilka \u00e4r inkopplade mellan h\u00f6ger kammare och v\u00e4nster f\u00f6rmak, l\u00e4mnas koldioxid fr\u00e5n\u00a0blodet till lungan och samtidigt f\u00f6rs syre till blodet.<\/p>\n<p><strong>Missbildningar och sjukdomar i bindv\u00e4ven<\/strong><\/p>\n<p>Missbildningar i hj\u00e4rtat uppt\u00e4cks via den ordinarie h\u00e4lsoscreeningen av den gravida kvinnan och via BVC genom unders\u00f6kning av barnet. Ekokardiografi \u00e4r d\u00e5 en v\u00e4rdefull unders\u00f6kning. M\u00e5nga missbildningar kan korrigeras kirurgiskt, varvid m\u00e5nga uppn\u00e5r vuxen \u00e5lder med god hj\u00e4rtfunktion.<\/p>\n<p><strong>Sjukdomar i bindv\u00e4ven<\/strong><\/p>\n<p>Tum\u00f6rer i hj\u00e4rtat, vilka utg\u00e5r fr\u00e5n bindv\u00e4ven, \u00e4r mycket ovanliga (myxom; sarkom) men uppt\u00e4cks vanligen vid en ekokardiografisk unders\u00f6kning.<\/p>\n<p>&nbsp;<\/p>\n<h4>2. HJ\u00c4RTMUSKELN<\/h4>\n<p>Hj\u00e4rtrummen omsluts av hj\u00e4rtv\u00e4ggar med hj\u00e4rtmuskelfibrer, vilka dras samman och pumpar blodet vidare. Hj\u00e4rtmuskeln har en speciell muskelfiber som arbetar p\u00e5 egen hand utan viljestyrning. Ett hj\u00e4rta pumpar cirka 3 miljarder g\u00e5nger under en livstid och producerar cirka 250 miljoner liter blod.<\/p>\n<p><strong>Sjukdomar i hj\u00e4rtmuskeln<\/strong><\/p>\n<p>Kardiomyopati. Det finns hos vissa familjer en \u00e4rftlig komponent f\u00f6r hj\u00e4rtmuskelsjukdom, vilken vanligen yttrar sig senare i livet. B\u00e5de f\u00f6rtjockning och f\u00f6rtunning av hj\u00e4rtv\u00e4ggen kan uppst\u00e5, men uppt\u00e4cks l\u00e4tt vid ekokardiografisk unders\u00f6kning. I vissa fall finns en tendens till att arytmier utl\u00f6ses i de omr\u00e5den av hj\u00e4rtmuskeln som \u00e4r sjuklig och i enstaka tillf\u00e4llen kan arytmin vara allvarlig. Kardiomyopati kan g\u00e5 symtoml\u00f6st f\u00f6rbi och uppt\u00e4cks m\u00e5nga g\u00e5nger f\u00f6rst d\u00e5 arytmier upptr\u00e4der.<\/p>\n<p>Kransk\u00e4rlssjukdom. Kransk\u00e4rlssjukdom \u00e4r en del i en generell \u00e5derf\u00f6rkalkningssjukdom (atheromatos) som \u00e4r vanligt f\u00f6rekommande i befolkningen och betraktas som en folksjukdom.<\/p>\n<p>F\u00f6r en god hj\u00e4rtfunktion \u00e4r hj\u00e4rtmuskeln beroende av god tillg\u00e5ng till n\u00e4ring och syre. Vid f\u00f6rtr\u00e4ngningar av hj\u00e4rtats kransk\u00e4rl kan bristsituationer uppst\u00e5, vilka leder till akut neds\u00e4ttning av hj\u00e4rtfunktionen i kortare (angina pectoris\/k\u00e4rlkramp) eller l\u00e4ngre perioder (hj\u00e4rtinfarkt). Vid en hj\u00e4rtinfarkt skadas hj\u00e4rtmuskelcellerna inom det omr\u00e5de som det tillt\u00e4ppta kransk\u00e4rlet skulle ha f\u00f6rs\u00f6rjt med n\u00e4ring och syre, s\u00e5 att hj\u00e4rtats pumpf\u00f6rm\u00e5ga f\u00f6rs\u00e4mras. Detta kan upplevas som s\u00e4mre kondition.<\/p>\n<p>Symtomen vid kransk\u00e4rlssjukdom \u00e4r vanligen en dov br\u00f6stsm\u00e4rta som kommer vid anstr\u00e4ngning, h\u00e5rt v\u00e4der eller stress. Sm\u00e4rtan kan str\u00e5la ut i ryggen, upp i halsen och ut i v\u00e4nster arms lillfingersida. Ofta tillkommer illam\u00e5ende och kallsvett.<\/p>\n<p><strong>Hj\u00e4rtsvikt (egentligen hj\u00e4rtmuskelsvikt)<\/strong><\/p>\n<p>Hj\u00e4rtsvikt kan delas in i akut och kronisk och kallas ocks\u00e5 hj\u00e4rtinkompensation eller hj\u00e4rtinsufficiens.<\/p>\n<p>Akut hj\u00e4rtsvikt uppst\u00e5r vid en obalans mellan de olika delarna i hj\u00e4rtarbetet. Det vanligaste \u00e4r att allt f\u00f6r h\u00f6g hj\u00e4rtfrekvens tillkommer (ex. f\u00f6rmaksflimmer) efter en l\u00e4ngre tids belastning p\u00e5 hj\u00e4rtat. Den h\u00f6ga hj\u00e4rtfrekvensen kan tr\u00f6tta ut hj\u00e4rtmuskelcellerna som inte kan h\u00e5lla undan det p\u00e5g\u00e5ende blodfl\u00f6det, varefter trycket stiger bl.a. i lungan och v\u00e4tska tr\u00e4der ut i alveolerna och skapar ett \u00f6dem. Symtomen blir andn\u00f6d, kanske kallsvett och tr\u00f6tthet.<\/p>\n<p>Vid kronisk hj\u00e4rtsvikt framtr\u00e4der framf\u00f6r allt nedsatt kondition, liksom svullna anklar\/ben.<\/p>\n<p>Vid h\u00f6gt blodtryck, f\u00f6rtr\u00e4ngning i aortaklaffen eller vid kardiomyopati har hj\u00e4rtat f\u00e5tt arbeta mot ett motst\u00e5nd eller med nedsatt funktionalitet i hj\u00e4rtmuskeln, vilket till slut tr\u00f6ttar ut muskelcellerna och s\u00e4nker kapaciteten. Detta sker ofta i kombination med att flimmer tillst\u00f6ter.<\/p>\n<p>Den kroniska hj\u00e4rtsvikten \u00e4r oftast stabil, men med nedsatt funktion j\u00e4mf\u00f6rt med f\u00f6rv\u00e4ntad. Betydande medicinering med hj\u00e4rtst\u00e4rkande mediciner kr\u00e4vs oftast f\u00f6r att uppn\u00e5 detta balanserade l\u00e4ge med adekvat hj\u00e4rtfrekvens.<\/p>\n<p>&nbsp;<\/p>\n<h4>3. HJ\u00c4RTKLAFFARNA<\/h4>\n<p>F\u00f6r att f\u00e5 god effekt p\u00e5 blodfl\u00f6det finns 4 hj\u00e4rtklaffar, vilka fungerar som backventiler och dessa hindrar blodet fr\u00e5n att fl\u00f6da bak\u00e5t. I samband med \u00f6ppning och st\u00e4ngning av hj\u00e4rtklaffarna uppst\u00e5r karakteristiska ljud, vilka kan h\u00f6ras i stetoskop, synligg\u00f6ras med ekokardiografi eller registreras med Coalan.<\/p>\n<p><strong>Sjukdomar i hj\u00e4rtklaffarna.<\/strong><\/p>\n<p>De normala hj\u00e4rtklaffarnas funktion \u00e4r att vara backventiler, f\u00f6r att se till att hj\u00e4rtkontraktionerna leder till att blodet r\u00f6r sig ut mot kroppens v\u00e4vnader. Med \u00e5ren uppst\u00e5r en n\u00f6tning p\u00e5 klaffbladen s\u00e5 att dessa styvnar och i vissa fall f\u00f6rtr\u00e4ngs klaffostiet och hindrar d\u00e4rmed blodfl\u00f6det. Detta g\u00e4ller oftast puls\u00e5derklaffen mellan den v\u00e4nstra kammaren och kroppspuls\u00e5dern. \u00d6vriga klaffar \u00e4r mer s\u00e4llan p\u00e5verkade. Ett av sk\u00e4len till detta \u00e4r att de \u00f6vriga klaffarna arbetar med l\u00e4gre tryck och fl\u00f6den och slits d\u00e4rmed mindre. Generellt kan s\u00e4gas att tidig behandling av infektioner med antibiotika har minskat risken f\u00f6r bakteriev\u00e4xt p\u00e5 klaffbladen (endokardit).<\/p>\n<p>Bl\u00e5sljud fr\u00e5n hj\u00e4rtklaffarna uppst\u00e5r i sammandragningsfasen av v\u00e4nster kammare d\u00e5 det finns en f\u00f6rtr\u00e4ngning i puls\u00e5derklaffen eller ett bl\u00e5sljud i vilofasen om puls\u00e5derklaffen l\u00e4cker tillbaka blod in i v\u00e4nster kammare. Liknande situation uppst\u00e5r vid de andra hj\u00e4rtklaffarna.<\/p>\n<p>&nbsp;<\/p>\n<h4>4. ELEKTRISK AKTIVERING<\/h4>\n<p>Samtliga hj\u00e4rtceller kan skapa impulser, vilka f\u00e5r hj\u00e4rtmuskelcellerna att dra ihop sig. Dock finns det i Retledningssystemet \u00f6verordnade celler som p\u00e5 ett specialiserat s\u00e4tt skapar impulser i ett system av kabelliknande fibrer. F\u00f6r en god effekt av hj\u00e4rtarbetet kr\u00e4vs att hj\u00e4rtats muskelfibrer aktiveras i r\u00e4tt sekvens. I h\u00f6ger f\u00f6rmak finns celler (sinusknutan) vilka effektivast bygger upp en elektrisk sp\u00e4nning och skickar iv\u00e4g en elektrisk impuls en g\u00e5ng per hj\u00e4rtslag (50-200 impulser\/minut beroende p\u00e5 anstr\u00e4ngningen) innan \u00f6vriga celler hinner med att aktiveras. Ibland hinner en extra impuls aktivera hj\u00e4rtmuskelcellerna f\u00f6re den normala impulsen, vilket kan k\u00e4nnas som ett dunk i br\u00f6stkorgen.<\/p>\n<p><strong>Sjukdomar pga felaktig elektrisk aktivering.<\/strong><\/p>\n<p>Den ideala hj\u00e4rtrytmen \u00e4r sinusrytm, d\u00e4r de olika strukturerna i hj\u00e4rtat bidrar optimalt. M\u00e5nga enklare arytmier p\u00e5verkar inte cirkulationen p\u00e5tagligt varf\u00f6r dessa kan f\u00e5 kvarst\u00e5 utan \u00e5tg\u00e4rd.<\/p>\n<p>Ju st\u00f6rre p\u00e5verkan och ju mer l\u00e4nkad arytmin \u00e4r till bakomliggande orsak, desto viktigare att arytmin blir en del i den totala behandlingen.<\/p>\n<p>Vid nedsatt impulsspridning kan pacemaker bli aktuell, vid blandad bradykardi och tachykardi kan b\u00e5de pacemaker och arytmid\u00e4mpande behandling bli aktuella. Vid kammarartymi kan man beh\u00f6va d\u00e4mpa sj\u00e4lva k\u00e4llan till arytmin och i vissa l\u00e4gen kan individen beh\u00f6va skyddas med en attackbrytande ICD.<\/p>\n<p>&nbsp;<\/p>\n<h4>5. KRANSK\u00c4RLEN<\/h4>\n<p>Hj\u00e4rtats egen n\u00e4rings- och syref\u00f6rs\u00f6rjning sker via hj\u00e4rtats kransk\u00e4rl, h\u00f6ger och v\u00e4nster, d\u00e4r den senare delar upp sig i tv\u00e5 huvudgrenar, med ansvar f\u00f6r i tre begr\u00e4nsat \u00f6verlappande ansvarsomr\u00e5den.<\/p>\n<p><strong>Sjukdomar i hj\u00e4rtats kransk\u00e4rl.<\/strong><\/p>\n<p>Vid akut hj\u00e4rtinfarkt uppst\u00e5r en akut f\u00f6rtr\u00e4ngning i ett eller flera av hj\u00e4rtats kransk\u00e4rl. Detta leder till en br\u00f6stsm\u00e4rta som beskrivs som dov, djup, intensiv med utstr\u00e5lning mot rygg, hals och v\u00e4nster arm. Den resulterande neds\u00e4ttningen av blodfl\u00f6det fr\u00e5n hj\u00e4rtat g\u00f6r att kroppens alarmsystem sl\u00e5r till med illam\u00e5ende, kallsvett, blodtryckss\u00e4nkning och andn\u00f6d. I denna situation skall man akut ta sig till ett akutsjukhus f\u00f6r snabb diagnostik och ofta med vidgning av det f\u00f6rtr\u00e4ngda k\u00e4rlet och d\u00e4refter l\u00e5ngvarig f\u00f6rebyggande medicinsk behandling och livsstilsf\u00f6r\u00e4ndringar.<\/p>\n<p>Numera finns en stor f\u00f6rst\u00e5else f\u00f6r att utredning snabbt ska ske av br\u00f6stsm\u00e4rta, d\u00e4r kransk\u00e4rlsf\u00f6rtr\u00e4ngning kan vara orsak, s\u00e5 att f\u00f6rebyggande interventioner i kransk\u00e4rlen kan genomf\u00f6ras innan skador hinner intr\u00e4ffa. Symtomen att leta efter \u00e4r anstr\u00e4ngningsutl\u00f6st sm\u00e4rta, sm\u00e4rta som upptr\u00e4der vid h\u00e5rt v\u00e4der, stress eller om annan hj\u00e4rtsjukdomen \u00f6kar belastningen p\u00e5 hj\u00e4rtat. M\u00e4rks en f\u00f6r\u00e4ndring s\u00e5 att samma symtom kommer redan i vila b\u00f6r man s\u00f6ka akutmottagningen. Om en f\u00f6r kransk\u00e4rlen misst\u00e4nkt br\u00f6stsm\u00e4rta sitter kvar mer \u00e4n 15 minuter skall man snabbt ta sig till akutsjukhus.<\/p>\n<p>&nbsp;<\/p>\n<h4>6. HJ\u00c4RTS\u00c4CKEN<\/h4>\n<p>F\u00f6r ett fullgott hj\u00e4rtarbete kr\u00e4vs att hj\u00e4rts\u00e4cken h\u00e5ller friktionen l\u00e5g mellan hj\u00e4rtat och kringliggande v\u00e4vnader (framf\u00f6r allt br\u00f6stkorgen, lungorna, diafragma), vilket sker genom en liten m\u00e4ngd v\u00e4tska mellan hj\u00e4rts\u00e4cksbladen.<\/p>\n<p><strong>Sjukdomar i hj\u00e4rts\u00e4cken<\/strong><\/p>\n<p>I samband med virusinfektioner kan viruset i mycket enstaka fall angripa hj\u00e4rts\u00e4cken, s\u00e5 att en inflammation bildas. Inflammationen skapar irritation i hj\u00e4rts\u00e4cken och kan ge betydande sm\u00e4rta, vilken ofta p\u00e5verkas av kroppsl\u00e4get eller hostningar. Inflammationen leder till \u00f6kning av v\u00e4tskan i hj\u00e4rts\u00e4cken, vilket i sin tur lindrar sm\u00e4rtan. V\u00e4tskan i hj\u00e4rts\u00e4cken kan kvardr\u00f6ja flera veckor.<\/p>\n<p>Efter hj\u00e4rtkirurgi kvarstannar oftast en liten m\u00e4ngd v\u00e4tska i hj\u00e4rts\u00e4cken. V\u00e4tskan tas efter hand upp av kroppens renh\u00e5llningssystem.<\/p>\n<p>&nbsp;<\/p>\n","protected":false},"excerpt":{"rendered":"<p>Kaj Lindvall\u00a0&#8211;\u00a0Kardiolog, docent Karolinska Institutet Hj\u00e4rtats huvuduppgift \u00e4r att, genom blodfl\u00f6de, transportera n\u00e4ring och syre till kroppens samtliga delar, samt f\u00f6ra bort koldioxid och rester fr\u00e5n v\u00e4vnaderna. Stannar hj\u00e4rtat kommer ingen ny n\u00e4ring och inget syre till kroppens organ. Denna bristsituation skadar kroppen vilket i de vitala delarna (hj\u00e4rnan, hj\u00e4rtmuskeln) leder till skador inom minuter. [&hellip;]<\/p>\n","protected":false},"author":2,"featured_media":0,"parent":364,"menu_order":0,"comment_status":"closed","ping_status":"closed","template":"","meta":{"_acf_changed":false,"content-type":"","_coblocks_attr":"","_coblocks_dimensions":"","_coblocks_responsive_height":"","_coblocks_accordion_ie_support":"","footnotes":""},"class_list":["post-665","page","type-page","status-publish","hentry"],"acf":[],"yoast_head":"<!-- This site is optimized with the Yoast SEO plugin v27.4 - https:\/\/yoast.com\/product\/yoast-seo-wordpress\/ -->\n<title>Om hj\u00e4rtats struktur, funktion och sjukdomar - Coala Solution - SE<\/title>\n<meta name=\"robots\" content=\"index, follow, max-snippet:-1, max-image-preview:large, max-video-preview:-1\" \/>\n<link rel=\"canonical\" href=\"https:\/\/coalasolutions.com\/se\/patient\/hjrtats-struktur-funktion-och-sjukdomar\/\" \/>\n<meta property=\"og:locale\" content=\"sv_SE\" \/>\n<meta property=\"og:type\" content=\"article\" \/>\n<meta property=\"og:title\" content=\"Om hj\u00e4rtats struktur, funktion och sjukdomar - Coala Solution - SE\" \/>\n<meta property=\"og:description\" content=\"Kaj Lindvall\u00a0&#8211;\u00a0Kardiolog, docent Karolinska Institutet Hj\u00e4rtats huvuduppgift \u00e4r att, genom blodfl\u00f6de, transportera n\u00e4ring och syre till kroppens samtliga delar, samt f\u00f6ra bort koldioxid och rester fr\u00e5n v\u00e4vnaderna. Stannar hj\u00e4rtat kommer ingen ny n\u00e4ring och inget syre till kroppens organ. Denna bristsituation skadar kroppen vilket i de vitala delarna (hj\u00e4rnan, hj\u00e4rtmuskeln) leder till skador inom minuter. [&hellip;]\" \/>\n<meta property=\"og:url\" content=\"https:\/\/coalasolutions.com\/se\/patient\/hjrtats-struktur-funktion-och-sjukdomar\/\" \/>\n<meta property=\"og:site_name\" content=\"Coala Solution - SE\" \/>\n<meta property=\"article:modified_time\" content=\"2022-05-02T10:55:00+00:00\" \/>\n<meta name=\"twitter:card\" content=\"summary_large_image\" \/>\n<meta name=\"twitter:label1\" content=\"Ber\u00e4knad l\u00e4stid\" \/>\n\t<meta name=\"twitter:data1\" content=\"8 minuter\" \/>\n<script type=\"application\/ld+json\" class=\"yoast-schema-graph\">{\"@context\":\"https:\\\/\\\/schema.org\",\"@graph\":[{\"@type\":\"WebPage\",\"@id\":\"https:\\\/\\\/coalasolutions.com\\\/se\\\/patient\\\/hjrtats-struktur-funktion-och-sjukdomar\\\/\",\"url\":\"https:\\\/\\\/coalasolutions.com\\\/se\\\/patient\\\/hjrtats-struktur-funktion-och-sjukdomar\\\/\",\"name\":\"Om hj\u00e4rtats struktur, funktion och sjukdomar - Coala Solution - SE\",\"isPartOf\":{\"@id\":\"https:\\\/\\\/coalasolutions.com\\\/se\\\/#website\"},\"datePublished\":\"2022-05-02T10:53:57+00:00\",\"dateModified\":\"2022-05-02T10:55:00+00:00\",\"breadcrumb\":{\"@id\":\"https:\\\/\\\/coalasolutions.com\\\/se\\\/patient\\\/hjrtats-struktur-funktion-och-sjukdomar\\\/#breadcrumb\"},\"inLanguage\":\"sv-SE\",\"potentialAction\":[{\"@type\":\"ReadAction\",\"target\":[\"https:\\\/\\\/coalasolutions.com\\\/se\\\/patient\\\/hjrtats-struktur-funktion-och-sjukdomar\\\/\"]}]},{\"@type\":\"BreadcrumbList\",\"@id\":\"https:\\\/\\\/coalasolutions.com\\\/se\\\/patient\\\/hjrtats-struktur-funktion-och-sjukdomar\\\/#breadcrumb\",\"itemListElement\":[{\"@type\":\"ListItem\",\"position\":1,\"name\":\"Hem\",\"item\":\"https:\\\/\\\/coalasolutions.com\\\/se\\\/\"},{\"@type\":\"ListItem\",\"position\":2,\"name\":\"Konsument\",\"item\":\"https:\\\/\\\/coalasolutions.com\\\/se\\\/patient\\\/\"},{\"@type\":\"ListItem\",\"position\":3,\"name\":\"Om hj\u00e4rtats struktur, funktion och sjukdomar\"}]},{\"@type\":\"WebSite\",\"@id\":\"https:\\\/\\\/coalasolutions.com\\\/se\\\/#website\",\"url\":\"https:\\\/\\\/coalasolutions.com\\\/se\\\/\",\"name\":\"Coala Solution - SE\",\"description\":\"Unik digital hj\u00e4rtmonitor\",\"publisher\":{\"@id\":\"https:\\\/\\\/coalasolutions.com\\\/se\\\/#organization\"},\"potentialAction\":[{\"@type\":\"SearchAction\",\"target\":{\"@type\":\"EntryPoint\",\"urlTemplate\":\"https:\\\/\\\/coalasolutions.com\\\/se\\\/?s={search_term_string}\"},\"query-input\":{\"@type\":\"PropertyValueSpecification\",\"valueRequired\":true,\"valueName\":\"search_term_string\"}}],\"inLanguage\":\"sv-SE\"},{\"@type\":\"Organization\",\"@id\":\"https:\\\/\\\/coalasolutions.com\\\/se\\\/#organization\",\"name\":\"Coala Solution - SE\",\"url\":\"https:\\\/\\\/coalasolutions.com\\\/se\\\/\",\"logo\":{\"@type\":\"ImageObject\",\"inLanguage\":\"sv-SE\",\"@id\":\"https:\\\/\\\/coalasolutions.com\\\/se\\\/#\\\/schema\\\/logo\\\/image\\\/\",\"url\":\"https:\\\/\\\/coalasolutions.com\\\/se\\\/wp-content\\\/uploads\\\/sites\\\/2\\\/2022\\\/06\\\/coala-logo-blue.svg\",\"contentUrl\":\"https:\\\/\\\/coalasolutions.com\\\/se\\\/wp-content\\\/uploads\\\/sites\\\/2\\\/2022\\\/06\\\/coala-logo-blue.svg\",\"width\":136,\"height\":25,\"caption\":\"Coala Solution - SE\"},\"image\":{\"@id\":\"https:\\\/\\\/coalasolutions.com\\\/se\\\/#\\\/schema\\\/logo\\\/image\\\/\"}}]}<\/script>\n<!-- \/ Yoast SEO plugin. -->","yoast_head_json":{"title":"Om hj\u00e4rtats struktur, funktion och sjukdomar - Coala Solution - SE","robots":{"index":"index","follow":"follow","max-snippet":"max-snippet:-1","max-image-preview":"max-image-preview:large","max-video-preview":"max-video-preview:-1"},"canonical":"https:\/\/coalasolutions.com\/se\/patient\/hjrtats-struktur-funktion-och-sjukdomar\/","og_locale":"sv_SE","og_type":"article","og_title":"Om hj\u00e4rtats struktur, funktion och sjukdomar - Coala Solution - SE","og_description":"Kaj Lindvall\u00a0&#8211;\u00a0Kardiolog, docent Karolinska Institutet Hj\u00e4rtats huvuduppgift \u00e4r att, genom blodfl\u00f6de, transportera n\u00e4ring och syre till kroppens samtliga delar, samt f\u00f6ra bort koldioxid och rester fr\u00e5n v\u00e4vnaderna. Stannar hj\u00e4rtat kommer ingen ny n\u00e4ring och inget syre till kroppens organ. Denna bristsituation skadar kroppen vilket i de vitala delarna (hj\u00e4rnan, hj\u00e4rtmuskeln) leder till skador inom minuter. [&hellip;]","og_url":"https:\/\/coalasolutions.com\/se\/patient\/hjrtats-struktur-funktion-och-sjukdomar\/","og_site_name":"Coala Solution - SE","article_modified_time":"2022-05-02T10:55:00+00:00","twitter_card":"summary_large_image","twitter_misc":{"Ber\u00e4knad l\u00e4stid":"8 minuter"},"schema":{"@context":"https:\/\/schema.org","@graph":[{"@type":"WebPage","@id":"https:\/\/coalasolutions.com\/se\/patient\/hjrtats-struktur-funktion-och-sjukdomar\/","url":"https:\/\/coalasolutions.com\/se\/patient\/hjrtats-struktur-funktion-och-sjukdomar\/","name":"Om hj\u00e4rtats struktur, funktion och sjukdomar - Coala Solution - SE","isPartOf":{"@id":"https:\/\/coalasolutions.com\/se\/#website"},"datePublished":"2022-05-02T10:53:57+00:00","dateModified":"2022-05-02T10:55:00+00:00","breadcrumb":{"@id":"https:\/\/coalasolutions.com\/se\/patient\/hjrtats-struktur-funktion-och-sjukdomar\/#breadcrumb"},"inLanguage":"sv-SE","potentialAction":[{"@type":"ReadAction","target":["https:\/\/coalasolutions.com\/se\/patient\/hjrtats-struktur-funktion-och-sjukdomar\/"]}]},{"@type":"BreadcrumbList","@id":"https:\/\/coalasolutions.com\/se\/patient\/hjrtats-struktur-funktion-och-sjukdomar\/#breadcrumb","itemListElement":[{"@type":"ListItem","position":1,"name":"Hem","item":"https:\/\/coalasolutions.com\/se\/"},{"@type":"ListItem","position":2,"name":"Konsument","item":"https:\/\/coalasolutions.com\/se\/patient\/"},{"@type":"ListItem","position":3,"name":"Om hj\u00e4rtats struktur, funktion och sjukdomar"}]},{"@type":"WebSite","@id":"https:\/\/coalasolutions.com\/se\/#website","url":"https:\/\/coalasolutions.com\/se\/","name":"Coala Solution - SE","description":"Unik digital hj\u00e4rtmonitor","publisher":{"@id":"https:\/\/coalasolutions.com\/se\/#organization"},"potentialAction":[{"@type":"SearchAction","target":{"@type":"EntryPoint","urlTemplate":"https:\/\/coalasolutions.com\/se\/?s={search_term_string}"},"query-input":{"@type":"PropertyValueSpecification","valueRequired":true,"valueName":"search_term_string"}}],"inLanguage":"sv-SE"},{"@type":"Organization","@id":"https:\/\/coalasolutions.com\/se\/#organization","name":"Coala Solution - SE","url":"https:\/\/coalasolutions.com\/se\/","logo":{"@type":"ImageObject","inLanguage":"sv-SE","@id":"https:\/\/coalasolutions.com\/se\/#\/schema\/logo\/image\/","url":"https:\/\/coalasolutions.com\/se\/wp-content\/uploads\/sites\/2\/2022\/06\/coala-logo-blue.svg","contentUrl":"https:\/\/coalasolutions.com\/se\/wp-content\/uploads\/sites\/2\/2022\/06\/coala-logo-blue.svg","width":136,"height":25,"caption":"Coala Solution - SE"},"image":{"@id":"https:\/\/coalasolutions.com\/se\/#\/schema\/logo\/image\/"}}]}},"_links":{"self":[{"href":"https:\/\/coalasolutions.com\/se\/wp-json\/wp\/v2\/pages\/665","targetHints":{"allow":["GET"]}}],"collection":[{"href":"https:\/\/coalasolutions.com\/se\/wp-json\/wp\/v2\/pages"}],"about":[{"href":"https:\/\/coalasolutions.com\/se\/wp-json\/wp\/v2\/types\/page"}],"author":[{"embeddable":true,"href":"https:\/\/coalasolutions.com\/se\/wp-json\/wp\/v2\/users\/2"}],"replies":[{"embeddable":true,"href":"https:\/\/coalasolutions.com\/se\/wp-json\/wp\/v2\/comments?post=665"}],"version-history":[{"count":2,"href":"https:\/\/coalasolutions.com\/se\/wp-json\/wp\/v2\/pages\/665\/revisions"}],"predecessor-version":[{"id":668,"href":"https:\/\/coalasolutions.com\/se\/wp-json\/wp\/v2\/pages\/665\/revisions\/668"}],"up":[{"embeddable":true,"href":"https:\/\/coalasolutions.com\/se\/wp-json\/wp\/v2\/pages\/364"}],"wp:attachment":[{"href":"https:\/\/coalasolutions.com\/se\/wp-json\/wp\/v2\/media?parent=665"}],"curies":[{"name":"wp","href":"https:\/\/api.w.org\/{rel}","templated":true}]}}