{"id":661,"date":"2022-05-02T12:48:21","date_gmt":"2022-05-02T10:48:21","guid":{"rendered":"https:\/\/coalasolutions.com\/se\/?page_id=661"},"modified":"2022-05-02T12:58:56","modified_gmt":"2022-05-02T10:58:56","slug":"symtom-frn-brstkorgen-och-cirkulationen","status":"publish","type":"page","link":"https:\/\/coalasolutions.com\/se\/patient\/symtom-frn-brstkorgen-och-cirkulationen\/","title":{"rendered":"Allm\u00e4nt om symtom fr\u00e5n br\u00f6stkorgen och cirkulationen"},"content":{"rendered":"<p><strong>Kaj Lindvall<\/strong>\u00a0<em>&#8211;\u00a0Kardiolog, docent Karolinska Institutet<\/em><\/p>\n<p><strong>Br\u00f6stsm\u00e4rta<\/strong><\/p>\n<p>Br\u00f6stsm\u00e4rta kan uppst\u00e5 av en rad orsaker, varav n\u00e5gra kan vara allvarliga. Det \u00e4r d\u00e4rf\u00f6r viktigt att ta reda p\u00e5 vad sm\u00e4rtan har sitt ursprung. Om allm\u00e4nsymtom (kallsvett, svimning, andn\u00f6d) finns samtidigt skall individen ta sig snabbt till en akutmottagning, s\u00e5 att allvarlig sjukdom (hj\u00e4rtinfarkt; stopp i kransk\u00e4rl) kan uteslutas eller bekr\u00e4ftas.\u00a0I m\u00e5nga fall av br\u00f6stsm\u00e4rta \u00e4r det oklart vad som orsakar sm\u00e4rtan. Finns inga allm\u00e4nna symtom enligt ovan, finns lite mer tid att utreda. Nedan finns en provkarta p\u00e5 organ som kan vara inblandade:<\/p>\n<ul>\n<li>Hj\u00e4rtats kransk\u00e4rl\u00a0&#8211; K\u00e4rlkramp\/angina pectoris<\/li>\n<li>Hj\u00e4rtarytmi, \u201d\u00f6verhoppade hj\u00e4rtslag\u201d\u00a0&#8211; Flimmer eller annan arytmi<\/li>\n<li>Mags\u00e4cken och matstrupen\u00a0&#8211; Mag- eller matstrupskatarr (gastrit\/esofagit)<\/li>\n<li>Luftstrupen\u00a0&#8211; Tum\u00f6r<\/li>\n<li>K\u00e4nselnerver till br\u00f6stkorgen\u00a0&#8211; Rizopati\/nervbanep\u00e5verkan<\/li>\n<li>K\u00e4nselnerver till br\u00f6stkorgsmuskler\u00a0&#8211; Infektion, inflammation, tr\u00e4ningsv\u00e4rk<\/li>\n<li>K\u00e4nselnerver till hj\u00e4rt- eller lungs\u00e4cken\u00a0&#8211; Infektion, inflammation<\/li>\n<li>Tjock- eller tunntarm\u00a0&#8211; Gaser, inflammation, f\u00f6rstoppning<\/li>\n<li>Gallv\u00e4gar\u00a0&#8211; Infektion, inflammation<\/li>\n<\/ul>\n<p><strong>Arytmik\u00e4nsla<\/strong><\/p>\n<p>Arytmik\u00e4nsla beskrivs p\u00e5 m\u00e5nga olika s\u00e4tt. M\u00e5nga k\u00e4nner ingen arytmi \u00e4ven om det f\u00f6rekommer s\u00e5dan. Andra kan f\u00e5 k\u00e4nningar fr\u00e5n br\u00f6stkorgen utan att arytmi kan uppt\u00e4ckas. Vissa k\u00e4nner tydligt n\u00e4r extraslag upptr\u00e4der och kan beskriva det som dunk i br\u00f6stet med k\u00e4nningar upp\u00e5t halsen. D\u00e5 kammarextraslag (VES) f\u00f6rekommer uppm\u00e4rksammas att det blir ett l\u00e4ngre intervall till n\u00e4sta hj\u00e4rtslag och d\u00e5 det n\u00e4stkommande slaget ofta \u00e4r fylligare (st\u00f6rre volym) k\u00e4nns slaget tydligt.\u00a0Vid tillkomst och\/eller avslut av tachykardi\/hj\u00e4rtrusning\/f\u00f6rmaksflimmer kan minutvolymen i vissa fall sjunka s\u00e5 att blodfl\u00f6det till hj\u00e4rnan kortvarigt kan bli f\u00f6r l\u00e5g. Detta kan i sin tur leda till yrsel eller svimning.<\/p>\n<p><strong>Yrsel<\/strong><\/p>\n<p>Yrsel \u00e4r ett vanligt symtom i en \u00e4ldre befolkning. En rad bakomliggande orsaker kan r\u00e4knas upp, men h\u00e4r fokuseras p\u00e5 cirkulatoriska f\u00f6rklaringar.<\/p>\n<ul>\n<li>H\u00f6gt blodtryck<\/li>\n<li>L\u00e5gt blodtryck<\/li>\n<li>Nedsatt puls\u00f6kning vid anstr\u00e4ngning<\/li>\n<li>Nedsatt reglering av f\u00f6rmaksflimmer<\/li>\n<li>Kammararytmi med neds\u00e4ttning av blodfl\u00f6de<\/li>\n<li>Svimning, hj\u00e4rtstillest\u00e5nd<\/li>\n<\/ul>\n<p>Kammarextraslag (VES) i m\u00e5ngfald kan p\u00e5verka cirkulationen s\u00e5 att allm\u00e4nsymtom upptr\u00e4der. En kammartachykardi (VT) ger n\u00e4stan alltid s\u00e5 l\u00e5g minutvolym, att den kan leda till ytterligare belastning p\u00e5 hj\u00e4rtat, vilken i sin tur provocera den p\u00e5g\u00e5ende VTn att sl\u00e5 om till kammaflimmer med resulterande cirkulationsstopp.<\/p>\n<p>&nbsp;<\/p>\n<p>&nbsp;<\/p>\n","protected":false},"excerpt":{"rendered":"<p>Kaj Lindvall\u00a0&#8211;\u00a0Kardiolog, docent Karolinska Institutet Br\u00f6stsm\u00e4rta Br\u00f6stsm\u00e4rta kan uppst\u00e5 av en rad orsaker, varav n\u00e5gra kan vara allvarliga. Det \u00e4r d\u00e4rf\u00f6r viktigt att ta reda p\u00e5 vad sm\u00e4rtan har sitt ursprung. Om allm\u00e4nsymtom (kallsvett, svimning, andn\u00f6d) finns samtidigt skall individen ta sig snabbt till en akutmottagning, s\u00e5 att allvarlig sjukdom (hj\u00e4rtinfarkt; stopp i kransk\u00e4rl) kan [&hellip;]<\/p>\n","protected":false},"author":2,"featured_media":0,"parent":364,"menu_order":0,"comment_status":"closed","ping_status":"closed","template":"","meta":{"_acf_changed":false,"content-type":"","_coblocks_attr":"","_coblocks_dimensions":"","_coblocks_responsive_height":"","_coblocks_accordion_ie_support":"","footnotes":""},"class_list":["post-661","page","type-page","status-publish","hentry"],"acf":[],"yoast_head":"<!-- This site is optimized with the Yoast SEO plugin v27.1.1 - https:\/\/yoast.com\/product\/yoast-seo-wordpress\/ -->\n<title>Allm\u00e4nt om symtom fr\u00e5n br\u00f6stkorgen och cirkulationen - Coala Solution - SE<\/title>\n<meta name=\"robots\" content=\"index, follow, max-snippet:-1, max-image-preview:large, max-video-preview:-1\" \/>\n<link rel=\"canonical\" href=\"https:\/\/coalasolutions.com\/se\/patient\/symtom-frn-brstkorgen-och-cirkulationen\/\" \/>\n<meta property=\"og:locale\" content=\"sv_SE\" \/>\n<meta property=\"og:type\" content=\"article\" \/>\n<meta property=\"og:title\" content=\"Allm\u00e4nt om symtom fr\u00e5n br\u00f6stkorgen och cirkulationen - Coala Solution - SE\" \/>\n<meta property=\"og:description\" content=\"Kaj Lindvall\u00a0&#8211;\u00a0Kardiolog, docent Karolinska Institutet Br\u00f6stsm\u00e4rta Br\u00f6stsm\u00e4rta kan uppst\u00e5 av en rad orsaker, varav n\u00e5gra kan vara allvarliga. Det \u00e4r d\u00e4rf\u00f6r viktigt att ta reda p\u00e5 vad sm\u00e4rtan har sitt ursprung. Om allm\u00e4nsymtom (kallsvett, svimning, andn\u00f6d) finns samtidigt skall individen ta sig snabbt till en akutmottagning, s\u00e5 att allvarlig sjukdom (hj\u00e4rtinfarkt; stopp i kransk\u00e4rl) kan [&hellip;]\" \/>\n<meta property=\"og:url\" content=\"https:\/\/coalasolutions.com\/se\/patient\/symtom-frn-brstkorgen-och-cirkulationen\/\" \/>\n<meta property=\"og:site_name\" content=\"Coala Solution - SE\" \/>\n<meta property=\"article:modified_time\" content=\"2022-05-02T10:58:56+00:00\" \/>\n<meta name=\"twitter:card\" content=\"summary_large_image\" \/>\n<meta name=\"twitter:label1\" content=\"Ber\u00e4knad l\u00e4stid\" \/>\n\t<meta name=\"twitter:data1\" content=\"2 minuter\" \/>\n<script type=\"application\/ld+json\" class=\"yoast-schema-graph\">{\"@context\":\"https:\/\/schema.org\",\"@graph\":[{\"@type\":\"WebPage\",\"@id\":\"https:\/\/coalasolutions.com\/se\/patient\/symtom-frn-brstkorgen-och-cirkulationen\/\",\"url\":\"https:\/\/coalasolutions.com\/se\/patient\/symtom-frn-brstkorgen-och-cirkulationen\/\",\"name\":\"Allm\u00e4nt om symtom fr\u00e5n br\u00f6stkorgen och cirkulationen - Coala Solution - SE\",\"isPartOf\":{\"@id\":\"https:\/\/coalasolutions.com\/se\/#website\"},\"datePublished\":\"2022-05-02T10:48:21+00:00\",\"dateModified\":\"2022-05-02T10:58:56+00:00\",\"breadcrumb\":{\"@id\":\"https:\/\/coalasolutions.com\/se\/patient\/symtom-frn-brstkorgen-och-cirkulationen\/#breadcrumb\"},\"inLanguage\":\"sv-SE\",\"potentialAction\":[{\"@type\":\"ReadAction\",\"target\":[\"https:\/\/coalasolutions.com\/se\/patient\/symtom-frn-brstkorgen-och-cirkulationen\/\"]}]},{\"@type\":\"BreadcrumbList\",\"@id\":\"https:\/\/coalasolutions.com\/se\/patient\/symtom-frn-brstkorgen-och-cirkulationen\/#breadcrumb\",\"itemListElement\":[{\"@type\":\"ListItem\",\"position\":1,\"name\":\"Hem\",\"item\":\"https:\/\/coalasolutions.com\/se\/\"},{\"@type\":\"ListItem\",\"position\":2,\"name\":\"Konsument\",\"item\":\"https:\/\/coalasolutions.com\/se\/patient\/\"},{\"@type\":\"ListItem\",\"position\":3,\"name\":\"Allm\u00e4nt om symtom fr\u00e5n br\u00f6stkorgen och cirkulationen\"}]},{\"@type\":\"WebSite\",\"@id\":\"https:\/\/coalasolutions.com\/se\/#website\",\"url\":\"https:\/\/coalasolutions.com\/se\/\",\"name\":\"Coala Solution - SE\",\"description\":\"Unik digital hj\u00e4rtmonitor\",\"publisher\":{\"@id\":\"https:\/\/coalasolutions.com\/se\/#organization\"},\"potentialAction\":[{\"@type\":\"SearchAction\",\"target\":{\"@type\":\"EntryPoint\",\"urlTemplate\":\"https:\/\/coalasolutions.com\/se\/?s={search_term_string}\"},\"query-input\":{\"@type\":\"PropertyValueSpecification\",\"valueRequired\":true,\"valueName\":\"search_term_string\"}}],\"inLanguage\":\"sv-SE\"},{\"@type\":\"Organization\",\"@id\":\"https:\/\/coalasolutions.com\/se\/#organization\",\"name\":\"Coala Solution - SE\",\"url\":\"https:\/\/coalasolutions.com\/se\/\",\"logo\":{\"@type\":\"ImageObject\",\"inLanguage\":\"sv-SE\",\"@id\":\"https:\/\/coalasolutions.com\/se\/#\/schema\/logo\/image\/\",\"url\":\"https:\/\/coalasolutions.com\/se\/wp-content\/uploads\/sites\/2\/2022\/06\/coala-logo-blue.svg\",\"contentUrl\":\"https:\/\/coalasolutions.com\/se\/wp-content\/uploads\/sites\/2\/2022\/06\/coala-logo-blue.svg\",\"width\":136,\"height\":25,\"caption\":\"Coala Solution - SE\"},\"image\":{\"@id\":\"https:\/\/coalasolutions.com\/se\/#\/schema\/logo\/image\/\"}}]}<\/script>\n<!-- \/ Yoast SEO plugin. -->","yoast_head_json":{"title":"Allm\u00e4nt om symtom fr\u00e5n br\u00f6stkorgen och cirkulationen - Coala Solution - SE","robots":{"index":"index","follow":"follow","max-snippet":"max-snippet:-1","max-image-preview":"max-image-preview:large","max-video-preview":"max-video-preview:-1"},"canonical":"https:\/\/coalasolutions.com\/se\/patient\/symtom-frn-brstkorgen-och-cirkulationen\/","og_locale":"sv_SE","og_type":"article","og_title":"Allm\u00e4nt om symtom fr\u00e5n br\u00f6stkorgen och cirkulationen - Coala Solution - SE","og_description":"Kaj Lindvall\u00a0&#8211;\u00a0Kardiolog, docent Karolinska Institutet Br\u00f6stsm\u00e4rta Br\u00f6stsm\u00e4rta kan uppst\u00e5 av en rad orsaker, varav n\u00e5gra kan vara allvarliga. Det \u00e4r d\u00e4rf\u00f6r viktigt att ta reda p\u00e5 vad sm\u00e4rtan har sitt ursprung. Om allm\u00e4nsymtom (kallsvett, svimning, andn\u00f6d) finns samtidigt skall individen ta sig snabbt till en akutmottagning, s\u00e5 att allvarlig sjukdom (hj\u00e4rtinfarkt; stopp i kransk\u00e4rl) kan [&hellip;]","og_url":"https:\/\/coalasolutions.com\/se\/patient\/symtom-frn-brstkorgen-och-cirkulationen\/","og_site_name":"Coala Solution - SE","article_modified_time":"2022-05-02T10:58:56+00:00","twitter_card":"summary_large_image","twitter_misc":{"Ber\u00e4knad l\u00e4stid":"2 minuter"},"schema":{"@context":"https:\/\/schema.org","@graph":[{"@type":"WebPage","@id":"https:\/\/coalasolutions.com\/se\/patient\/symtom-frn-brstkorgen-och-cirkulationen\/","url":"https:\/\/coalasolutions.com\/se\/patient\/symtom-frn-brstkorgen-och-cirkulationen\/","name":"Allm\u00e4nt om symtom fr\u00e5n br\u00f6stkorgen och cirkulationen - Coala Solution - SE","isPartOf":{"@id":"https:\/\/coalasolutions.com\/se\/#website"},"datePublished":"2022-05-02T10:48:21+00:00","dateModified":"2022-05-02T10:58:56+00:00","breadcrumb":{"@id":"https:\/\/coalasolutions.com\/se\/patient\/symtom-frn-brstkorgen-och-cirkulationen\/#breadcrumb"},"inLanguage":"sv-SE","potentialAction":[{"@type":"ReadAction","target":["https:\/\/coalasolutions.com\/se\/patient\/symtom-frn-brstkorgen-och-cirkulationen\/"]}]},{"@type":"BreadcrumbList","@id":"https:\/\/coalasolutions.com\/se\/patient\/symtom-frn-brstkorgen-och-cirkulationen\/#breadcrumb","itemListElement":[{"@type":"ListItem","position":1,"name":"Hem","item":"https:\/\/coalasolutions.com\/se\/"},{"@type":"ListItem","position":2,"name":"Konsument","item":"https:\/\/coalasolutions.com\/se\/patient\/"},{"@type":"ListItem","position":3,"name":"Allm\u00e4nt om symtom fr\u00e5n br\u00f6stkorgen och cirkulationen"}]},{"@type":"WebSite","@id":"https:\/\/coalasolutions.com\/se\/#website","url":"https:\/\/coalasolutions.com\/se\/","name":"Coala Solution - SE","description":"Unik digital hj\u00e4rtmonitor","publisher":{"@id":"https:\/\/coalasolutions.com\/se\/#organization"},"potentialAction":[{"@type":"SearchAction","target":{"@type":"EntryPoint","urlTemplate":"https:\/\/coalasolutions.com\/se\/?s={search_term_string}"},"query-input":{"@type":"PropertyValueSpecification","valueRequired":true,"valueName":"search_term_string"}}],"inLanguage":"sv-SE"},{"@type":"Organization","@id":"https:\/\/coalasolutions.com\/se\/#organization","name":"Coala Solution - SE","url":"https:\/\/coalasolutions.com\/se\/","logo":{"@type":"ImageObject","inLanguage":"sv-SE","@id":"https:\/\/coalasolutions.com\/se\/#\/schema\/logo\/image\/","url":"https:\/\/coalasolutions.com\/se\/wp-content\/uploads\/sites\/2\/2022\/06\/coala-logo-blue.svg","contentUrl":"https:\/\/coalasolutions.com\/se\/wp-content\/uploads\/sites\/2\/2022\/06\/coala-logo-blue.svg","width":136,"height":25,"caption":"Coala Solution - SE"},"image":{"@id":"https:\/\/coalasolutions.com\/se\/#\/schema\/logo\/image\/"}}]}},"_links":{"self":[{"href":"https:\/\/coalasolutions.com\/se\/wp-json\/wp\/v2\/pages\/661","targetHints":{"allow":["GET"]}}],"collection":[{"href":"https:\/\/coalasolutions.com\/se\/wp-json\/wp\/v2\/pages"}],"about":[{"href":"https:\/\/coalasolutions.com\/se\/wp-json\/wp\/v2\/types\/page"}],"author":[{"embeddable":true,"href":"https:\/\/coalasolutions.com\/se\/wp-json\/wp\/v2\/users\/2"}],"replies":[{"embeddable":true,"href":"https:\/\/coalasolutions.com\/se\/wp-json\/wp\/v2\/comments?post=661"}],"version-history":[{"count":2,"href":"https:\/\/coalasolutions.com\/se\/wp-json\/wp\/v2\/pages\/661\/revisions"}],"predecessor-version":[{"id":675,"href":"https:\/\/coalasolutions.com\/se\/wp-json\/wp\/v2\/pages\/661\/revisions\/675"}],"up":[{"embeddable":true,"href":"https:\/\/coalasolutions.com\/se\/wp-json\/wp\/v2\/pages\/364"}],"wp:attachment":[{"href":"https:\/\/coalasolutions.com\/se\/wp-json\/wp\/v2\/media?parent=661"}],"curies":[{"name":"wp","href":"https:\/\/api.w.org\/{rel}","templated":true}]}}