{"id":657,"date":"2022-05-02T12:57:36","date_gmt":"2022-05-02T10:57:36","guid":{"rendered":"https:\/\/coalasolutions.com\/se\/?page_id=657"},"modified":"2024-06-12T22:29:01","modified_gmt":"2024-06-12T20:29:01","slug":"cat-2","status":"publish","type":"page","link":"https:\/\/coalasolutions.com\/se\/kategorier\/cat-2\/","title":{"rendered":"Kat. 2 &#8211; Coala indikerar tecken p\u00e5 f\u00f6rmaksflimmer"},"content":{"rendered":"<p>Coala indikerar vad som kan vara tecken p\u00e5 f\u00f6rmaksflimmer, utan P-v\u00e5gor. Dock kan resultatet bero p\u00e5 d\u00e5lig inspelningskvalitet, varf\u00f6r man alltid skall ta en extra m\u00e4tning i lugn och ro f\u00f6r att verifiera resultatet.<\/p>\n<p>F\u00f6rmaksflimmer \u00e4r en allvarlig rytmrubbning, men \u00e4nd\u00e5 s\u00e5 vanlig att man kan tala om en folksjukdom. F\u00f6rmaksflimmer kommer i b\u00f6rjan ofta i korta attacker, vilka kan upptr\u00e4da allt frekventare och vara allt l\u00e4ngre (paroxysmalt flimmer). Det \u00e4r viktigt att unders\u00f6ka vilka bakomliggande orsaker som f\u00f6religger, s\u00e5 att m\u00f6jlig behandling kan stoppa upp en eventuell f\u00f6rs\u00e4mring.<\/p>\n<p>Man kan minska risken f\u00f6r f\u00f6rmaksflimmer genom att inte r\u00f6ka eller snusa, dricka m\u00e5ttligt med alkohol och kaffe, b\u00f6rja motionera regelbundet, sova tillr\u00e4ckligt och undvika skadlig stress.<\/p>\n<p>Ofta kommer dock attackerna med f\u00f6rmaksflimmer utan att man kan p\u00e5verka det.<\/p>\n<p>Vid f\u00f6rmaksflimmer uppst\u00e5r en kaosartad impulsbildning i hj\u00e4rtats f\u00f6rmak med frekvenser mellan 450 och 600\/min. Lyckligtvis blockerar celler mellan f\u00f6rmaken och kamrarna (AV-knutan) de flesta av impulserna, men vanligen \u00e4r kammarfrekvensen \u00e4nd\u00e5 f\u00f6r h\u00f6g. Har man ett snabbt f\u00f6rmaksflimmer under en tid kan hj\u00e4rtmuskeln b\u00f6rja tr\u00f6ttna, blodet kan d\u00e5 stocka sig och trycket i det ven\u00f6sa k\u00e4rltr\u00e4det \u00f6kar och v\u00e4tska tar sig ut i kroppens v\u00e4vnader och i lungan. Detta leder till orkesl\u00f6shet, andn\u00f6d och svullnad.<\/p>\n<p>Den kaosartade sammandragningen av f\u00f6rmaken kan leda till att cirkulationen i f\u00f6rmaken st\u00e5r stilla. Risk uppst\u00e5r f\u00f6r att blodkoagler bildas p\u00e5 f\u00f6rmaksv\u00e4ggens insida och att dessa koagler f\u00f6rs vidare till vitala delar av kroppen och kan leda till stroke.<\/p>\n<p>Man ska s\u00f6ka v\u00e5rd direkt p\u00e5 sjukhus om flimret \u00e4r nytillkommet eller h\u00e5ller i sig i flera timmar. L\u00e4kemedel kan optimera s\u00e5 att lagom antal impulser passerar ned till kammaren fr\u00e5n f\u00f6rmaken. Medicinering kan m\u00e5nga g\u00e5nger h\u00e5lla flimret borta under avsev\u00e4rd tid.<\/p>\n<p><strong>Ta kontakt med din v\u00e5rdgivare vid indikation p\u00e5 flimmer<\/strong><\/p>\n<p><em>Resultaten som visas i Coala App \u00e4r endast avsedda att anv\u00e4ndas som en indikator av ditt h\u00e4lsotillst\u00e5nd och informationen ska endast ses som upplysande. Coala Solutions friskriver sig s\u00e5ledes uttryckligen fr\u00e5n allt ansvar f\u00f6r fel och skador, och l\u00e4mnar inga garantier (varken uttryckliga eller underf\u00f6rst\u00e5dda) betr\u00e4ffande h\u00e4lsoinformationen. Vid minsta tvekan om ditt h\u00e4lsotillst\u00e5nd rekommenderar Coala Solutions att du alltid kontaktar v\u00e5rdgivare, din l\u00e4kare eller 112 vid n\u00f6dfall<\/em><\/p>\n<p>&nbsp;<\/p>\n","protected":false},"excerpt":{"rendered":"<p>Coala indikerar vad som kan vara tecken p\u00e5 f\u00f6rmaksflimmer, utan P-v\u00e5gor. Dock kan resultatet bero p\u00e5 d\u00e5lig inspelningskvalitet, varf\u00f6r man alltid skall ta en extra m\u00e4tning i lugn och ro f\u00f6r att verifiera resultatet. F\u00f6rmaksflimmer \u00e4r en allvarlig rytmrubbning, men \u00e4nd\u00e5 s\u00e5 vanlig att man kan tala om en folksjukdom. F\u00f6rmaksflimmer kommer i b\u00f6rjan ofta [&hellip;]<\/p>\n","protected":false},"author":15,"featured_media":0,"parent":596,"menu_order":0,"comment_status":"closed","ping_status":"closed","template":"","meta":{"_acf_changed":false,"content-type":"","_coblocks_attr":"","_coblocks_dimensions":"","_coblocks_responsive_height":"","_coblocks_accordion_ie_support":"","footnotes":""},"class_list":["post-657","page","type-page","status-publish","hentry"],"acf":[],"yoast_head":"<!-- This site is optimized with the Yoast SEO plugin v27.1.1 - https:\/\/yoast.com\/product\/yoast-seo-wordpress\/ -->\n<title>Kat. 2 - Coala indikerar tecken p\u00e5 f\u00f6rmaksflimmer - Coala Solution - SE<\/title>\n<meta name=\"robots\" content=\"index, follow, max-snippet:-1, max-image-preview:large, max-video-preview:-1\" \/>\n<link rel=\"canonical\" href=\"https:\/\/coalasolutions.com\/se\/kategorier\/cat-2\/\" \/>\n<meta property=\"og:locale\" content=\"sv_SE\" \/>\n<meta property=\"og:type\" content=\"article\" \/>\n<meta property=\"og:title\" content=\"Kat. 2 - Coala indikerar tecken p\u00e5 f\u00f6rmaksflimmer - Coala Solution - SE\" \/>\n<meta property=\"og:description\" content=\"Coala indikerar vad som kan vara tecken p\u00e5 f\u00f6rmaksflimmer, utan P-v\u00e5gor. Dock kan resultatet bero p\u00e5 d\u00e5lig inspelningskvalitet, varf\u00f6r man alltid skall ta en extra m\u00e4tning i lugn och ro f\u00f6r att verifiera resultatet. F\u00f6rmaksflimmer \u00e4r en allvarlig rytmrubbning, men \u00e4nd\u00e5 s\u00e5 vanlig att man kan tala om en folksjukdom. F\u00f6rmaksflimmer kommer i b\u00f6rjan ofta [&hellip;]\" \/>\n<meta property=\"og:url\" content=\"https:\/\/coalasolutions.com\/se\/kategorier\/cat-2\/\" \/>\n<meta property=\"og:site_name\" content=\"Coala Solution - SE\" \/>\n<meta property=\"article:modified_time\" content=\"2024-06-12T20:29:01+00:00\" \/>\n<meta name=\"twitter:card\" content=\"summary_large_image\" \/>\n<meta name=\"twitter:label1\" content=\"Ber\u00e4knad l\u00e4stid\" \/>\n\t<meta name=\"twitter:data1\" content=\"2 minuter\" \/>\n<script type=\"application\/ld+json\" class=\"yoast-schema-graph\">{\"@context\":\"https:\/\/schema.org\",\"@graph\":[{\"@type\":\"WebPage\",\"@id\":\"https:\/\/coalasolutions.com\/se\/kategorier\/cat-2\/\",\"url\":\"https:\/\/coalasolutions.com\/se\/kategorier\/cat-2\/\",\"name\":\"Kat. 2 - Coala indikerar tecken p\u00e5 f\u00f6rmaksflimmer - Coala Solution - SE\",\"isPartOf\":{\"@id\":\"https:\/\/coalasolutions.com\/se\/#website\"},\"datePublished\":\"2022-05-02T10:57:36+00:00\",\"dateModified\":\"2024-06-12T20:29:01+00:00\",\"breadcrumb\":{\"@id\":\"https:\/\/coalasolutions.com\/se\/kategorier\/cat-2\/#breadcrumb\"},\"inLanguage\":\"sv-SE\",\"potentialAction\":[{\"@type\":\"ReadAction\",\"target\":[\"https:\/\/coalasolutions.com\/se\/kategorier\/cat-2\/\"]}]},{\"@type\":\"BreadcrumbList\",\"@id\":\"https:\/\/coalasolutions.com\/se\/kategorier\/cat-2\/#breadcrumb\",\"itemListElement\":[{\"@type\":\"ListItem\",\"position\":1,\"name\":\"Hem\",\"item\":\"https:\/\/coalasolutions.com\/se\/\"},{\"@type\":\"ListItem\",\"position\":2,\"name\":\"Analyskategorier Coala\",\"item\":\"https:\/\/coalasolutions.com\/se\/kategorier\/\"},{\"@type\":\"ListItem\",\"position\":3,\"name\":\"Kat. 2 &#8211; Coala indikerar tecken p\u00e5 f\u00f6rmaksflimmer\"}]},{\"@type\":\"WebSite\",\"@id\":\"https:\/\/coalasolutions.com\/se\/#website\",\"url\":\"https:\/\/coalasolutions.com\/se\/\",\"name\":\"Coala Solution - SE\",\"description\":\"Unik digital hj\u00e4rtmonitor\",\"publisher\":{\"@id\":\"https:\/\/coalasolutions.com\/se\/#organization\"},\"potentialAction\":[{\"@type\":\"SearchAction\",\"target\":{\"@type\":\"EntryPoint\",\"urlTemplate\":\"https:\/\/coalasolutions.com\/se\/?s={search_term_string}\"},\"query-input\":{\"@type\":\"PropertyValueSpecification\",\"valueRequired\":true,\"valueName\":\"search_term_string\"}}],\"inLanguage\":\"sv-SE\"},{\"@type\":\"Organization\",\"@id\":\"https:\/\/coalasolutions.com\/se\/#organization\",\"name\":\"Coala Solution - SE\",\"url\":\"https:\/\/coalasolutions.com\/se\/\",\"logo\":{\"@type\":\"ImageObject\",\"inLanguage\":\"sv-SE\",\"@id\":\"https:\/\/coalasolutions.com\/se\/#\/schema\/logo\/image\/\",\"url\":\"https:\/\/coalasolutions.com\/se\/wp-content\/uploads\/sites\/2\/2022\/06\/coala-logo-blue.svg\",\"contentUrl\":\"https:\/\/coalasolutions.com\/se\/wp-content\/uploads\/sites\/2\/2022\/06\/coala-logo-blue.svg\",\"width\":136,\"height\":25,\"caption\":\"Coala Solution - SE\"},\"image\":{\"@id\":\"https:\/\/coalasolutions.com\/se\/#\/schema\/logo\/image\/\"}}]}<\/script>\n<!-- \/ Yoast SEO plugin. -->","yoast_head_json":{"title":"Kat. 2 - Coala indikerar tecken p\u00e5 f\u00f6rmaksflimmer - Coala Solution - SE","robots":{"index":"index","follow":"follow","max-snippet":"max-snippet:-1","max-image-preview":"max-image-preview:large","max-video-preview":"max-video-preview:-1"},"canonical":"https:\/\/coalasolutions.com\/se\/kategorier\/cat-2\/","og_locale":"sv_SE","og_type":"article","og_title":"Kat. 2 - Coala indikerar tecken p\u00e5 f\u00f6rmaksflimmer - Coala Solution - SE","og_description":"Coala indikerar vad som kan vara tecken p\u00e5 f\u00f6rmaksflimmer, utan P-v\u00e5gor. Dock kan resultatet bero p\u00e5 d\u00e5lig inspelningskvalitet, varf\u00f6r man alltid skall ta en extra m\u00e4tning i lugn och ro f\u00f6r att verifiera resultatet. F\u00f6rmaksflimmer \u00e4r en allvarlig rytmrubbning, men \u00e4nd\u00e5 s\u00e5 vanlig att man kan tala om en folksjukdom. F\u00f6rmaksflimmer kommer i b\u00f6rjan ofta [&hellip;]","og_url":"https:\/\/coalasolutions.com\/se\/kategorier\/cat-2\/","og_site_name":"Coala Solution - SE","article_modified_time":"2024-06-12T20:29:01+00:00","twitter_card":"summary_large_image","twitter_misc":{"Ber\u00e4knad l\u00e4stid":"2 minuter"},"schema":{"@context":"https:\/\/schema.org","@graph":[{"@type":"WebPage","@id":"https:\/\/coalasolutions.com\/se\/kategorier\/cat-2\/","url":"https:\/\/coalasolutions.com\/se\/kategorier\/cat-2\/","name":"Kat. 2 - Coala indikerar tecken p\u00e5 f\u00f6rmaksflimmer - Coala Solution - SE","isPartOf":{"@id":"https:\/\/coalasolutions.com\/se\/#website"},"datePublished":"2022-05-02T10:57:36+00:00","dateModified":"2024-06-12T20:29:01+00:00","breadcrumb":{"@id":"https:\/\/coalasolutions.com\/se\/kategorier\/cat-2\/#breadcrumb"},"inLanguage":"sv-SE","potentialAction":[{"@type":"ReadAction","target":["https:\/\/coalasolutions.com\/se\/kategorier\/cat-2\/"]}]},{"@type":"BreadcrumbList","@id":"https:\/\/coalasolutions.com\/se\/kategorier\/cat-2\/#breadcrumb","itemListElement":[{"@type":"ListItem","position":1,"name":"Hem","item":"https:\/\/coalasolutions.com\/se\/"},{"@type":"ListItem","position":2,"name":"Analyskategorier Coala","item":"https:\/\/coalasolutions.com\/se\/kategorier\/"},{"@type":"ListItem","position":3,"name":"Kat. 2 &#8211; Coala indikerar tecken p\u00e5 f\u00f6rmaksflimmer"}]},{"@type":"WebSite","@id":"https:\/\/coalasolutions.com\/se\/#website","url":"https:\/\/coalasolutions.com\/se\/","name":"Coala Solution - SE","description":"Unik digital hj\u00e4rtmonitor","publisher":{"@id":"https:\/\/coalasolutions.com\/se\/#organization"},"potentialAction":[{"@type":"SearchAction","target":{"@type":"EntryPoint","urlTemplate":"https:\/\/coalasolutions.com\/se\/?s={search_term_string}"},"query-input":{"@type":"PropertyValueSpecification","valueRequired":true,"valueName":"search_term_string"}}],"inLanguage":"sv-SE"},{"@type":"Organization","@id":"https:\/\/coalasolutions.com\/se\/#organization","name":"Coala Solution - SE","url":"https:\/\/coalasolutions.com\/se\/","logo":{"@type":"ImageObject","inLanguage":"sv-SE","@id":"https:\/\/coalasolutions.com\/se\/#\/schema\/logo\/image\/","url":"https:\/\/coalasolutions.com\/se\/wp-content\/uploads\/sites\/2\/2022\/06\/coala-logo-blue.svg","contentUrl":"https:\/\/coalasolutions.com\/se\/wp-content\/uploads\/sites\/2\/2022\/06\/coala-logo-blue.svg","width":136,"height":25,"caption":"Coala Solution - SE"},"image":{"@id":"https:\/\/coalasolutions.com\/se\/#\/schema\/logo\/image\/"}}]}},"_links":{"self":[{"href":"https:\/\/coalasolutions.com\/se\/wp-json\/wp\/v2\/pages\/657","targetHints":{"allow":["GET"]}}],"collection":[{"href":"https:\/\/coalasolutions.com\/se\/wp-json\/wp\/v2\/pages"}],"about":[{"href":"https:\/\/coalasolutions.com\/se\/wp-json\/wp\/v2\/types\/page"}],"author":[{"embeddable":true,"href":"https:\/\/coalasolutions.com\/se\/wp-json\/wp\/v2\/users\/15"}],"replies":[{"embeddable":true,"href":"https:\/\/coalasolutions.com\/se\/wp-json\/wp\/v2\/comments?post=657"}],"version-history":[{"count":10,"href":"https:\/\/coalasolutions.com\/se\/wp-json\/wp\/v2\/pages\/657\/revisions"}],"predecessor-version":[{"id":4718,"href":"https:\/\/coalasolutions.com\/se\/wp-json\/wp\/v2\/pages\/657\/revisions\/4718"}],"up":[{"embeddable":true,"href":"https:\/\/coalasolutions.com\/se\/wp-json\/wp\/v2\/pages\/596"}],"wp:attachment":[{"href":"https:\/\/coalasolutions.com\/se\/wp-json\/wp\/v2\/media?parent=657"}],"curies":[{"name":"wp","href":"https:\/\/api.w.org\/{rel}","templated":true}]}}