{"id":655,"date":"2022-05-02T12:37:59","date_gmt":"2022-05-02T10:37:59","guid":{"rendered":"https:\/\/coalasolutions.com\/se\/?page_id=655"},"modified":"2024-06-12T22:27:44","modified_gmt":"2024-06-12T20:27:44","slug":"cat-1-5","status":"publish","type":"page","link":"https:\/\/coalasolutions.com\/se\/kategorier\/cat-1-5\/","title":{"rendered":"Kat. 1 &#8211; Dina v\u00e4rden ser normala ut"},"content":{"rendered":"<p>Hj\u00e4rtat arbetar vanligen med 50-100 slag\/minut (R-R-intervall 600-1200 msek) i vila och vid m\u00e5ttlig anstr\u00e4ngning. Vid uttalad anstr\u00e4ngning kan hj\u00e4rtfrekvensen g\u00e5 upp till cirka 200 slag\/min (R-R-intervall 300 msek).<\/p>\n<p>L\u00e5ngsam hj\u00e4rtrytm\/Bradykardi inneb\u00e4r att det bildas f\u00e4rre impulser \u00e4n normalt och definieras h\u00e4r som &lt;50 impulser\/min; ( R-R-intervall &gt;1200 msek).<\/p>\n<p>L\u00e5ngsam hj\u00e4rtrytm \u00e4r ett observandum, men utan symtom kan man avvakta och kontakta husl\u00e4karen n\u00e4stkommande vardag. F\u00f6religger symtom som yrsel, illam\u00e5ende, svimning b\u00f6r sjukv\u00e5rdskontakt tas snarast.<\/p>\n<p><em>Resultaten som visas i Coala App \u00e4r endast avsedda att anv\u00e4ndas som en indikator av ditt h\u00e4lsotillst\u00e5nd och informationen ska endast ses som upplysande. Coala Solutions friskriver sig s\u00e5ledes uttryckligen fr\u00e5n allt ansvar f\u00f6r fel och skador, och l\u00e4mnar inga garantier (varken uttryckliga eller underf\u00f6rst\u00e5dda) betr\u00e4ffande h\u00e4lsoinformationen. Vid minsta tvekan om ditt h\u00e4lsotillst\u00e5nd rekommenderar Coala Solutions att du alltid kontaktar v\u00e5rdgivare, din l\u00e4kare eller 112 vid n\u00f6dfall<\/em><\/p>\n<p>&nbsp;<\/p>\n<p>&nbsp;<\/p>\n","protected":false},"excerpt":{"rendered":"<p>Hj\u00e4rtat arbetar vanligen med 50-100 slag\/minut (R-R-intervall 600-1200 msek) i vila och vid m\u00e5ttlig anstr\u00e4ngning. Vid uttalad anstr\u00e4ngning kan hj\u00e4rtfrekvensen g\u00e5 upp till cirka 200 slag\/min (R-R-intervall 300 msek). L\u00e5ngsam hj\u00e4rtrytm\/Bradykardi inneb\u00e4r att det bildas f\u00e4rre impulser \u00e4n normalt och definieras h\u00e4r som &lt;50 impulser\/min; ( R-R-intervall &gt;1200 msek). L\u00e5ngsam hj\u00e4rtrytm \u00e4r ett observandum, men [&hellip;]<\/p>\n","protected":false},"author":15,"featured_media":0,"parent":596,"menu_order":0,"comment_status":"closed","ping_status":"closed","template":"","meta":{"_acf_changed":false,"content-type":"","_coblocks_attr":"","_coblocks_dimensions":"","_coblocks_responsive_height":"","_coblocks_accordion_ie_support":"","footnotes":""},"class_list":["post-655","page","type-page","status-publish","hentry"],"acf":[],"yoast_head":"<!-- This site is optimized with the Yoast SEO plugin v27.1.1 - https:\/\/yoast.com\/product\/yoast-seo-wordpress\/ -->\n<title>Kat. 1 - Dina v\u00e4rden ser normala ut - Coala Solution - SE<\/title>\n<meta name=\"robots\" content=\"index, follow, max-snippet:-1, max-image-preview:large, max-video-preview:-1\" \/>\n<link rel=\"canonical\" href=\"https:\/\/coalasolutions.com\/se\/kategorier\/cat-1-5\/\" \/>\n<meta property=\"og:locale\" content=\"sv_SE\" \/>\n<meta property=\"og:type\" content=\"article\" \/>\n<meta property=\"og:title\" content=\"Kat. 1 - Dina v\u00e4rden ser normala ut - Coala Solution - SE\" \/>\n<meta property=\"og:description\" content=\"Hj\u00e4rtat arbetar vanligen med 50-100 slag\/minut (R-R-intervall 600-1200 msek) i vila och vid m\u00e5ttlig anstr\u00e4ngning. Vid uttalad anstr\u00e4ngning kan hj\u00e4rtfrekvensen g\u00e5 upp till cirka 200 slag\/min (R-R-intervall 300 msek). L\u00e5ngsam hj\u00e4rtrytm\/Bradykardi inneb\u00e4r att det bildas f\u00e4rre impulser \u00e4n normalt och definieras h\u00e4r som &lt;50 impulser\/min; ( R-R-intervall &gt;1200 msek). L\u00e5ngsam hj\u00e4rtrytm \u00e4r ett observandum, men [&hellip;]\" \/>\n<meta property=\"og:url\" content=\"https:\/\/coalasolutions.com\/se\/kategorier\/cat-1-5\/\" \/>\n<meta property=\"og:site_name\" content=\"Coala Solution - SE\" \/>\n<meta property=\"article:modified_time\" content=\"2024-06-12T20:27:44+00:00\" \/>\n<meta name=\"twitter:card\" content=\"summary_large_image\" \/>\n<meta name=\"twitter:label1\" content=\"Ber\u00e4knad l\u00e4stid\" \/>\n\t<meta name=\"twitter:data1\" content=\"1 minut\" \/>\n<script type=\"application\/ld+json\" class=\"yoast-schema-graph\">{\"@context\":\"https:\/\/schema.org\",\"@graph\":[{\"@type\":\"WebPage\",\"@id\":\"https:\/\/coalasolutions.com\/se\/kategorier\/cat-1-5\/\",\"url\":\"https:\/\/coalasolutions.com\/se\/kategorier\/cat-1-5\/\",\"name\":\"Kat. 1 - Dina v\u00e4rden ser normala ut - Coala Solution - SE\",\"isPartOf\":{\"@id\":\"https:\/\/coalasolutions.com\/se\/#website\"},\"datePublished\":\"2022-05-02T10:37:59+00:00\",\"dateModified\":\"2024-06-12T20:27:44+00:00\",\"breadcrumb\":{\"@id\":\"https:\/\/coalasolutions.com\/se\/kategorier\/cat-1-5\/#breadcrumb\"},\"inLanguage\":\"sv-SE\",\"potentialAction\":[{\"@type\":\"ReadAction\",\"target\":[\"https:\/\/coalasolutions.com\/se\/kategorier\/cat-1-5\/\"]}]},{\"@type\":\"BreadcrumbList\",\"@id\":\"https:\/\/coalasolutions.com\/se\/kategorier\/cat-1-5\/#breadcrumb\",\"itemListElement\":[{\"@type\":\"ListItem\",\"position\":1,\"name\":\"Hem\",\"item\":\"https:\/\/coalasolutions.com\/se\/\"},{\"@type\":\"ListItem\",\"position\":2,\"name\":\"Analyskategorier Coala\",\"item\":\"https:\/\/coalasolutions.com\/se\/kategorier\/\"},{\"@type\":\"ListItem\",\"position\":3,\"name\":\"Kat. 1 &#8211; Dina v\u00e4rden ser normala ut\"}]},{\"@type\":\"WebSite\",\"@id\":\"https:\/\/coalasolutions.com\/se\/#website\",\"url\":\"https:\/\/coalasolutions.com\/se\/\",\"name\":\"Coala Solution - SE\",\"description\":\"Unik digital hj\u00e4rtmonitor\",\"publisher\":{\"@id\":\"https:\/\/coalasolutions.com\/se\/#organization\"},\"potentialAction\":[{\"@type\":\"SearchAction\",\"target\":{\"@type\":\"EntryPoint\",\"urlTemplate\":\"https:\/\/coalasolutions.com\/se\/?s={search_term_string}\"},\"query-input\":{\"@type\":\"PropertyValueSpecification\",\"valueRequired\":true,\"valueName\":\"search_term_string\"}}],\"inLanguage\":\"sv-SE\"},{\"@type\":\"Organization\",\"@id\":\"https:\/\/coalasolutions.com\/se\/#organization\",\"name\":\"Coala Solution - SE\",\"url\":\"https:\/\/coalasolutions.com\/se\/\",\"logo\":{\"@type\":\"ImageObject\",\"inLanguage\":\"sv-SE\",\"@id\":\"https:\/\/coalasolutions.com\/se\/#\/schema\/logo\/image\/\",\"url\":\"https:\/\/coalasolutions.com\/se\/wp-content\/uploads\/sites\/2\/2022\/06\/coala-logo-blue.svg\",\"contentUrl\":\"https:\/\/coalasolutions.com\/se\/wp-content\/uploads\/sites\/2\/2022\/06\/coala-logo-blue.svg\",\"width\":136,\"height\":25,\"caption\":\"Coala Solution - SE\"},\"image\":{\"@id\":\"https:\/\/coalasolutions.com\/se\/#\/schema\/logo\/image\/\"}}]}<\/script>\n<!-- \/ Yoast SEO plugin. -->","yoast_head_json":{"title":"Kat. 1 - Dina v\u00e4rden ser normala ut - Coala Solution - SE","robots":{"index":"index","follow":"follow","max-snippet":"max-snippet:-1","max-image-preview":"max-image-preview:large","max-video-preview":"max-video-preview:-1"},"canonical":"https:\/\/coalasolutions.com\/se\/kategorier\/cat-1-5\/","og_locale":"sv_SE","og_type":"article","og_title":"Kat. 1 - Dina v\u00e4rden ser normala ut - Coala Solution - SE","og_description":"Hj\u00e4rtat arbetar vanligen med 50-100 slag\/minut (R-R-intervall 600-1200 msek) i vila och vid m\u00e5ttlig anstr\u00e4ngning. Vid uttalad anstr\u00e4ngning kan hj\u00e4rtfrekvensen g\u00e5 upp till cirka 200 slag\/min (R-R-intervall 300 msek). L\u00e5ngsam hj\u00e4rtrytm\/Bradykardi inneb\u00e4r att det bildas f\u00e4rre impulser \u00e4n normalt och definieras h\u00e4r som &lt;50 impulser\/min; ( R-R-intervall &gt;1200 msek). L\u00e5ngsam hj\u00e4rtrytm \u00e4r ett observandum, men [&hellip;]","og_url":"https:\/\/coalasolutions.com\/se\/kategorier\/cat-1-5\/","og_site_name":"Coala Solution - SE","article_modified_time":"2024-06-12T20:27:44+00:00","twitter_card":"summary_large_image","twitter_misc":{"Ber\u00e4knad l\u00e4stid":"1 minut"},"schema":{"@context":"https:\/\/schema.org","@graph":[{"@type":"WebPage","@id":"https:\/\/coalasolutions.com\/se\/kategorier\/cat-1-5\/","url":"https:\/\/coalasolutions.com\/se\/kategorier\/cat-1-5\/","name":"Kat. 1 - Dina v\u00e4rden ser normala ut - Coala Solution - SE","isPartOf":{"@id":"https:\/\/coalasolutions.com\/se\/#website"},"datePublished":"2022-05-02T10:37:59+00:00","dateModified":"2024-06-12T20:27:44+00:00","breadcrumb":{"@id":"https:\/\/coalasolutions.com\/se\/kategorier\/cat-1-5\/#breadcrumb"},"inLanguage":"sv-SE","potentialAction":[{"@type":"ReadAction","target":["https:\/\/coalasolutions.com\/se\/kategorier\/cat-1-5\/"]}]},{"@type":"BreadcrumbList","@id":"https:\/\/coalasolutions.com\/se\/kategorier\/cat-1-5\/#breadcrumb","itemListElement":[{"@type":"ListItem","position":1,"name":"Hem","item":"https:\/\/coalasolutions.com\/se\/"},{"@type":"ListItem","position":2,"name":"Analyskategorier Coala","item":"https:\/\/coalasolutions.com\/se\/kategorier\/"},{"@type":"ListItem","position":3,"name":"Kat. 1 &#8211; Dina v\u00e4rden ser normala ut"}]},{"@type":"WebSite","@id":"https:\/\/coalasolutions.com\/se\/#website","url":"https:\/\/coalasolutions.com\/se\/","name":"Coala Solution - SE","description":"Unik digital hj\u00e4rtmonitor","publisher":{"@id":"https:\/\/coalasolutions.com\/se\/#organization"},"potentialAction":[{"@type":"SearchAction","target":{"@type":"EntryPoint","urlTemplate":"https:\/\/coalasolutions.com\/se\/?s={search_term_string}"},"query-input":{"@type":"PropertyValueSpecification","valueRequired":true,"valueName":"search_term_string"}}],"inLanguage":"sv-SE"},{"@type":"Organization","@id":"https:\/\/coalasolutions.com\/se\/#organization","name":"Coala Solution - SE","url":"https:\/\/coalasolutions.com\/se\/","logo":{"@type":"ImageObject","inLanguage":"sv-SE","@id":"https:\/\/coalasolutions.com\/se\/#\/schema\/logo\/image\/","url":"https:\/\/coalasolutions.com\/se\/wp-content\/uploads\/sites\/2\/2022\/06\/coala-logo-blue.svg","contentUrl":"https:\/\/coalasolutions.com\/se\/wp-content\/uploads\/sites\/2\/2022\/06\/coala-logo-blue.svg","width":136,"height":25,"caption":"Coala Solution - SE"},"image":{"@id":"https:\/\/coalasolutions.com\/se\/#\/schema\/logo\/image\/"}}]}},"_links":{"self":[{"href":"https:\/\/coalasolutions.com\/se\/wp-json\/wp\/v2\/pages\/655","targetHints":{"allow":["GET"]}}],"collection":[{"href":"https:\/\/coalasolutions.com\/se\/wp-json\/wp\/v2\/pages"}],"about":[{"href":"https:\/\/coalasolutions.com\/se\/wp-json\/wp\/v2\/types\/page"}],"author":[{"embeddable":true,"href":"https:\/\/coalasolutions.com\/se\/wp-json\/wp\/v2\/users\/15"}],"replies":[{"embeddable":true,"href":"https:\/\/coalasolutions.com\/se\/wp-json\/wp\/v2\/comments?post=655"}],"version-history":[{"count":11,"href":"https:\/\/coalasolutions.com\/se\/wp-json\/wp\/v2\/pages\/655\/revisions"}],"predecessor-version":[{"id":4713,"href":"https:\/\/coalasolutions.com\/se\/wp-json\/wp\/v2\/pages\/655\/revisions\/4713"}],"up":[{"embeddable":true,"href":"https:\/\/coalasolutions.com\/se\/wp-json\/wp\/v2\/pages\/596"}],"wp:attachment":[{"href":"https:\/\/coalasolutions.com\/se\/wp-json\/wp\/v2\/media?parent=655"}],"curies":[{"name":"wp","href":"https:\/\/api.w.org\/{rel}","templated":true}]}}