{"id":648,"date":"2022-05-02T12:18:04","date_gmt":"2022-05-02T10:18:04","guid":{"rendered":"https:\/\/coalasolutions.com\/se\/?page_id=648"},"modified":"2022-06-08T10:23:49","modified_gmt":"2022-06-08T08:23:49","slug":"device-compatibility","status":"publish","type":"page","link":"https:\/\/coalasolutions.com\/se\/vardgivare\/device-compatibility\/","title":{"rendered":"Device Compatibility"},"content":{"rendered":"<p>&nbsp;<\/p>\n<p>Coala-appen \u00e4r kompatibel med mobiltelefoner med f\u00f6ljande operativsystem:<br \/>\nNuvarande version av iOS och dess tv\u00e5 tidigare versioner<br \/>\nNuvarande version av Android och dess fyra tidigare versioner<\/p>\n<p>Telefon ing\u00e5r ej<\/p>\n<p>&nbsp;<\/p>\n<p>Coala App is compatible with smartphones with the following operating system:<br \/>\nCurrent iOS version and its two previous versions<br \/>\nCurrent Android version and its four previous versions<\/p>\n<p>Phone is not included.<\/p>\n<p>&nbsp;<\/p>\n<p>&nbsp;<\/p>\n","protected":false},"excerpt":{"rendered":"<p>&nbsp; Coala-appen \u00e4r kompatibel med mobiltelefoner med f\u00f6ljande operativsystem: Nuvarande version av iOS och dess tv\u00e5 tidigare versioner Nuvarande version av Android och dess fyra tidigare versioner Telefon ing\u00e5r ej &nbsp; Coala App is compatible with smartphones with the following operating system: Current iOS version and its two previous versions Current Android version and its [&hellip;]<\/p>\n","protected":false},"author":2,"featured_media":0,"parent":1329,"menu_order":0,"comment_status":"closed","ping_status":"closed","template":"","meta":{"_acf_changed":false,"content-type":"","_coblocks_attr":"","_coblocks_dimensions":"","_coblocks_responsive_height":"","_coblocks_accordion_ie_support":"","footnotes":""},"class_list":["post-648","page","type-page","status-publish","hentry"],"acf":[],"yoast_head":"<!-- This site is optimized with the Yoast SEO plugin v27.1.1 - https:\/\/yoast.com\/product\/yoast-seo-wordpress\/ -->\n<title>Device Compatibility - Coala Solution - SE<\/title>\n<meta name=\"robots\" content=\"index, follow, max-snippet:-1, max-image-preview:large, max-video-preview:-1\" \/>\n<link rel=\"canonical\" href=\"https:\/\/coalasolutions.com\/se\/vardgivare\/device-compatibility\/\" \/>\n<meta property=\"og:locale\" content=\"sv_SE\" \/>\n<meta property=\"og:type\" content=\"article\" \/>\n<meta property=\"og:title\" content=\"Device Compatibility - Coala Solution - SE\" \/>\n<meta property=\"og:description\" content=\"&nbsp; Coala-appen \u00e4r kompatibel med mobiltelefoner med f\u00f6ljande operativsystem: Nuvarande version av iOS och dess tv\u00e5 tidigare versioner Nuvarande version av Android och dess fyra tidigare versioner Telefon ing\u00e5r ej &nbsp; Coala App is compatible with smartphones with the following operating system: Current iOS version and its two previous versions Current Android version and its [&hellip;]\" \/>\n<meta property=\"og:url\" content=\"https:\/\/coalasolutions.com\/se\/vardgivare\/device-compatibility\/\" \/>\n<meta property=\"og:site_name\" content=\"Coala Solution - SE\" \/>\n<meta property=\"article:modified_time\" content=\"2022-06-08T08:23:49+00:00\" \/>\n<meta name=\"twitter:card\" content=\"summary_large_image\" \/>\n<script type=\"application\/ld+json\" class=\"yoast-schema-graph\">{\"@context\":\"https:\/\/schema.org\",\"@graph\":[{\"@type\":\"WebPage\",\"@id\":\"https:\/\/coalasolutions.com\/se\/vardgivare\/device-compatibility\/\",\"url\":\"https:\/\/coalasolutions.com\/se\/vardgivare\/device-compatibility\/\",\"name\":\"Device Compatibility - Coala Solution - SE\",\"isPartOf\":{\"@id\":\"https:\/\/coalasolutions.com\/se\/#website\"},\"datePublished\":\"2022-05-02T10:18:04+00:00\",\"dateModified\":\"2022-06-08T08:23:49+00:00\",\"breadcrumb\":{\"@id\":\"https:\/\/coalasolutions.com\/se\/vardgivare\/device-compatibility\/#breadcrumb\"},\"inLanguage\":\"sv-SE\",\"potentialAction\":[{\"@type\":\"ReadAction\",\"target\":[\"https:\/\/coalasolutions.com\/se\/vardgivare\/device-compatibility\/\"]}]},{\"@type\":\"BreadcrumbList\",\"@id\":\"https:\/\/coalasolutions.com\/se\/vardgivare\/device-compatibility\/#breadcrumb\",\"itemListElement\":[{\"@type\":\"ListItem\",\"position\":1,\"name\":\"Hem\",\"item\":\"https:\/\/coalasolutions.com\/se\/\"},{\"@type\":\"ListItem\",\"position\":2,\"name\":\"V\u00e5rdgivare\",\"item\":\"https:\/\/coalasolutions.com\/se\/vardgivare\/\"},{\"@type\":\"ListItem\",\"position\":3,\"name\":\"Device Compatibility\"}]},{\"@type\":\"WebSite\",\"@id\":\"https:\/\/coalasolutions.com\/se\/#website\",\"url\":\"https:\/\/coalasolutions.com\/se\/\",\"name\":\"Coala Solution - SE\",\"description\":\"Unik digital hj\u00e4rtmonitor\",\"publisher\":{\"@id\":\"https:\/\/coalasolutions.com\/se\/#organization\"},\"potentialAction\":[{\"@type\":\"SearchAction\",\"target\":{\"@type\":\"EntryPoint\",\"urlTemplate\":\"https:\/\/coalasolutions.com\/se\/?s={search_term_string}\"},\"query-input\":{\"@type\":\"PropertyValueSpecification\",\"valueRequired\":true,\"valueName\":\"search_term_string\"}}],\"inLanguage\":\"sv-SE\"},{\"@type\":\"Organization\",\"@id\":\"https:\/\/coalasolutions.com\/se\/#organization\",\"name\":\"Coala Solution - SE\",\"url\":\"https:\/\/coalasolutions.com\/se\/\",\"logo\":{\"@type\":\"ImageObject\",\"inLanguage\":\"sv-SE\",\"@id\":\"https:\/\/coalasolutions.com\/se\/#\/schema\/logo\/image\/\",\"url\":\"https:\/\/coalasolutions.com\/se\/wp-content\/uploads\/sites\/2\/2022\/06\/coala-logo-blue.svg\",\"contentUrl\":\"https:\/\/coalasolutions.com\/se\/wp-content\/uploads\/sites\/2\/2022\/06\/coala-logo-blue.svg\",\"width\":136,\"height\":25,\"caption\":\"Coala Solution - SE\"},\"image\":{\"@id\":\"https:\/\/coalasolutions.com\/se\/#\/schema\/logo\/image\/\"}}]}<\/script>\n<!-- \/ Yoast SEO plugin. -->","yoast_head_json":{"title":"Device Compatibility - Coala Solution - SE","robots":{"index":"index","follow":"follow","max-snippet":"max-snippet:-1","max-image-preview":"max-image-preview:large","max-video-preview":"max-video-preview:-1"},"canonical":"https:\/\/coalasolutions.com\/se\/vardgivare\/device-compatibility\/","og_locale":"sv_SE","og_type":"article","og_title":"Device Compatibility - Coala Solution - SE","og_description":"&nbsp; Coala-appen \u00e4r kompatibel med mobiltelefoner med f\u00f6ljande operativsystem: Nuvarande version av iOS och dess tv\u00e5 tidigare versioner Nuvarande version av Android och dess fyra tidigare versioner Telefon ing\u00e5r ej &nbsp; Coala App is compatible with smartphones with the following operating system: Current iOS version and its two previous versions Current Android version and its [&hellip;]","og_url":"https:\/\/coalasolutions.com\/se\/vardgivare\/device-compatibility\/","og_site_name":"Coala Solution - SE","article_modified_time":"2022-06-08T08:23:49+00:00","twitter_card":"summary_large_image","schema":{"@context":"https:\/\/schema.org","@graph":[{"@type":"WebPage","@id":"https:\/\/coalasolutions.com\/se\/vardgivare\/device-compatibility\/","url":"https:\/\/coalasolutions.com\/se\/vardgivare\/device-compatibility\/","name":"Device Compatibility - Coala Solution - SE","isPartOf":{"@id":"https:\/\/coalasolutions.com\/se\/#website"},"datePublished":"2022-05-02T10:18:04+00:00","dateModified":"2022-06-08T08:23:49+00:00","breadcrumb":{"@id":"https:\/\/coalasolutions.com\/se\/vardgivare\/device-compatibility\/#breadcrumb"},"inLanguage":"sv-SE","potentialAction":[{"@type":"ReadAction","target":["https:\/\/coalasolutions.com\/se\/vardgivare\/device-compatibility\/"]}]},{"@type":"BreadcrumbList","@id":"https:\/\/coalasolutions.com\/se\/vardgivare\/device-compatibility\/#breadcrumb","itemListElement":[{"@type":"ListItem","position":1,"name":"Hem","item":"https:\/\/coalasolutions.com\/se\/"},{"@type":"ListItem","position":2,"name":"V\u00e5rdgivare","item":"https:\/\/coalasolutions.com\/se\/vardgivare\/"},{"@type":"ListItem","position":3,"name":"Device Compatibility"}]},{"@type":"WebSite","@id":"https:\/\/coalasolutions.com\/se\/#website","url":"https:\/\/coalasolutions.com\/se\/","name":"Coala Solution - SE","description":"Unik digital hj\u00e4rtmonitor","publisher":{"@id":"https:\/\/coalasolutions.com\/se\/#organization"},"potentialAction":[{"@type":"SearchAction","target":{"@type":"EntryPoint","urlTemplate":"https:\/\/coalasolutions.com\/se\/?s={search_term_string}"},"query-input":{"@type":"PropertyValueSpecification","valueRequired":true,"valueName":"search_term_string"}}],"inLanguage":"sv-SE"},{"@type":"Organization","@id":"https:\/\/coalasolutions.com\/se\/#organization","name":"Coala Solution - SE","url":"https:\/\/coalasolutions.com\/se\/","logo":{"@type":"ImageObject","inLanguage":"sv-SE","@id":"https:\/\/coalasolutions.com\/se\/#\/schema\/logo\/image\/","url":"https:\/\/coalasolutions.com\/se\/wp-content\/uploads\/sites\/2\/2022\/06\/coala-logo-blue.svg","contentUrl":"https:\/\/coalasolutions.com\/se\/wp-content\/uploads\/sites\/2\/2022\/06\/coala-logo-blue.svg","width":136,"height":25,"caption":"Coala Solution - SE"},"image":{"@id":"https:\/\/coalasolutions.com\/se\/#\/schema\/logo\/image\/"}}]}},"_links":{"self":[{"href":"https:\/\/coalasolutions.com\/se\/wp-json\/wp\/v2\/pages\/648","targetHints":{"allow":["GET"]}}],"collection":[{"href":"https:\/\/coalasolutions.com\/se\/wp-json\/wp\/v2\/pages"}],"about":[{"href":"https:\/\/coalasolutions.com\/se\/wp-json\/wp\/v2\/types\/page"}],"author":[{"embeddable":true,"href":"https:\/\/coalasolutions.com\/se\/wp-json\/wp\/v2\/users\/2"}],"replies":[{"embeddable":true,"href":"https:\/\/coalasolutions.com\/se\/wp-json\/wp\/v2\/comments?post=648"}],"version-history":[{"count":3,"href":"https:\/\/coalasolutions.com\/se\/wp-json\/wp\/v2\/pages\/648\/revisions"}],"predecessor-version":[{"id":652,"href":"https:\/\/coalasolutions.com\/se\/wp-json\/wp\/v2\/pages\/648\/revisions\/652"}],"up":[{"embeddable":true,"href":"https:\/\/coalasolutions.com\/se\/wp-json\/wp\/v2\/pages\/1329"}],"wp:attachment":[{"href":"https:\/\/coalasolutions.com\/se\/wp-json\/wp\/v2\/media?parent=648"}],"curies":[{"name":"wp","href":"https:\/\/api.w.org\/{rel}","templated":true}]}}