{"id":644,"date":"2022-05-02T12:12:30","date_gmt":"2022-05-02T10:12:30","guid":{"rendered":"https:\/\/coalasolutions.com\/se\/?page_id=644"},"modified":"2024-06-12T23:20:59","modified_gmt":"2024-06-12T21:20:59","slug":"terms","status":"publish","type":"page","link":"https:\/\/coalasolutions.com\/se\/terms\/","title":{"rendered":"Anv\u00e4ndarvillkor"},"content":{"rendered":"<h4>SVENSKA<\/h4>\n<p>Coala Solutions anv\u00e4ndarvillkor, var god <a href=\"https:\/\/coalasolutions.com\/se\/anvandarvillkor-coala-hjartmonitor-for-konsumenter\/\" rel=\"noopener\">klicka h\u00e4r.<\/a><\/p>\n<p>Coala Solutions integritetspolicy, var god <a href=\"https:\/\/coalasolutions.com\/se\/patient\/integritetspolicy\/\" rel=\"noopener\">klicka h\u00e4r.<\/a><\/p>\n<p>&nbsp;<\/p>\n<h4>ENGLISH<\/h4>\n<p>For Coala Solutions&#8217; Terms and Conditions, please <a href=\"https:\/\/coalasolutions.com\/en\/terms-and-conditions\/\" rel=\"noopener\">click here.<\/a><\/p>\n<p>For Coala Solutions&#8217; Privacy Policy, please <a href=\"https:\/\/coalasolutions.com\/en\/privacy-statement-coala-life\/\" rel=\"noopener\">click here.<\/a><\/p>\n","protected":false},"excerpt":{"rendered":"<p>SVENSKA Coala Solutions anv\u00e4ndarvillkor, var god klicka h\u00e4r. Coala Solutions integritetspolicy, var god klicka h\u00e4r. &nbsp; ENGLISH For Coala Solutions&#8217; Terms and Conditions, please click here. For Coala Solutions&#8217; Privacy Policy, please click here.<\/p>\n","protected":false},"author":15,"featured_media":0,"parent":0,"menu_order":0,"comment_status":"closed","ping_status":"closed","template":"","meta":{"_acf_changed":false,"content-type":"","_coblocks_attr":"","_coblocks_dimensions":"","_coblocks_responsive_height":"","_coblocks_accordion_ie_support":"","footnotes":""},"class_list":["post-644","page","type-page","status-publish","hentry"],"acf":[],"yoast_head":"<!-- This site is optimized with the Yoast SEO plugin v27.4 - https:\/\/yoast.com\/product\/yoast-seo-wordpress\/ -->\n<title>Anv\u00e4ndarvillkor - Coala Solution - SE<\/title>\n<meta name=\"robots\" content=\"index, follow, max-snippet:-1, max-image-preview:large, max-video-preview:-1\" \/>\n<link rel=\"canonical\" href=\"https:\/\/coalasolutions.com\/se\/terms\/\" \/>\n<meta property=\"og:locale\" content=\"sv_SE\" \/>\n<meta property=\"og:type\" content=\"article\" \/>\n<meta property=\"og:title\" content=\"Anv\u00e4ndarvillkor - Coala Solution - SE\" \/>\n<meta property=\"og:description\" content=\"SVENSKA Coala Solutions anv\u00e4ndarvillkor, var god klicka h\u00e4r. Coala Solutions integritetspolicy, var god klicka h\u00e4r. &nbsp; ENGLISH For Coala Solutions&#8217; Terms and Conditions, please click here. For Coala Solutions&#8217; Privacy Policy, please click here.\" \/>\n<meta property=\"og:url\" content=\"https:\/\/coalasolutions.com\/se\/terms\/\" \/>\n<meta property=\"og:site_name\" content=\"Coala Solution - SE\" \/>\n<meta property=\"article:modified_time\" content=\"2024-06-12T21:20:59+00:00\" \/>\n<meta name=\"twitter:card\" content=\"summary_large_image\" \/>\n<meta name=\"twitter:label1\" content=\"Ber\u00e4knad l\u00e4stid\" \/>\n\t<meta name=\"twitter:data1\" content=\"1 minut\" \/>\n<script type=\"application\/ld+json\" class=\"yoast-schema-graph\">{\"@context\":\"https:\\\/\\\/schema.org\",\"@graph\":[{\"@type\":\"WebPage\",\"@id\":\"https:\\\/\\\/coalasolutions.com\\\/se\\\/terms\\\/\",\"url\":\"https:\\\/\\\/coalasolutions.com\\\/se\\\/terms\\\/\",\"name\":\"Anv\u00e4ndarvillkor - Coala Solution - SE\",\"isPartOf\":{\"@id\":\"https:\\\/\\\/coalasolutions.com\\\/se\\\/#website\"},\"datePublished\":\"2022-05-02T10:12:30+00:00\",\"dateModified\":\"2024-06-12T21:20:59+00:00\",\"breadcrumb\":{\"@id\":\"https:\\\/\\\/coalasolutions.com\\\/se\\\/terms\\\/#breadcrumb\"},\"inLanguage\":\"sv-SE\",\"potentialAction\":[{\"@type\":\"ReadAction\",\"target\":[\"https:\\\/\\\/coalasolutions.com\\\/se\\\/terms\\\/\"]}]},{\"@type\":\"BreadcrumbList\",\"@id\":\"https:\\\/\\\/coalasolutions.com\\\/se\\\/terms\\\/#breadcrumb\",\"itemListElement\":[{\"@type\":\"ListItem\",\"position\":1,\"name\":\"Hem\",\"item\":\"https:\\\/\\\/coalasolutions.com\\\/se\\\/\"},{\"@type\":\"ListItem\",\"position\":2,\"name\":\"Anv\u00e4ndarvillkor\"}]},{\"@type\":\"WebSite\",\"@id\":\"https:\\\/\\\/coalasolutions.com\\\/se\\\/#website\",\"url\":\"https:\\\/\\\/coalasolutions.com\\\/se\\\/\",\"name\":\"Coala Solution - SE\",\"description\":\"Unik digital hj\u00e4rtmonitor\",\"publisher\":{\"@id\":\"https:\\\/\\\/coalasolutions.com\\\/se\\\/#organization\"},\"potentialAction\":[{\"@type\":\"SearchAction\",\"target\":{\"@type\":\"EntryPoint\",\"urlTemplate\":\"https:\\\/\\\/coalasolutions.com\\\/se\\\/?s={search_term_string}\"},\"query-input\":{\"@type\":\"PropertyValueSpecification\",\"valueRequired\":true,\"valueName\":\"search_term_string\"}}],\"inLanguage\":\"sv-SE\"},{\"@type\":\"Organization\",\"@id\":\"https:\\\/\\\/coalasolutions.com\\\/se\\\/#organization\",\"name\":\"Coala Solution - SE\",\"url\":\"https:\\\/\\\/coalasolutions.com\\\/se\\\/\",\"logo\":{\"@type\":\"ImageObject\",\"inLanguage\":\"sv-SE\",\"@id\":\"https:\\\/\\\/coalasolutions.com\\\/se\\\/#\\\/schema\\\/logo\\\/image\\\/\",\"url\":\"https:\\\/\\\/coalasolutions.com\\\/se\\\/wp-content\\\/uploads\\\/sites\\\/2\\\/2022\\\/06\\\/coala-logo-blue.svg\",\"contentUrl\":\"https:\\\/\\\/coalasolutions.com\\\/se\\\/wp-content\\\/uploads\\\/sites\\\/2\\\/2022\\\/06\\\/coala-logo-blue.svg\",\"width\":136,\"height\":25,\"caption\":\"Coala Solution - SE\"},\"image\":{\"@id\":\"https:\\\/\\\/coalasolutions.com\\\/se\\\/#\\\/schema\\\/logo\\\/image\\\/\"}}]}<\/script>\n<!-- \/ Yoast SEO plugin. -->","yoast_head_json":{"title":"Anv\u00e4ndarvillkor - Coala Solution - SE","robots":{"index":"index","follow":"follow","max-snippet":"max-snippet:-1","max-image-preview":"max-image-preview:large","max-video-preview":"max-video-preview:-1"},"canonical":"https:\/\/coalasolutions.com\/se\/terms\/","og_locale":"sv_SE","og_type":"article","og_title":"Anv\u00e4ndarvillkor - Coala Solution - SE","og_description":"SVENSKA Coala Solutions anv\u00e4ndarvillkor, var god klicka h\u00e4r. Coala Solutions integritetspolicy, var god klicka h\u00e4r. &nbsp; ENGLISH For Coala Solutions&#8217; Terms and Conditions, please click here. For Coala Solutions&#8217; Privacy Policy, please click here.","og_url":"https:\/\/coalasolutions.com\/se\/terms\/","og_site_name":"Coala Solution - SE","article_modified_time":"2024-06-12T21:20:59+00:00","twitter_card":"summary_large_image","twitter_misc":{"Ber\u00e4knad l\u00e4stid":"1 minut"},"schema":{"@context":"https:\/\/schema.org","@graph":[{"@type":"WebPage","@id":"https:\/\/coalasolutions.com\/se\/terms\/","url":"https:\/\/coalasolutions.com\/se\/terms\/","name":"Anv\u00e4ndarvillkor - Coala Solution - SE","isPartOf":{"@id":"https:\/\/coalasolutions.com\/se\/#website"},"datePublished":"2022-05-02T10:12:30+00:00","dateModified":"2024-06-12T21:20:59+00:00","breadcrumb":{"@id":"https:\/\/coalasolutions.com\/se\/terms\/#breadcrumb"},"inLanguage":"sv-SE","potentialAction":[{"@type":"ReadAction","target":["https:\/\/coalasolutions.com\/se\/terms\/"]}]},{"@type":"BreadcrumbList","@id":"https:\/\/coalasolutions.com\/se\/terms\/#breadcrumb","itemListElement":[{"@type":"ListItem","position":1,"name":"Hem","item":"https:\/\/coalasolutions.com\/se\/"},{"@type":"ListItem","position":2,"name":"Anv\u00e4ndarvillkor"}]},{"@type":"WebSite","@id":"https:\/\/coalasolutions.com\/se\/#website","url":"https:\/\/coalasolutions.com\/se\/","name":"Coala Solution - SE","description":"Unik digital hj\u00e4rtmonitor","publisher":{"@id":"https:\/\/coalasolutions.com\/se\/#organization"},"potentialAction":[{"@type":"SearchAction","target":{"@type":"EntryPoint","urlTemplate":"https:\/\/coalasolutions.com\/se\/?s={search_term_string}"},"query-input":{"@type":"PropertyValueSpecification","valueRequired":true,"valueName":"search_term_string"}}],"inLanguage":"sv-SE"},{"@type":"Organization","@id":"https:\/\/coalasolutions.com\/se\/#organization","name":"Coala Solution - SE","url":"https:\/\/coalasolutions.com\/se\/","logo":{"@type":"ImageObject","inLanguage":"sv-SE","@id":"https:\/\/coalasolutions.com\/se\/#\/schema\/logo\/image\/","url":"https:\/\/coalasolutions.com\/se\/wp-content\/uploads\/sites\/2\/2022\/06\/coala-logo-blue.svg","contentUrl":"https:\/\/coalasolutions.com\/se\/wp-content\/uploads\/sites\/2\/2022\/06\/coala-logo-blue.svg","width":136,"height":25,"caption":"Coala Solution - SE"},"image":{"@id":"https:\/\/coalasolutions.com\/se\/#\/schema\/logo\/image\/"}}]}},"_links":{"self":[{"href":"https:\/\/coalasolutions.com\/se\/wp-json\/wp\/v2\/pages\/644","targetHints":{"allow":["GET"]}}],"collection":[{"href":"https:\/\/coalasolutions.com\/se\/wp-json\/wp\/v2\/pages"}],"about":[{"href":"https:\/\/coalasolutions.com\/se\/wp-json\/wp\/v2\/types\/page"}],"author":[{"embeddable":true,"href":"https:\/\/coalasolutions.com\/se\/wp-json\/wp\/v2\/users\/15"}],"replies":[{"embeddable":true,"href":"https:\/\/coalasolutions.com\/se\/wp-json\/wp\/v2\/comments?post=644"}],"version-history":[{"count":12,"href":"https:\/\/coalasolutions.com\/se\/wp-json\/wp\/v2\/pages\/644\/revisions"}],"predecessor-version":[{"id":4709,"href":"https:\/\/coalasolutions.com\/se\/wp-json\/wp\/v2\/pages\/644\/revisions\/4709"}],"wp:attachment":[{"href":"https:\/\/coalasolutions.com\/se\/wp-json\/wp\/v2\/media?parent=644"}],"curies":[{"name":"wp","href":"https:\/\/api.w.org\/{rel}","templated":true}]}}