{"id":596,"date":"2022-04-29T16:41:15","date_gmt":"2022-04-29T14:41:15","guid":{"rendered":"https:\/\/coalasolutions.com\/se\/?page_id=596"},"modified":"2022-07-05T13:55:09","modified_gmt":"2022-07-05T11:55:09","slug":"kategorier","status":"publish","type":"page","link":"https:\/\/coalasolutions.com\/se\/kategorier\/","title":{"rendered":"Analyskategorier Coala"},"content":{"rendered":"<h3>Analyzed categories Coala<\/h3>\n<p>For information on the analyzed categories in English, <a href=\"https:\/\/coalasolutions.com\/en\/categories\/\">read here.<\/a><\/p>\n<p>&nbsp;<\/p>\n<p><em>Klicka p\u00e5 kategorierna f\u00f6r att l\u00e4sa mer.<\/em><\/p>\n<p><a href=\"https:\/\/coalasolutions.com\/se\/kategorier\/cat-1-5\/\"><strong>Kat. 1<\/strong>\u00a0\u2013 Dina v\u00e4rden ser normala ut<\/a><\/p>\n<p><a href=\"https:\/\/coalasolutions.com\/se\/kategorier\/cat-2\/\"><strong>Kat. 2<\/strong>\u00a0\u2013 Coala indikerar tecken p\u00e5 f\u00f6rmaksflimmer<\/a><\/p>\n<p><a href=\"https:\/\/coalasolutions.com\/se\/kategorier\/cat-3\/\"><strong>Kat. 3<\/strong>\u00a0\u2013 Coala indikerar \u00f6verhoppade hj\u00e4rtslag<\/a><\/p>\n<p><a href=\"https:\/\/coalasolutions.com\/se\/kategorier\/cat-4\/\"><strong>Kat. 4<\/strong>\u00a0\u2013 Coala indikerar f\u00f6rh\u00f6jd hj\u00e4rtfrekvens<\/a><\/p>\n<p><a href=\"https:\/\/coalasolutions.com\/se\/kategorier\/cat-6\/\"><strong>Kat. 6<\/strong>\u00a0\u2013 Coala indikerar tecken p\u00e5 snabbt \u00e4ndrad hj\u00e4rtrytm<\/a><\/p>\n<p><a href=\"https:\/\/coalasolutions.com\/se\/kategorier\/cat-7\/\"><strong>Kat. 7<\/strong>\u00a0\u2013 Coala indikerar f\u00f6rekomst av extraslag<\/a><\/p>\n<p><a href=\"https:\/\/coalasolutions.com\/se\/kategorier\/cat-8\/\"><strong>Kat. 8<\/strong>\u00a0\u2013 Coala indikerar f\u00f6rekomst av extraslag<\/a><\/p>\n<p><a href=\"https:\/\/coalasolutions.com\/se\/kategorier\/cat-10\/\"><strong>Kat. 10<\/strong>\u00a0\u2013 Coala indikerar tecken p\u00e5 \u00e5terkommande extraslag<\/a><\/p>\n<p><a href=\"https:\/\/coalasolutions.com\/se\/kategorier\/cat-11\/\"><strong>Kat. 11<\/strong>\u00a0\u2013 Coala indikerar tecken p\u00e5 \u00e5terkommande extraslag<\/a><\/p>\n<p><a href=\"https:\/\/coalasolutions.com\/se\/kategorier\/cat-12\/\"><strong>Kat. 12<\/strong>\u00a0\u2013 Coala indikerar oregelbunden hj\u00e4rtrytm<\/a><\/p>\n<p>&nbsp;<\/p>\n<p>&nbsp;<\/p>\n","protected":false},"excerpt":{"rendered":"<p>Analyzed categories Coala For information on the analyzed categories in English, read here. &nbsp; Klicka p\u00e5 kategorierna f\u00f6r att l\u00e4sa mer. Kat. 1\u00a0\u2013 Dina v\u00e4rden ser normala ut Kat. 2\u00a0\u2013 Coala indikerar tecken p\u00e5 f\u00f6rmaksflimmer Kat. 3\u00a0\u2013 Coala indikerar \u00f6verhoppade hj\u00e4rtslag Kat. 4\u00a0\u2013 Coala indikerar f\u00f6rh\u00f6jd hj\u00e4rtfrekvens Kat. 6\u00a0\u2013 Coala indikerar tecken p\u00e5 snabbt \u00e4ndrad [&hellip;]<\/p>\n","protected":false},"author":3,"featured_media":0,"parent":0,"menu_order":0,"comment_status":"closed","ping_status":"closed","template":"","meta":{"_acf_changed":false,"content-type":"","_coblocks_attr":"","_coblocks_dimensions":"","_coblocks_responsive_height":"","_coblocks_accordion_ie_support":"","footnotes":""},"class_list":["post-596","page","type-page","status-publish","hentry"],"acf":[],"yoast_head":"<!-- This site is optimized with the Yoast SEO plugin v27.1.1 - https:\/\/yoast.com\/product\/yoast-seo-wordpress\/ -->\n<title>Analyskategorier Coala - Coala Solution - SE<\/title>\n<meta name=\"robots\" content=\"index, follow, max-snippet:-1, max-image-preview:large, max-video-preview:-1\" \/>\n<link rel=\"canonical\" href=\"https:\/\/coalasolutions.com\/se\/kategorier\/\" \/>\n<meta property=\"og:locale\" content=\"sv_SE\" \/>\n<meta property=\"og:type\" content=\"article\" \/>\n<meta property=\"og:title\" content=\"Analyskategorier Coala - Coala Solution - SE\" \/>\n<meta property=\"og:description\" content=\"Analyzed categories Coala For information on the analyzed categories in English, read here. &nbsp; Klicka p\u00e5 kategorierna f\u00f6r att l\u00e4sa mer. Kat. 1\u00a0\u2013 Dina v\u00e4rden ser normala ut Kat. 2\u00a0\u2013 Coala indikerar tecken p\u00e5 f\u00f6rmaksflimmer Kat. 3\u00a0\u2013 Coala indikerar \u00f6verhoppade hj\u00e4rtslag Kat. 4\u00a0\u2013 Coala indikerar f\u00f6rh\u00f6jd hj\u00e4rtfrekvens Kat. 6\u00a0\u2013 Coala indikerar tecken p\u00e5 snabbt \u00e4ndrad [&hellip;]\" \/>\n<meta property=\"og:url\" content=\"https:\/\/coalasolutions.com\/se\/kategorier\/\" \/>\n<meta property=\"og:site_name\" content=\"Coala Solution - SE\" \/>\n<meta property=\"article:modified_time\" content=\"2022-07-05T11:55:09+00:00\" \/>\n<meta name=\"twitter:card\" content=\"summary_large_image\" \/>\n<meta name=\"twitter:label1\" content=\"Ber\u00e4knad l\u00e4stid\" \/>\n\t<meta name=\"twitter:data1\" content=\"1 minut\" \/>\n<script type=\"application\/ld+json\" class=\"yoast-schema-graph\">{\"@context\":\"https:\/\/schema.org\",\"@graph\":[{\"@type\":\"WebPage\",\"@id\":\"https:\/\/coalasolutions.com\/se\/kategorier\/\",\"url\":\"https:\/\/coalasolutions.com\/se\/kategorier\/\",\"name\":\"Analyskategorier Coala - Coala Solution - SE\",\"isPartOf\":{\"@id\":\"https:\/\/coalasolutions.com\/se\/#website\"},\"datePublished\":\"2022-04-29T14:41:15+00:00\",\"dateModified\":\"2022-07-05T11:55:09+00:00\",\"breadcrumb\":{\"@id\":\"https:\/\/coalasolutions.com\/se\/kategorier\/#breadcrumb\"},\"inLanguage\":\"sv-SE\",\"potentialAction\":[{\"@type\":\"ReadAction\",\"target\":[\"https:\/\/coalasolutions.com\/se\/kategorier\/\"]}]},{\"@type\":\"BreadcrumbList\",\"@id\":\"https:\/\/coalasolutions.com\/se\/kategorier\/#breadcrumb\",\"itemListElement\":[{\"@type\":\"ListItem\",\"position\":1,\"name\":\"Hem\",\"item\":\"https:\/\/coalasolutions.com\/se\/\"},{\"@type\":\"ListItem\",\"position\":2,\"name\":\"Analyskategorier Coala\"}]},{\"@type\":\"WebSite\",\"@id\":\"https:\/\/coalasolutions.com\/se\/#website\",\"url\":\"https:\/\/coalasolutions.com\/se\/\",\"name\":\"Coala Solution - SE\",\"description\":\"Unik digital hj\u00e4rtmonitor\",\"publisher\":{\"@id\":\"https:\/\/coalasolutions.com\/se\/#organization\"},\"potentialAction\":[{\"@type\":\"SearchAction\",\"target\":{\"@type\":\"EntryPoint\",\"urlTemplate\":\"https:\/\/coalasolutions.com\/se\/?s={search_term_string}\"},\"query-input\":{\"@type\":\"PropertyValueSpecification\",\"valueRequired\":true,\"valueName\":\"search_term_string\"}}],\"inLanguage\":\"sv-SE\"},{\"@type\":\"Organization\",\"@id\":\"https:\/\/coalasolutions.com\/se\/#organization\",\"name\":\"Coala Solution - SE\",\"url\":\"https:\/\/coalasolutions.com\/se\/\",\"logo\":{\"@type\":\"ImageObject\",\"inLanguage\":\"sv-SE\",\"@id\":\"https:\/\/coalasolutions.com\/se\/#\/schema\/logo\/image\/\",\"url\":\"https:\/\/coalasolutions.com\/se\/wp-content\/uploads\/sites\/2\/2022\/06\/coala-logo-blue.svg\",\"contentUrl\":\"https:\/\/coalasolutions.com\/se\/wp-content\/uploads\/sites\/2\/2022\/06\/coala-logo-blue.svg\",\"width\":136,\"height\":25,\"caption\":\"Coala Solution - SE\"},\"image\":{\"@id\":\"https:\/\/coalasolutions.com\/se\/#\/schema\/logo\/image\/\"}}]}<\/script>\n<!-- \/ Yoast SEO plugin. -->","yoast_head_json":{"title":"Analyskategorier Coala - Coala Solution - SE","robots":{"index":"index","follow":"follow","max-snippet":"max-snippet:-1","max-image-preview":"max-image-preview:large","max-video-preview":"max-video-preview:-1"},"canonical":"https:\/\/coalasolutions.com\/se\/kategorier\/","og_locale":"sv_SE","og_type":"article","og_title":"Analyskategorier Coala - Coala Solution - SE","og_description":"Analyzed categories Coala For information on the analyzed categories in English, read here. &nbsp; Klicka p\u00e5 kategorierna f\u00f6r att l\u00e4sa mer. Kat. 1\u00a0\u2013 Dina v\u00e4rden ser normala ut Kat. 2\u00a0\u2013 Coala indikerar tecken p\u00e5 f\u00f6rmaksflimmer Kat. 3\u00a0\u2013 Coala indikerar \u00f6verhoppade hj\u00e4rtslag Kat. 4\u00a0\u2013 Coala indikerar f\u00f6rh\u00f6jd hj\u00e4rtfrekvens Kat. 6\u00a0\u2013 Coala indikerar tecken p\u00e5 snabbt \u00e4ndrad [&hellip;]","og_url":"https:\/\/coalasolutions.com\/se\/kategorier\/","og_site_name":"Coala Solution - SE","article_modified_time":"2022-07-05T11:55:09+00:00","twitter_card":"summary_large_image","twitter_misc":{"Ber\u00e4knad l\u00e4stid":"1 minut"},"schema":{"@context":"https:\/\/schema.org","@graph":[{"@type":"WebPage","@id":"https:\/\/coalasolutions.com\/se\/kategorier\/","url":"https:\/\/coalasolutions.com\/se\/kategorier\/","name":"Analyskategorier Coala - Coala Solution - SE","isPartOf":{"@id":"https:\/\/coalasolutions.com\/se\/#website"},"datePublished":"2022-04-29T14:41:15+00:00","dateModified":"2022-07-05T11:55:09+00:00","breadcrumb":{"@id":"https:\/\/coalasolutions.com\/se\/kategorier\/#breadcrumb"},"inLanguage":"sv-SE","potentialAction":[{"@type":"ReadAction","target":["https:\/\/coalasolutions.com\/se\/kategorier\/"]}]},{"@type":"BreadcrumbList","@id":"https:\/\/coalasolutions.com\/se\/kategorier\/#breadcrumb","itemListElement":[{"@type":"ListItem","position":1,"name":"Hem","item":"https:\/\/coalasolutions.com\/se\/"},{"@type":"ListItem","position":2,"name":"Analyskategorier Coala"}]},{"@type":"WebSite","@id":"https:\/\/coalasolutions.com\/se\/#website","url":"https:\/\/coalasolutions.com\/se\/","name":"Coala Solution - SE","description":"Unik digital hj\u00e4rtmonitor","publisher":{"@id":"https:\/\/coalasolutions.com\/se\/#organization"},"potentialAction":[{"@type":"SearchAction","target":{"@type":"EntryPoint","urlTemplate":"https:\/\/coalasolutions.com\/se\/?s={search_term_string}"},"query-input":{"@type":"PropertyValueSpecification","valueRequired":true,"valueName":"search_term_string"}}],"inLanguage":"sv-SE"},{"@type":"Organization","@id":"https:\/\/coalasolutions.com\/se\/#organization","name":"Coala Solution - SE","url":"https:\/\/coalasolutions.com\/se\/","logo":{"@type":"ImageObject","inLanguage":"sv-SE","@id":"https:\/\/coalasolutions.com\/se\/#\/schema\/logo\/image\/","url":"https:\/\/coalasolutions.com\/se\/wp-content\/uploads\/sites\/2\/2022\/06\/coala-logo-blue.svg","contentUrl":"https:\/\/coalasolutions.com\/se\/wp-content\/uploads\/sites\/2\/2022\/06\/coala-logo-blue.svg","width":136,"height":25,"caption":"Coala Solution - SE"},"image":{"@id":"https:\/\/coalasolutions.com\/se\/#\/schema\/logo\/image\/"}}]}},"_links":{"self":[{"href":"https:\/\/coalasolutions.com\/se\/wp-json\/wp\/v2\/pages\/596","targetHints":{"allow":["GET"]}}],"collection":[{"href":"https:\/\/coalasolutions.com\/se\/wp-json\/wp\/v2\/pages"}],"about":[{"href":"https:\/\/coalasolutions.com\/se\/wp-json\/wp\/v2\/types\/page"}],"author":[{"embeddable":true,"href":"https:\/\/coalasolutions.com\/se\/wp-json\/wp\/v2\/users\/3"}],"replies":[{"embeddable":true,"href":"https:\/\/coalasolutions.com\/se\/wp-json\/wp\/v2\/comments?post=596"}],"version-history":[{"count":8,"href":"https:\/\/coalasolutions.com\/se\/wp-json\/wp\/v2\/pages\/596\/revisions"}],"predecessor-version":[{"id":1856,"href":"https:\/\/coalasolutions.com\/se\/wp-json\/wp\/v2\/pages\/596\/revisions\/1856"}],"wp:attachment":[{"href":"https:\/\/coalasolutions.com\/se\/wp-json\/wp\/v2\/media?parent=596"}],"curies":[{"name":"wp","href":"https:\/\/api.w.org\/{rel}","templated":true}]}}