{"id":584,"date":"2022-04-29T10:26:43","date_gmt":"2022-04-29T08:26:43","guid":{"rendered":"https:\/\/coalasolutions.com\/se\/?page_id=584"},"modified":"2023-06-19T10:32:34","modified_gmt":"2023-06-19T08:32:34","slug":"manual","status":"publish","type":"page","link":"https:\/\/coalasolutions.com\/se\/vardgivare\/manual\/","title":{"rendered":"Coala Heart Monitor Anv\u00e4ndarmanual"},"content":{"rendered":"\r\n<p>F\u00f6r anv\u00e4ndarmanual f\u00f6r Coala Heart Monitor se nedan.<\/p>\r\n<p><strong>English<\/strong><br \/>For Coala Heart Monitor Manual in english, please <a href=\"https:\/\/coalasolutions.com\/en\/clinician\/manual\/\">click here.<\/a><\/p>\r\n","protected":false},"excerpt":{"rendered":"<p>F\u00f6r anv\u00e4ndarmanual f\u00f6r Coala Heart Monitor se nedan. EnglishFor Coala Heart Monitor Manual in english, please click here.<\/p>\n","protected":false},"author":2,"featured_media":0,"parent":1329,"menu_order":0,"comment_status":"closed","ping_status":"closed","template":"page_sections.php","meta":{"_acf_changed":false,"content-type":"","_coblocks_attr":"","_coblocks_dimensions":"","_coblocks_responsive_height":"","_coblocks_accordion_ie_support":"","footnotes":""},"class_list":["post-584","page","type-page","status-publish","hentry"],"acf":[],"yoast_head":"<!-- This site is optimized with the Yoast SEO plugin v27.4 - https:\/\/yoast.com\/product\/yoast-seo-wordpress\/ -->\n<title>Coala Heart Monitor Anv\u00e4ndarmanual - Coala Solution - SE<\/title>\n<meta name=\"robots\" content=\"index, follow, max-snippet:-1, max-image-preview:large, max-video-preview:-1\" \/>\n<link rel=\"canonical\" href=\"https:\/\/coalasolutions.com\/se\/vardgivare\/manual\/\" \/>\n<meta property=\"og:locale\" content=\"sv_SE\" \/>\n<meta property=\"og:type\" content=\"article\" \/>\n<meta property=\"og:title\" content=\"Coala Heart Monitor Anv\u00e4ndarmanual - Coala Solution - SE\" \/>\n<meta property=\"og:description\" content=\"F\u00f6r anv\u00e4ndarmanual f\u00f6r Coala Heart Monitor se nedan. EnglishFor Coala Heart Monitor Manual in english, please click here.\" \/>\n<meta property=\"og:url\" content=\"https:\/\/coalasolutions.com\/se\/vardgivare\/manual\/\" \/>\n<meta property=\"og:site_name\" content=\"Coala Solution - SE\" \/>\n<meta property=\"article:modified_time\" content=\"2023-06-19T08:32:34+00:00\" \/>\n<meta name=\"twitter:card\" content=\"summary_large_image\" \/>\n<meta name=\"twitter:label1\" content=\"Ber\u00e4knad l\u00e4stid\" \/>\n\t<meta name=\"twitter:data1\" content=\"1 minut\" \/>\n<script type=\"application\/ld+json\" class=\"yoast-schema-graph\">{\"@context\":\"https:\\\/\\\/schema.org\",\"@graph\":[{\"@type\":\"WebPage\",\"@id\":\"https:\\\/\\\/coalasolutions.com\\\/se\\\/vardgivare\\\/manual\\\/\",\"url\":\"https:\\\/\\\/coalasolutions.com\\\/se\\\/vardgivare\\\/manual\\\/\",\"name\":\"Coala Heart Monitor Anv\u00e4ndarmanual - Coala Solution - SE\",\"isPartOf\":{\"@id\":\"https:\\\/\\\/coalasolutions.com\\\/se\\\/#website\"},\"datePublished\":\"2022-04-29T08:26:43+00:00\",\"dateModified\":\"2023-06-19T08:32:34+00:00\",\"breadcrumb\":{\"@id\":\"https:\\\/\\\/coalasolutions.com\\\/se\\\/vardgivare\\\/manual\\\/#breadcrumb\"},\"inLanguage\":\"sv-SE\",\"potentialAction\":[{\"@type\":\"ReadAction\",\"target\":[\"https:\\\/\\\/coalasolutions.com\\\/se\\\/vardgivare\\\/manual\\\/\"]}]},{\"@type\":\"BreadcrumbList\",\"@id\":\"https:\\\/\\\/coalasolutions.com\\\/se\\\/vardgivare\\\/manual\\\/#breadcrumb\",\"itemListElement\":[{\"@type\":\"ListItem\",\"position\":1,\"name\":\"Hem\",\"item\":\"https:\\\/\\\/coalasolutions.com\\\/se\\\/\"},{\"@type\":\"ListItem\",\"position\":2,\"name\":\"V\u00e5rdgivare\",\"item\":\"https:\\\/\\\/coalasolutions.com\\\/se\\\/vardgivare\\\/\"},{\"@type\":\"ListItem\",\"position\":3,\"name\":\"Coala Heart Monitor Anv\u00e4ndarmanual\"}]},{\"@type\":\"WebSite\",\"@id\":\"https:\\\/\\\/coalasolutions.com\\\/se\\\/#website\",\"url\":\"https:\\\/\\\/coalasolutions.com\\\/se\\\/\",\"name\":\"Coala Solution - SE\",\"description\":\"Unik digital hj\u00e4rtmonitor\",\"publisher\":{\"@id\":\"https:\\\/\\\/coalasolutions.com\\\/se\\\/#organization\"},\"potentialAction\":[{\"@type\":\"SearchAction\",\"target\":{\"@type\":\"EntryPoint\",\"urlTemplate\":\"https:\\\/\\\/coalasolutions.com\\\/se\\\/?s={search_term_string}\"},\"query-input\":{\"@type\":\"PropertyValueSpecification\",\"valueRequired\":true,\"valueName\":\"search_term_string\"}}],\"inLanguage\":\"sv-SE\"},{\"@type\":\"Organization\",\"@id\":\"https:\\\/\\\/coalasolutions.com\\\/se\\\/#organization\",\"name\":\"Coala Solution - SE\",\"url\":\"https:\\\/\\\/coalasolutions.com\\\/se\\\/\",\"logo\":{\"@type\":\"ImageObject\",\"inLanguage\":\"sv-SE\",\"@id\":\"https:\\\/\\\/coalasolutions.com\\\/se\\\/#\\\/schema\\\/logo\\\/image\\\/\",\"url\":\"https:\\\/\\\/coalasolutions.com\\\/se\\\/wp-content\\\/uploads\\\/sites\\\/2\\\/2022\\\/06\\\/coala-logo-blue.svg\",\"contentUrl\":\"https:\\\/\\\/coalasolutions.com\\\/se\\\/wp-content\\\/uploads\\\/sites\\\/2\\\/2022\\\/06\\\/coala-logo-blue.svg\",\"width\":136,\"height\":25,\"caption\":\"Coala Solution - SE\"},\"image\":{\"@id\":\"https:\\\/\\\/coalasolutions.com\\\/se\\\/#\\\/schema\\\/logo\\\/image\\\/\"}}]}<\/script>\n<!-- \/ Yoast SEO plugin. -->","yoast_head_json":{"title":"Coala Heart Monitor Anv\u00e4ndarmanual - Coala Solution - SE","robots":{"index":"index","follow":"follow","max-snippet":"max-snippet:-1","max-image-preview":"max-image-preview:large","max-video-preview":"max-video-preview:-1"},"canonical":"https:\/\/coalasolutions.com\/se\/vardgivare\/manual\/","og_locale":"sv_SE","og_type":"article","og_title":"Coala Heart Monitor Anv\u00e4ndarmanual - Coala Solution - SE","og_description":"F\u00f6r anv\u00e4ndarmanual f\u00f6r Coala Heart Monitor se nedan. EnglishFor Coala Heart Monitor Manual in english, please click here.","og_url":"https:\/\/coalasolutions.com\/se\/vardgivare\/manual\/","og_site_name":"Coala Solution - SE","article_modified_time":"2023-06-19T08:32:34+00:00","twitter_card":"summary_large_image","twitter_misc":{"Ber\u00e4knad l\u00e4stid":"1 minut"},"schema":{"@context":"https:\/\/schema.org","@graph":[{"@type":"WebPage","@id":"https:\/\/coalasolutions.com\/se\/vardgivare\/manual\/","url":"https:\/\/coalasolutions.com\/se\/vardgivare\/manual\/","name":"Coala Heart Monitor Anv\u00e4ndarmanual - Coala Solution - SE","isPartOf":{"@id":"https:\/\/coalasolutions.com\/se\/#website"},"datePublished":"2022-04-29T08:26:43+00:00","dateModified":"2023-06-19T08:32:34+00:00","breadcrumb":{"@id":"https:\/\/coalasolutions.com\/se\/vardgivare\/manual\/#breadcrumb"},"inLanguage":"sv-SE","potentialAction":[{"@type":"ReadAction","target":["https:\/\/coalasolutions.com\/se\/vardgivare\/manual\/"]}]},{"@type":"BreadcrumbList","@id":"https:\/\/coalasolutions.com\/se\/vardgivare\/manual\/#breadcrumb","itemListElement":[{"@type":"ListItem","position":1,"name":"Hem","item":"https:\/\/coalasolutions.com\/se\/"},{"@type":"ListItem","position":2,"name":"V\u00e5rdgivare","item":"https:\/\/coalasolutions.com\/se\/vardgivare\/"},{"@type":"ListItem","position":3,"name":"Coala Heart Monitor Anv\u00e4ndarmanual"}]},{"@type":"WebSite","@id":"https:\/\/coalasolutions.com\/se\/#website","url":"https:\/\/coalasolutions.com\/se\/","name":"Coala Solution - SE","description":"Unik digital hj\u00e4rtmonitor","publisher":{"@id":"https:\/\/coalasolutions.com\/se\/#organization"},"potentialAction":[{"@type":"SearchAction","target":{"@type":"EntryPoint","urlTemplate":"https:\/\/coalasolutions.com\/se\/?s={search_term_string}"},"query-input":{"@type":"PropertyValueSpecification","valueRequired":true,"valueName":"search_term_string"}}],"inLanguage":"sv-SE"},{"@type":"Organization","@id":"https:\/\/coalasolutions.com\/se\/#organization","name":"Coala Solution - SE","url":"https:\/\/coalasolutions.com\/se\/","logo":{"@type":"ImageObject","inLanguage":"sv-SE","@id":"https:\/\/coalasolutions.com\/se\/#\/schema\/logo\/image\/","url":"https:\/\/coalasolutions.com\/se\/wp-content\/uploads\/sites\/2\/2022\/06\/coala-logo-blue.svg","contentUrl":"https:\/\/coalasolutions.com\/se\/wp-content\/uploads\/sites\/2\/2022\/06\/coala-logo-blue.svg","width":136,"height":25,"caption":"Coala Solution - SE"},"image":{"@id":"https:\/\/coalasolutions.com\/se\/#\/schema\/logo\/image\/"}}]}},"_links":{"self":[{"href":"https:\/\/coalasolutions.com\/se\/wp-json\/wp\/v2\/pages\/584","targetHints":{"allow":["GET"]}}],"collection":[{"href":"https:\/\/coalasolutions.com\/se\/wp-json\/wp\/v2\/pages"}],"about":[{"href":"https:\/\/coalasolutions.com\/se\/wp-json\/wp\/v2\/types\/page"}],"author":[{"embeddable":true,"href":"https:\/\/coalasolutions.com\/se\/wp-json\/wp\/v2\/users\/2"}],"replies":[{"embeddable":true,"href":"https:\/\/coalasolutions.com\/se\/wp-json\/wp\/v2\/comments?post=584"}],"version-history":[{"count":9,"href":"https:\/\/coalasolutions.com\/se\/wp-json\/wp\/v2\/pages\/584\/revisions"}],"predecessor-version":[{"id":4429,"href":"https:\/\/coalasolutions.com\/se\/wp-json\/wp\/v2\/pages\/584\/revisions\/4429"}],"up":[{"embeddable":true,"href":"https:\/\/coalasolutions.com\/se\/wp-json\/wp\/v2\/pages\/1329"}],"wp:attachment":[{"href":"https:\/\/coalasolutions.com\/se\/wp-json\/wp\/v2\/media?parent=584"}],"curies":[{"name":"wp","href":"https:\/\/api.w.org\/{rel}","templated":true}]}}