{"id":508,"date":"2022-04-28T14:16:34","date_gmt":"2022-04-28T12:16:34","guid":{"rendered":"https:\/\/coalasolutions.com\/se\/?page_id=508"},"modified":"2022-05-19T11:51:16","modified_gmt":"2022-05-19T09:51:16","slug":"coala-care-app","status":"publish","type":"page","link":"https:\/\/coalasolutions.com\/se\/vardgivare\/var-losning\/coala-care-app\/","title":{"rendered":"Coala Care App"},"content":{"rendered":"<p>Coalas App laddas ner av patienten via sin smartphone fr\u00e5n Apple App Store eller Google Play. Monitorn kopplas tr\u00e5dl\u00f6st via bluetooth till patientens smartphone. I Coalas App startar patienten sina registreringar och f\u00f6ljer instruktioner f\u00f6r genomf\u00f6rande av m\u00e4tning.<\/p>\n<p><a href=\"https:\/\/apps.apple.com\/co\/app\/coala\/id1104903306\"><img decoding=\"async\" class=\"wp-image-954 alignleft\" src=\"https:\/\/coalasolutions.com\/se\/wp-content\/uploads\/sites\/2\/2022\/05\/app-store-300x98.png\" alt=\"Coala - App Store\" width=\"150\" height=\"49\" srcset=\"https:\/\/coalasolutions.com\/se\/wp-content\/uploads\/sites\/2\/2022\/05\/app-store-300x98.png 300w, https:\/\/coalasolutions.com\/se\/wp-content\/uploads\/sites\/2\/2022\/05\/app-store-400x131.png 400w, https:\/\/coalasolutions.com\/se\/wp-content\/uploads\/sites\/2\/2022\/05\/app-store.png 500w\" sizes=\"(max-width: 150px) 100vw, 150px\" \/><\/a> <a href=\"https:\/\/play.google.com\/store\/apps\/details?id=se.sigma.coala\"><img decoding=\"async\" class=\"wp-image-955 alignleft\" src=\"https:\/\/coalasolutions.com\/se\/wp-content\/uploads\/sites\/2\/2022\/05\/android-play-300x98.png\" alt=\"Coala - Google Play \" width=\"149\" height=\"49\" srcset=\"https:\/\/coalasolutions.com\/se\/wp-content\/uploads\/sites\/2\/2022\/05\/android-play-300x98.png 300w, https:\/\/coalasolutions.com\/se\/wp-content\/uploads\/sites\/2\/2022\/05\/android-play-400x131.png 400w, https:\/\/coalasolutions.com\/se\/wp-content\/uploads\/sites\/2\/2022\/05\/android-play.png 500w\" sizes=\"(max-width: 149px) 100vw, 149px\" \/><\/a><\/p>\n<p>&nbsp;<\/p>\n<p>&nbsp;<\/p>\n","protected":false},"excerpt":{"rendered":"<p>Coalas App laddas ner av patienten via sin smartphone fr\u00e5n Apple App Store eller Google Play. Monitorn kopplas tr\u00e5dl\u00f6st via bluetooth till patientens smartphone. I Coalas App startar patienten sina registreringar och f\u00f6ljer instruktioner f\u00f6r genomf\u00f6rande av m\u00e4tning. &nbsp; &nbsp;<\/p>\n","protected":false},"author":3,"featured_media":0,"parent":481,"menu_order":0,"comment_status":"closed","ping_status":"closed","template":"page_sections.php","meta":{"_acf_changed":false,"content-type":"","_coblocks_attr":"","_coblocks_dimensions":"","_coblocks_responsive_height":"","_coblocks_accordion_ie_support":"","footnotes":""},"class_list":["post-508","page","type-page","status-publish","hentry"],"acf":[],"yoast_head":"<!-- This site is optimized with the Yoast SEO plugin v27.4 - https:\/\/yoast.com\/product\/yoast-seo-wordpress\/ -->\n<title>Coala Care App - Coala Solution - SE<\/title>\n<meta name=\"robots\" content=\"index, follow, max-snippet:-1, max-image-preview:large, max-video-preview:-1\" \/>\n<link rel=\"canonical\" href=\"https:\/\/coalasolutions.com\/se\/vardgivare\/var-losning\/coala-care-app\/\" \/>\n<meta property=\"og:locale\" content=\"sv_SE\" \/>\n<meta property=\"og:type\" content=\"article\" \/>\n<meta property=\"og:title\" content=\"Coala Care App - Coala Solution - SE\" \/>\n<meta property=\"og:description\" content=\"Coalas App laddas ner av patienten via sin smartphone fr\u00e5n Apple App Store eller Google Play. Monitorn kopplas tr\u00e5dl\u00f6st via bluetooth till patientens smartphone. I Coalas App startar patienten sina registreringar och f\u00f6ljer instruktioner f\u00f6r genomf\u00f6rande av m\u00e4tning. &nbsp; &nbsp;\" \/>\n<meta property=\"og:url\" content=\"https:\/\/coalasolutions.com\/se\/vardgivare\/var-losning\/coala-care-app\/\" \/>\n<meta property=\"og:site_name\" content=\"Coala Solution - SE\" \/>\n<meta property=\"article:modified_time\" content=\"2022-05-19T09:51:16+00:00\" \/>\n<meta property=\"og:image\" content=\"https:\/\/coalasolutions.com\/se\/wp-content\/uploads\/sites\/2\/2022\/05\/app-store-300x98.png\" \/>\n<meta name=\"twitter:card\" content=\"summary_large_image\" \/>\n<script type=\"application\/ld+json\" class=\"yoast-schema-graph\">{\"@context\":\"https:\\\/\\\/schema.org\",\"@graph\":[{\"@type\":\"WebPage\",\"@id\":\"https:\\\/\\\/coalasolutions.com\\\/se\\\/vardgivare\\\/var-losning\\\/coala-care-app\\\/\",\"url\":\"https:\\\/\\\/coalasolutions.com\\\/se\\\/vardgivare\\\/var-losning\\\/coala-care-app\\\/\",\"name\":\"Coala Care App - Coala Solution - SE\",\"isPartOf\":{\"@id\":\"https:\\\/\\\/coalasolutions.com\\\/se\\\/#website\"},\"primaryImageOfPage\":{\"@id\":\"https:\\\/\\\/coalasolutions.com\\\/se\\\/vardgivare\\\/var-losning\\\/coala-care-app\\\/#primaryimage\"},\"image\":{\"@id\":\"https:\\\/\\\/coalasolutions.com\\\/se\\\/vardgivare\\\/var-losning\\\/coala-care-app\\\/#primaryimage\"},\"thumbnailUrl\":\"https:\\\/\\\/coalasolutions.com\\\/se\\\/wp-content\\\/uploads\\\/sites\\\/2\\\/2022\\\/05\\\/app-store-300x98.png\",\"datePublished\":\"2022-04-28T12:16:34+00:00\",\"dateModified\":\"2022-05-19T09:51:16+00:00\",\"breadcrumb\":{\"@id\":\"https:\\\/\\\/coalasolutions.com\\\/se\\\/vardgivare\\\/var-losning\\\/coala-care-app\\\/#breadcrumb\"},\"inLanguage\":\"sv-SE\",\"potentialAction\":[{\"@type\":\"ReadAction\",\"target\":[\"https:\\\/\\\/coalasolutions.com\\\/se\\\/vardgivare\\\/var-losning\\\/coala-care-app\\\/\"]}]},{\"@type\":\"ImageObject\",\"inLanguage\":\"sv-SE\",\"@id\":\"https:\\\/\\\/coalasolutions.com\\\/se\\\/vardgivare\\\/var-losning\\\/coala-care-app\\\/#primaryimage\",\"url\":\"https:\\\/\\\/coalasolutions.com\\\/se\\\/wp-content\\\/uploads\\\/sites\\\/2\\\/2022\\\/05\\\/app-store.png\",\"contentUrl\":\"https:\\\/\\\/coalasolutions.com\\\/se\\\/wp-content\\\/uploads\\\/sites\\\/2\\\/2022\\\/05\\\/app-store.png\",\"width\":500,\"height\":164},{\"@type\":\"BreadcrumbList\",\"@id\":\"https:\\\/\\\/coalasolutions.com\\\/se\\\/vardgivare\\\/var-losning\\\/coala-care-app\\\/#breadcrumb\",\"itemListElement\":[{\"@type\":\"ListItem\",\"position\":1,\"name\":\"Hem\",\"item\":\"https:\\\/\\\/coalasolutions.com\\\/se\\\/\"},{\"@type\":\"ListItem\",\"position\":2,\"name\":\"V\u00e5rdgivare\",\"item\":\"https:\\\/\\\/coalasolutions.com\\\/se\\\/vardgivare\\\/\"},{\"@type\":\"ListItem\",\"position\":3,\"name\":\"V\u00e5rt system\",\"item\":\"https:\\\/\\\/coalasolutions.com\\\/se\\\/vardgivare\\\/var-losning\\\/\"},{\"@type\":\"ListItem\",\"position\":4,\"name\":\"Coala Care App\"}]},{\"@type\":\"WebSite\",\"@id\":\"https:\\\/\\\/coalasolutions.com\\\/se\\\/#website\",\"url\":\"https:\\\/\\\/coalasolutions.com\\\/se\\\/\",\"name\":\"Coala Solution - SE\",\"description\":\"Unik digital hj\u00e4rtmonitor\",\"publisher\":{\"@id\":\"https:\\\/\\\/coalasolutions.com\\\/se\\\/#organization\"},\"potentialAction\":[{\"@type\":\"SearchAction\",\"target\":{\"@type\":\"EntryPoint\",\"urlTemplate\":\"https:\\\/\\\/coalasolutions.com\\\/se\\\/?s={search_term_string}\"},\"query-input\":{\"@type\":\"PropertyValueSpecification\",\"valueRequired\":true,\"valueName\":\"search_term_string\"}}],\"inLanguage\":\"sv-SE\"},{\"@type\":\"Organization\",\"@id\":\"https:\\\/\\\/coalasolutions.com\\\/se\\\/#organization\",\"name\":\"Coala Solution - SE\",\"url\":\"https:\\\/\\\/coalasolutions.com\\\/se\\\/\",\"logo\":{\"@type\":\"ImageObject\",\"inLanguage\":\"sv-SE\",\"@id\":\"https:\\\/\\\/coalasolutions.com\\\/se\\\/#\\\/schema\\\/logo\\\/image\\\/\",\"url\":\"https:\\\/\\\/coalasolutions.com\\\/se\\\/wp-content\\\/uploads\\\/sites\\\/2\\\/2022\\\/06\\\/coala-logo-blue.svg\",\"contentUrl\":\"https:\\\/\\\/coalasolutions.com\\\/se\\\/wp-content\\\/uploads\\\/sites\\\/2\\\/2022\\\/06\\\/coala-logo-blue.svg\",\"width\":136,\"height\":25,\"caption\":\"Coala Solution - SE\"},\"image\":{\"@id\":\"https:\\\/\\\/coalasolutions.com\\\/se\\\/#\\\/schema\\\/logo\\\/image\\\/\"}}]}<\/script>\n<!-- \/ Yoast SEO plugin. -->","yoast_head_json":{"title":"Coala Care App - Coala Solution - SE","robots":{"index":"index","follow":"follow","max-snippet":"max-snippet:-1","max-image-preview":"max-image-preview:large","max-video-preview":"max-video-preview:-1"},"canonical":"https:\/\/coalasolutions.com\/se\/vardgivare\/var-losning\/coala-care-app\/","og_locale":"sv_SE","og_type":"article","og_title":"Coala Care App - Coala Solution - SE","og_description":"Coalas App laddas ner av patienten via sin smartphone fr\u00e5n Apple App Store eller Google Play. Monitorn kopplas tr\u00e5dl\u00f6st via bluetooth till patientens smartphone. I Coalas App startar patienten sina registreringar och f\u00f6ljer instruktioner f\u00f6r genomf\u00f6rande av m\u00e4tning. &nbsp; &nbsp;","og_url":"https:\/\/coalasolutions.com\/se\/vardgivare\/var-losning\/coala-care-app\/","og_site_name":"Coala Solution - SE","article_modified_time":"2022-05-19T09:51:16+00:00","og_image":[{"url":"https:\/\/coalasolutions.com\/se\/wp-content\/uploads\/sites\/2\/2022\/05\/app-store-300x98.png","type":"","width":"","height":""}],"twitter_card":"summary_large_image","schema":{"@context":"https:\/\/schema.org","@graph":[{"@type":"WebPage","@id":"https:\/\/coalasolutions.com\/se\/vardgivare\/var-losning\/coala-care-app\/","url":"https:\/\/coalasolutions.com\/se\/vardgivare\/var-losning\/coala-care-app\/","name":"Coala Care App - Coala Solution - SE","isPartOf":{"@id":"https:\/\/coalasolutions.com\/se\/#website"},"primaryImageOfPage":{"@id":"https:\/\/coalasolutions.com\/se\/vardgivare\/var-losning\/coala-care-app\/#primaryimage"},"image":{"@id":"https:\/\/coalasolutions.com\/se\/vardgivare\/var-losning\/coala-care-app\/#primaryimage"},"thumbnailUrl":"https:\/\/coalasolutions.com\/se\/wp-content\/uploads\/sites\/2\/2022\/05\/app-store-300x98.png","datePublished":"2022-04-28T12:16:34+00:00","dateModified":"2022-05-19T09:51:16+00:00","breadcrumb":{"@id":"https:\/\/coalasolutions.com\/se\/vardgivare\/var-losning\/coala-care-app\/#breadcrumb"},"inLanguage":"sv-SE","potentialAction":[{"@type":"ReadAction","target":["https:\/\/coalasolutions.com\/se\/vardgivare\/var-losning\/coala-care-app\/"]}]},{"@type":"ImageObject","inLanguage":"sv-SE","@id":"https:\/\/coalasolutions.com\/se\/vardgivare\/var-losning\/coala-care-app\/#primaryimage","url":"https:\/\/coalasolutions.com\/se\/wp-content\/uploads\/sites\/2\/2022\/05\/app-store.png","contentUrl":"https:\/\/coalasolutions.com\/se\/wp-content\/uploads\/sites\/2\/2022\/05\/app-store.png","width":500,"height":164},{"@type":"BreadcrumbList","@id":"https:\/\/coalasolutions.com\/se\/vardgivare\/var-losning\/coala-care-app\/#breadcrumb","itemListElement":[{"@type":"ListItem","position":1,"name":"Hem","item":"https:\/\/coalasolutions.com\/se\/"},{"@type":"ListItem","position":2,"name":"V\u00e5rdgivare","item":"https:\/\/coalasolutions.com\/se\/vardgivare\/"},{"@type":"ListItem","position":3,"name":"V\u00e5rt system","item":"https:\/\/coalasolutions.com\/se\/vardgivare\/var-losning\/"},{"@type":"ListItem","position":4,"name":"Coala Care App"}]},{"@type":"WebSite","@id":"https:\/\/coalasolutions.com\/se\/#website","url":"https:\/\/coalasolutions.com\/se\/","name":"Coala Solution - SE","description":"Unik digital hj\u00e4rtmonitor","publisher":{"@id":"https:\/\/coalasolutions.com\/se\/#organization"},"potentialAction":[{"@type":"SearchAction","target":{"@type":"EntryPoint","urlTemplate":"https:\/\/coalasolutions.com\/se\/?s={search_term_string}"},"query-input":{"@type":"PropertyValueSpecification","valueRequired":true,"valueName":"search_term_string"}}],"inLanguage":"sv-SE"},{"@type":"Organization","@id":"https:\/\/coalasolutions.com\/se\/#organization","name":"Coala Solution - SE","url":"https:\/\/coalasolutions.com\/se\/","logo":{"@type":"ImageObject","inLanguage":"sv-SE","@id":"https:\/\/coalasolutions.com\/se\/#\/schema\/logo\/image\/","url":"https:\/\/coalasolutions.com\/se\/wp-content\/uploads\/sites\/2\/2022\/06\/coala-logo-blue.svg","contentUrl":"https:\/\/coalasolutions.com\/se\/wp-content\/uploads\/sites\/2\/2022\/06\/coala-logo-blue.svg","width":136,"height":25,"caption":"Coala Solution - SE"},"image":{"@id":"https:\/\/coalasolutions.com\/se\/#\/schema\/logo\/image\/"}}]}},"_links":{"self":[{"href":"https:\/\/coalasolutions.com\/se\/wp-json\/wp\/v2\/pages\/508","targetHints":{"allow":["GET"]}}],"collection":[{"href":"https:\/\/coalasolutions.com\/se\/wp-json\/wp\/v2\/pages"}],"about":[{"href":"https:\/\/coalasolutions.com\/se\/wp-json\/wp\/v2\/types\/page"}],"author":[{"embeddable":true,"href":"https:\/\/coalasolutions.com\/se\/wp-json\/wp\/v2\/users\/3"}],"replies":[{"embeddable":true,"href":"https:\/\/coalasolutions.com\/se\/wp-json\/wp\/v2\/comments?post=508"}],"version-history":[{"count":7,"href":"https:\/\/coalasolutions.com\/se\/wp-json\/wp\/v2\/pages\/508\/revisions"}],"predecessor-version":[{"id":960,"href":"https:\/\/coalasolutions.com\/se\/wp-json\/wp\/v2\/pages\/508\/revisions\/960"}],"up":[{"embeddable":true,"href":"https:\/\/coalasolutions.com\/se\/wp-json\/wp\/v2\/pages\/481"}],"wp:attachment":[{"href":"https:\/\/coalasolutions.com\/se\/wp-json\/wp\/v2\/media?parent=508"}],"curies":[{"name":"wp","href":"https:\/\/api.w.org\/{rel}","templated":true}]}}