{"id":506,"date":"2022-04-28T14:16:07","date_gmt":"2022-04-28T12:16:07","guid":{"rendered":"https:\/\/coalasolutions.com\/se\/?page_id=506"},"modified":"2022-11-30T11:15:12","modified_gmt":"2022-11-30T10:15:12","slug":"coala-care-portal","status":"publish","type":"page","link":"https:\/\/coalasolutions.com\/se\/vardgivare\/var-losning\/coala-care-portal\/","title":{"rendered":"Coala Care Portal"},"content":{"rendered":"<p>I Coalas portal, Coala Care, ges v\u00e5rdpersonal m\u00f6jlighet att kommunicera med och administrera patienter, samt att analysera och tolka m\u00e4tningar av br\u00f6st- och tum-EKG. Portalen ger anv\u00e4ndaren en snabb \u00f6verblick \u00f6ver de senaste inkomna EKG-registreringarna.<\/p>\n<p><a class=\"button extern\" href=\"https:\/\/eu.coalacare.com\/\">Logga in h\u00e4r<\/a><\/p>\n","protected":false},"excerpt":{"rendered":"<p>I Coalas portal, Coala Care, ges v\u00e5rdpersonal m\u00f6jlighet att kommunicera med och administrera patienter, samt att analysera och tolka m\u00e4tningar av br\u00f6st- och tum-EKG. Portalen ger anv\u00e4ndaren en snabb \u00f6verblick \u00f6ver de senaste inkomna EKG-registreringarna. Logga in h\u00e4r<\/p>\n","protected":false},"author":3,"featured_media":864,"parent":481,"menu_order":0,"comment_status":"closed","ping_status":"closed","template":"page_sections.php","meta":{"_acf_changed":false,"content-type":"","_coblocks_attr":"","_coblocks_dimensions":"","_coblocks_responsive_height":"","_coblocks_accordion_ie_support":"","footnotes":""},"class_list":["post-506","page","type-page","status-publish","has-post-thumbnail","hentry"],"acf":[],"yoast_head":"<!-- This site is optimized with the Yoast SEO plugin v27.4 - https:\/\/yoast.com\/product\/yoast-seo-wordpress\/ -->\n<title>Coala Care Portal - Coala Solution - SE<\/title>\n<meta name=\"robots\" content=\"index, follow, max-snippet:-1, max-image-preview:large, max-video-preview:-1\" \/>\n<link rel=\"canonical\" href=\"https:\/\/coalasolutions.com\/se\/vardgivare\/var-losning\/coala-care-portal\/\" \/>\n<meta property=\"og:locale\" content=\"sv_SE\" \/>\n<meta property=\"og:type\" content=\"article\" \/>\n<meta property=\"og:title\" content=\"Coala Care Portal - Coala Solution - SE\" \/>\n<meta property=\"og:description\" content=\"I Coalas portal, Coala Care, ges v\u00e5rdpersonal m\u00f6jlighet att kommunicera med och administrera patienter, samt att analysera och tolka m\u00e4tningar av br\u00f6st- och tum-EKG. Portalen ger anv\u00e4ndaren en snabb \u00f6verblick \u00f6ver de senaste inkomna EKG-registreringarna. Logga in h\u00e4r\" \/>\n<meta property=\"og:url\" content=\"https:\/\/coalasolutions.com\/se\/vardgivare\/var-losning\/coala-care-portal\/\" \/>\n<meta property=\"og:site_name\" content=\"Coala Solution - SE\" \/>\n<meta property=\"article:modified_time\" content=\"2022-11-30T10:15:12+00:00\" \/>\n<meta property=\"og:image\" content=\"https:\/\/coalasolutions.com\/se\/wp-content\/uploads\/sites\/2\/2022\/05\/coala-portal-and-monitor-healthcare.jpeg\" \/>\n\t<meta property=\"og:image:width\" content=\"1920\" \/>\n\t<meta property=\"og:image:height\" content=\"1281\" \/>\n\t<meta property=\"og:image:type\" content=\"image\/jpeg\" \/>\n<meta name=\"twitter:card\" content=\"summary_large_image\" \/>\n<meta name=\"twitter:label1\" content=\"Ber\u00e4knad l\u00e4stid\" \/>\n\t<meta name=\"twitter:data1\" content=\"1 minut\" \/>\n<script type=\"application\/ld+json\" class=\"yoast-schema-graph\">{\"@context\":\"https:\\\/\\\/schema.org\",\"@graph\":[{\"@type\":\"WebPage\",\"@id\":\"https:\\\/\\\/coalasolutions.com\\\/se\\\/vardgivare\\\/var-losning\\\/coala-care-portal\\\/\",\"url\":\"https:\\\/\\\/coalasolutions.com\\\/se\\\/vardgivare\\\/var-losning\\\/coala-care-portal\\\/\",\"name\":\"Coala Care Portal - Coala Solution - SE\",\"isPartOf\":{\"@id\":\"https:\\\/\\\/coalasolutions.com\\\/se\\\/#website\"},\"primaryImageOfPage\":{\"@id\":\"https:\\\/\\\/coalasolutions.com\\\/se\\\/vardgivare\\\/var-losning\\\/coala-care-portal\\\/#primaryimage\"},\"image\":{\"@id\":\"https:\\\/\\\/coalasolutions.com\\\/se\\\/vardgivare\\\/var-losning\\\/coala-care-portal\\\/#primaryimage\"},\"thumbnailUrl\":\"https:\\\/\\\/coalasolutions.com\\\/se\\\/wp-content\\\/uploads\\\/sites\\\/2\\\/2022\\\/05\\\/coala-portal-and-monitor-healthcare.jpeg\",\"datePublished\":\"2022-04-28T12:16:07+00:00\",\"dateModified\":\"2022-11-30T10:15:12+00:00\",\"breadcrumb\":{\"@id\":\"https:\\\/\\\/coalasolutions.com\\\/se\\\/vardgivare\\\/var-losning\\\/coala-care-portal\\\/#breadcrumb\"},\"inLanguage\":\"sv-SE\",\"potentialAction\":[{\"@type\":\"ReadAction\",\"target\":[\"https:\\\/\\\/coalasolutions.com\\\/se\\\/vardgivare\\\/var-losning\\\/coala-care-portal\\\/\"]}]},{\"@type\":\"ImageObject\",\"inLanguage\":\"sv-SE\",\"@id\":\"https:\\\/\\\/coalasolutions.com\\\/se\\\/vardgivare\\\/var-losning\\\/coala-care-portal\\\/#primaryimage\",\"url\":\"https:\\\/\\\/coalasolutions.com\\\/se\\\/wp-content\\\/uploads\\\/sites\\\/2\\\/2022\\\/05\\\/coala-portal-and-monitor-healthcare.jpeg\",\"contentUrl\":\"https:\\\/\\\/coalasolutions.com\\\/se\\\/wp-content\\\/uploads\\\/sites\\\/2\\\/2022\\\/05\\\/coala-portal-and-monitor-healthcare.jpeg\",\"width\":1920,\"height\":1281,\"caption\":\"Coala Care Portal\"},{\"@type\":\"BreadcrumbList\",\"@id\":\"https:\\\/\\\/coalasolutions.com\\\/se\\\/vardgivare\\\/var-losning\\\/coala-care-portal\\\/#breadcrumb\",\"itemListElement\":[{\"@type\":\"ListItem\",\"position\":1,\"name\":\"Hem\",\"item\":\"https:\\\/\\\/coalasolutions.com\\\/se\\\/\"},{\"@type\":\"ListItem\",\"position\":2,\"name\":\"V\u00e5rdgivare\",\"item\":\"https:\\\/\\\/coalasolutions.com\\\/se\\\/vardgivare\\\/\"},{\"@type\":\"ListItem\",\"position\":3,\"name\":\"V\u00e5rt system\",\"item\":\"https:\\\/\\\/coalasolutions.com\\\/se\\\/vardgivare\\\/var-losning\\\/\"},{\"@type\":\"ListItem\",\"position\":4,\"name\":\"Coala Care Portal\"}]},{\"@type\":\"WebSite\",\"@id\":\"https:\\\/\\\/coalasolutions.com\\\/se\\\/#website\",\"url\":\"https:\\\/\\\/coalasolutions.com\\\/se\\\/\",\"name\":\"Coala Solution - SE\",\"description\":\"Unik digital hj\u00e4rtmonitor\",\"publisher\":{\"@id\":\"https:\\\/\\\/coalasolutions.com\\\/se\\\/#organization\"},\"potentialAction\":[{\"@type\":\"SearchAction\",\"target\":{\"@type\":\"EntryPoint\",\"urlTemplate\":\"https:\\\/\\\/coalasolutions.com\\\/se\\\/?s={search_term_string}\"},\"query-input\":{\"@type\":\"PropertyValueSpecification\",\"valueRequired\":true,\"valueName\":\"search_term_string\"}}],\"inLanguage\":\"sv-SE\"},{\"@type\":\"Organization\",\"@id\":\"https:\\\/\\\/coalasolutions.com\\\/se\\\/#organization\",\"name\":\"Coala Solution - SE\",\"url\":\"https:\\\/\\\/coalasolutions.com\\\/se\\\/\",\"logo\":{\"@type\":\"ImageObject\",\"inLanguage\":\"sv-SE\",\"@id\":\"https:\\\/\\\/coalasolutions.com\\\/se\\\/#\\\/schema\\\/logo\\\/image\\\/\",\"url\":\"https:\\\/\\\/coalasolutions.com\\\/se\\\/wp-content\\\/uploads\\\/sites\\\/2\\\/2022\\\/06\\\/coala-logo-blue.svg\",\"contentUrl\":\"https:\\\/\\\/coalasolutions.com\\\/se\\\/wp-content\\\/uploads\\\/sites\\\/2\\\/2022\\\/06\\\/coala-logo-blue.svg\",\"width\":136,\"height\":25,\"caption\":\"Coala Solution - SE\"},\"image\":{\"@id\":\"https:\\\/\\\/coalasolutions.com\\\/se\\\/#\\\/schema\\\/logo\\\/image\\\/\"}}]}<\/script>\n<!-- \/ Yoast SEO plugin. -->","yoast_head_json":{"title":"Coala Care Portal - Coala Solution - SE","robots":{"index":"index","follow":"follow","max-snippet":"max-snippet:-1","max-image-preview":"max-image-preview:large","max-video-preview":"max-video-preview:-1"},"canonical":"https:\/\/coalasolutions.com\/se\/vardgivare\/var-losning\/coala-care-portal\/","og_locale":"sv_SE","og_type":"article","og_title":"Coala Care Portal - Coala Solution - SE","og_description":"I Coalas portal, Coala Care, ges v\u00e5rdpersonal m\u00f6jlighet att kommunicera med och administrera patienter, samt att analysera och tolka m\u00e4tningar av br\u00f6st- och tum-EKG. Portalen ger anv\u00e4ndaren en snabb \u00f6verblick \u00f6ver de senaste inkomna EKG-registreringarna. Logga in h\u00e4r","og_url":"https:\/\/coalasolutions.com\/se\/vardgivare\/var-losning\/coala-care-portal\/","og_site_name":"Coala Solution - SE","article_modified_time":"2022-11-30T10:15:12+00:00","og_image":[{"width":1920,"height":1281,"url":"https:\/\/coalasolutions.com\/se\/wp-content\/uploads\/sites\/2\/2022\/05\/coala-portal-and-monitor-healthcare.jpeg","type":"image\/jpeg"}],"twitter_card":"summary_large_image","twitter_misc":{"Ber\u00e4knad l\u00e4stid":"1 minut"},"schema":{"@context":"https:\/\/schema.org","@graph":[{"@type":"WebPage","@id":"https:\/\/coalasolutions.com\/se\/vardgivare\/var-losning\/coala-care-portal\/","url":"https:\/\/coalasolutions.com\/se\/vardgivare\/var-losning\/coala-care-portal\/","name":"Coala Care Portal - Coala Solution - SE","isPartOf":{"@id":"https:\/\/coalasolutions.com\/se\/#website"},"primaryImageOfPage":{"@id":"https:\/\/coalasolutions.com\/se\/vardgivare\/var-losning\/coala-care-portal\/#primaryimage"},"image":{"@id":"https:\/\/coalasolutions.com\/se\/vardgivare\/var-losning\/coala-care-portal\/#primaryimage"},"thumbnailUrl":"https:\/\/coalasolutions.com\/se\/wp-content\/uploads\/sites\/2\/2022\/05\/coala-portal-and-monitor-healthcare.jpeg","datePublished":"2022-04-28T12:16:07+00:00","dateModified":"2022-11-30T10:15:12+00:00","breadcrumb":{"@id":"https:\/\/coalasolutions.com\/se\/vardgivare\/var-losning\/coala-care-portal\/#breadcrumb"},"inLanguage":"sv-SE","potentialAction":[{"@type":"ReadAction","target":["https:\/\/coalasolutions.com\/se\/vardgivare\/var-losning\/coala-care-portal\/"]}]},{"@type":"ImageObject","inLanguage":"sv-SE","@id":"https:\/\/coalasolutions.com\/se\/vardgivare\/var-losning\/coala-care-portal\/#primaryimage","url":"https:\/\/coalasolutions.com\/se\/wp-content\/uploads\/sites\/2\/2022\/05\/coala-portal-and-monitor-healthcare.jpeg","contentUrl":"https:\/\/coalasolutions.com\/se\/wp-content\/uploads\/sites\/2\/2022\/05\/coala-portal-and-monitor-healthcare.jpeg","width":1920,"height":1281,"caption":"Coala Care Portal"},{"@type":"BreadcrumbList","@id":"https:\/\/coalasolutions.com\/se\/vardgivare\/var-losning\/coala-care-portal\/#breadcrumb","itemListElement":[{"@type":"ListItem","position":1,"name":"Hem","item":"https:\/\/coalasolutions.com\/se\/"},{"@type":"ListItem","position":2,"name":"V\u00e5rdgivare","item":"https:\/\/coalasolutions.com\/se\/vardgivare\/"},{"@type":"ListItem","position":3,"name":"V\u00e5rt system","item":"https:\/\/coalasolutions.com\/se\/vardgivare\/var-losning\/"},{"@type":"ListItem","position":4,"name":"Coala Care Portal"}]},{"@type":"WebSite","@id":"https:\/\/coalasolutions.com\/se\/#website","url":"https:\/\/coalasolutions.com\/se\/","name":"Coala Solution - SE","description":"Unik digital hj\u00e4rtmonitor","publisher":{"@id":"https:\/\/coalasolutions.com\/se\/#organization"},"potentialAction":[{"@type":"SearchAction","target":{"@type":"EntryPoint","urlTemplate":"https:\/\/coalasolutions.com\/se\/?s={search_term_string}"},"query-input":{"@type":"PropertyValueSpecification","valueRequired":true,"valueName":"search_term_string"}}],"inLanguage":"sv-SE"},{"@type":"Organization","@id":"https:\/\/coalasolutions.com\/se\/#organization","name":"Coala Solution - SE","url":"https:\/\/coalasolutions.com\/se\/","logo":{"@type":"ImageObject","inLanguage":"sv-SE","@id":"https:\/\/coalasolutions.com\/se\/#\/schema\/logo\/image\/","url":"https:\/\/coalasolutions.com\/se\/wp-content\/uploads\/sites\/2\/2022\/06\/coala-logo-blue.svg","contentUrl":"https:\/\/coalasolutions.com\/se\/wp-content\/uploads\/sites\/2\/2022\/06\/coala-logo-blue.svg","width":136,"height":25,"caption":"Coala Solution - SE"},"image":{"@id":"https:\/\/coalasolutions.com\/se\/#\/schema\/logo\/image\/"}}]}},"_links":{"self":[{"href":"https:\/\/coalasolutions.com\/se\/wp-json\/wp\/v2\/pages\/506","targetHints":{"allow":["GET"]}}],"collection":[{"href":"https:\/\/coalasolutions.com\/se\/wp-json\/wp\/v2\/pages"}],"about":[{"href":"https:\/\/coalasolutions.com\/se\/wp-json\/wp\/v2\/types\/page"}],"author":[{"embeddable":true,"href":"https:\/\/coalasolutions.com\/se\/wp-json\/wp\/v2\/users\/3"}],"replies":[{"embeddable":true,"href":"https:\/\/coalasolutions.com\/se\/wp-json\/wp\/v2\/comments?post=506"}],"version-history":[{"count":58,"href":"https:\/\/coalasolutions.com\/se\/wp-json\/wp\/v2\/pages\/506\/revisions"}],"predecessor-version":[{"id":2041,"href":"https:\/\/coalasolutions.com\/se\/wp-json\/wp\/v2\/pages\/506\/revisions\/2041"}],"up":[{"embeddable":true,"href":"https:\/\/coalasolutions.com\/se\/wp-json\/wp\/v2\/pages\/481"}],"wp:featuredmedia":[{"embeddable":true,"href":"https:\/\/coalasolutions.com\/se\/wp-json\/wp\/v2\/media\/864"}],"wp:attachment":[{"href":"https:\/\/coalasolutions.com\/se\/wp-json\/wp\/v2\/media?parent=506"}],"curies":[{"name":"wp","href":"https:\/\/api.w.org\/{rel}","templated":true}]}}