{"id":481,"date":"2022-04-28T14:13:19","date_gmt":"2022-04-28T12:13:19","guid":{"rendered":"https:\/\/coalasolutions.com\/se\/?page_id=481"},"modified":"2022-12-01T13:59:32","modified_gmt":"2022-12-01T12:59:32","slug":"var-losning","status":"publish","type":"page","link":"https:\/\/coalasolutions.com\/se\/vardgivare\/var-losning\/","title":{"rendered":"V\u00e5rt system"},"content":{"rendered":"<h2>En tj\u00e4nst<\/h2>\n<p>Genom en portal f\u00f6r v\u00e5rden att f\u00f6lja patienter, smarta analysalgoritmer samt en patientmonitor skapas ett underlag f\u00f6r effektiv diagnostik p\u00e5 distans i patientens trygga milj\u00f6.<\/p>\n<p>Tekniken \u00e4r l\u00e4tt att anv\u00e4nda och m\u00e4tningar tar bara en minut. Coala identiferar automatiskt f\u00f6rmaksflimmer och indikerar n\u00e5gra av de vanligaste hj\u00e4rtrytmrubbningarna med diagnostisk och klinisk precision.<\/p>\n<p>Insamlingen av EKG sker under 60 sekunder via tv\u00e5 m\u00e4tningar, en br\u00f6st och en tum m\u00e4tning, under vardera 30 sek.<\/p>\n","protected":false},"excerpt":{"rendered":"<p>En tj\u00e4nst Genom en portal f\u00f6r v\u00e5rden att f\u00f6lja patienter, smarta analysalgoritmer samt en patientmonitor skapas ett underlag f\u00f6r effektiv diagnostik p\u00e5 distans i patientens trygga milj\u00f6. Tekniken \u00e4r l\u00e4tt att anv\u00e4nda och m\u00e4tningar tar bara en minut. Coala identiferar automatiskt f\u00f6rmaksflimmer och indikerar n\u00e5gra av de vanligaste hj\u00e4rtrytmrubbningarna med diagnostisk och klinisk precision. Insamlingen [&hellip;]<\/p>\n","protected":false},"author":3,"featured_media":0,"parent":1329,"menu_order":0,"comment_status":"closed","ping_status":"closed","template":"page_sections.php","meta":{"_acf_changed":false,"content-type":"","_coblocks_attr":"","_coblocks_dimensions":"","_coblocks_responsive_height":"","_coblocks_accordion_ie_support":"","footnotes":""},"class_list":["post-481","page","type-page","status-publish","hentry"],"acf":[],"yoast_head":"<!-- This site is optimized with the Yoast SEO plugin v27.1.1 - https:\/\/yoast.com\/product\/yoast-seo-wordpress\/ -->\n<title>V\u00e5rt system - Coala Solution - SE<\/title>\n<meta name=\"robots\" content=\"index, follow, max-snippet:-1, max-image-preview:large, max-video-preview:-1\" \/>\n<link rel=\"canonical\" href=\"https:\/\/coalasolutions.com\/se\/vardgivare\/var-losning\/\" \/>\n<meta property=\"og:locale\" content=\"sv_SE\" \/>\n<meta property=\"og:type\" content=\"article\" \/>\n<meta property=\"og:title\" content=\"V\u00e5rt system - Coala Solution - SE\" \/>\n<meta property=\"og:description\" content=\"En tj\u00e4nst Genom en portal f\u00f6r v\u00e5rden att f\u00f6lja patienter, smarta analysalgoritmer samt en patientmonitor skapas ett underlag f\u00f6r effektiv diagnostik p\u00e5 distans i patientens trygga milj\u00f6. Tekniken \u00e4r l\u00e4tt att anv\u00e4nda och m\u00e4tningar tar bara en minut. Coala identiferar automatiskt f\u00f6rmaksflimmer och indikerar n\u00e5gra av de vanligaste hj\u00e4rtrytmrubbningarna med diagnostisk och klinisk precision. Insamlingen [&hellip;]\" \/>\n<meta property=\"og:url\" content=\"https:\/\/coalasolutions.com\/se\/vardgivare\/var-losning\/\" \/>\n<meta property=\"og:site_name\" content=\"Coala Solution - SE\" \/>\n<meta property=\"article:modified_time\" content=\"2022-12-01T12:59:32+00:00\" \/>\n<meta name=\"twitter:card\" content=\"summary_large_image\" \/>\n<meta name=\"twitter:label1\" content=\"Ber\u00e4knad l\u00e4stid\" \/>\n\t<meta name=\"twitter:data1\" content=\"1 minut\" \/>\n<script type=\"application\/ld+json\" class=\"yoast-schema-graph\">{\"@context\":\"https:\/\/schema.org\",\"@graph\":[{\"@type\":\"WebPage\",\"@id\":\"https:\/\/coalasolutions.com\/se\/vardgivare\/var-losning\/\",\"url\":\"https:\/\/coalasolutions.com\/se\/vardgivare\/var-losning\/\",\"name\":\"V\u00e5rt system - Coala Solution - SE\",\"isPartOf\":{\"@id\":\"https:\/\/coalasolutions.com\/se\/#website\"},\"datePublished\":\"2022-04-28T12:13:19+00:00\",\"dateModified\":\"2022-12-01T12:59:32+00:00\",\"breadcrumb\":{\"@id\":\"https:\/\/coalasolutions.com\/se\/vardgivare\/var-losning\/#breadcrumb\"},\"inLanguage\":\"sv-SE\",\"potentialAction\":[{\"@type\":\"ReadAction\",\"target\":[\"https:\/\/coalasolutions.com\/se\/vardgivare\/var-losning\/\"]}]},{\"@type\":\"BreadcrumbList\",\"@id\":\"https:\/\/coalasolutions.com\/se\/vardgivare\/var-losning\/#breadcrumb\",\"itemListElement\":[{\"@type\":\"ListItem\",\"position\":1,\"name\":\"Hem\",\"item\":\"https:\/\/coalasolutions.com\/se\/\"},{\"@type\":\"ListItem\",\"position\":2,\"name\":\"V\u00e5rdgivare\",\"item\":\"https:\/\/coalasolutions.com\/se\/vardgivare\/\"},{\"@type\":\"ListItem\",\"position\":3,\"name\":\"V\u00e5rt system\"}]},{\"@type\":\"WebSite\",\"@id\":\"https:\/\/coalasolutions.com\/se\/#website\",\"url\":\"https:\/\/coalasolutions.com\/se\/\",\"name\":\"Coala Solution - SE\",\"description\":\"Unik digital hj\u00e4rtmonitor\",\"publisher\":{\"@id\":\"https:\/\/coalasolutions.com\/se\/#organization\"},\"potentialAction\":[{\"@type\":\"SearchAction\",\"target\":{\"@type\":\"EntryPoint\",\"urlTemplate\":\"https:\/\/coalasolutions.com\/se\/?s={search_term_string}\"},\"query-input\":{\"@type\":\"PropertyValueSpecification\",\"valueRequired\":true,\"valueName\":\"search_term_string\"}}],\"inLanguage\":\"sv-SE\"},{\"@type\":\"Organization\",\"@id\":\"https:\/\/coalasolutions.com\/se\/#organization\",\"name\":\"Coala Solution - SE\",\"url\":\"https:\/\/coalasolutions.com\/se\/\",\"logo\":{\"@type\":\"ImageObject\",\"inLanguage\":\"sv-SE\",\"@id\":\"https:\/\/coalasolutions.com\/se\/#\/schema\/logo\/image\/\",\"url\":\"https:\/\/coalasolutions.com\/se\/wp-content\/uploads\/sites\/2\/2022\/06\/coala-logo-blue.svg\",\"contentUrl\":\"https:\/\/coalasolutions.com\/se\/wp-content\/uploads\/sites\/2\/2022\/06\/coala-logo-blue.svg\",\"width\":136,\"height\":25,\"caption\":\"Coala Solution - SE\"},\"image\":{\"@id\":\"https:\/\/coalasolutions.com\/se\/#\/schema\/logo\/image\/\"}}]}<\/script>\n<!-- \/ Yoast SEO plugin. -->","yoast_head_json":{"title":"V\u00e5rt system - Coala Solution - SE","robots":{"index":"index","follow":"follow","max-snippet":"max-snippet:-1","max-image-preview":"max-image-preview:large","max-video-preview":"max-video-preview:-1"},"canonical":"https:\/\/coalasolutions.com\/se\/vardgivare\/var-losning\/","og_locale":"sv_SE","og_type":"article","og_title":"V\u00e5rt system - Coala Solution - SE","og_description":"En tj\u00e4nst Genom en portal f\u00f6r v\u00e5rden att f\u00f6lja patienter, smarta analysalgoritmer samt en patientmonitor skapas ett underlag f\u00f6r effektiv diagnostik p\u00e5 distans i patientens trygga milj\u00f6. Tekniken \u00e4r l\u00e4tt att anv\u00e4nda och m\u00e4tningar tar bara en minut. Coala identiferar automatiskt f\u00f6rmaksflimmer och indikerar n\u00e5gra av de vanligaste hj\u00e4rtrytmrubbningarna med diagnostisk och klinisk precision. Insamlingen [&hellip;]","og_url":"https:\/\/coalasolutions.com\/se\/vardgivare\/var-losning\/","og_site_name":"Coala Solution - SE","article_modified_time":"2022-12-01T12:59:32+00:00","twitter_card":"summary_large_image","twitter_misc":{"Ber\u00e4knad l\u00e4stid":"1 minut"},"schema":{"@context":"https:\/\/schema.org","@graph":[{"@type":"WebPage","@id":"https:\/\/coalasolutions.com\/se\/vardgivare\/var-losning\/","url":"https:\/\/coalasolutions.com\/se\/vardgivare\/var-losning\/","name":"V\u00e5rt system - Coala Solution - SE","isPartOf":{"@id":"https:\/\/coalasolutions.com\/se\/#website"},"datePublished":"2022-04-28T12:13:19+00:00","dateModified":"2022-12-01T12:59:32+00:00","breadcrumb":{"@id":"https:\/\/coalasolutions.com\/se\/vardgivare\/var-losning\/#breadcrumb"},"inLanguage":"sv-SE","potentialAction":[{"@type":"ReadAction","target":["https:\/\/coalasolutions.com\/se\/vardgivare\/var-losning\/"]}]},{"@type":"BreadcrumbList","@id":"https:\/\/coalasolutions.com\/se\/vardgivare\/var-losning\/#breadcrumb","itemListElement":[{"@type":"ListItem","position":1,"name":"Hem","item":"https:\/\/coalasolutions.com\/se\/"},{"@type":"ListItem","position":2,"name":"V\u00e5rdgivare","item":"https:\/\/coalasolutions.com\/se\/vardgivare\/"},{"@type":"ListItem","position":3,"name":"V\u00e5rt system"}]},{"@type":"WebSite","@id":"https:\/\/coalasolutions.com\/se\/#website","url":"https:\/\/coalasolutions.com\/se\/","name":"Coala Solution - SE","description":"Unik digital hj\u00e4rtmonitor","publisher":{"@id":"https:\/\/coalasolutions.com\/se\/#organization"},"potentialAction":[{"@type":"SearchAction","target":{"@type":"EntryPoint","urlTemplate":"https:\/\/coalasolutions.com\/se\/?s={search_term_string}"},"query-input":{"@type":"PropertyValueSpecification","valueRequired":true,"valueName":"search_term_string"}}],"inLanguage":"sv-SE"},{"@type":"Organization","@id":"https:\/\/coalasolutions.com\/se\/#organization","name":"Coala Solution - SE","url":"https:\/\/coalasolutions.com\/se\/","logo":{"@type":"ImageObject","inLanguage":"sv-SE","@id":"https:\/\/coalasolutions.com\/se\/#\/schema\/logo\/image\/","url":"https:\/\/coalasolutions.com\/se\/wp-content\/uploads\/sites\/2\/2022\/06\/coala-logo-blue.svg","contentUrl":"https:\/\/coalasolutions.com\/se\/wp-content\/uploads\/sites\/2\/2022\/06\/coala-logo-blue.svg","width":136,"height":25,"caption":"Coala Solution - SE"},"image":{"@id":"https:\/\/coalasolutions.com\/se\/#\/schema\/logo\/image\/"}}]}},"_links":{"self":[{"href":"https:\/\/coalasolutions.com\/se\/wp-json\/wp\/v2\/pages\/481","targetHints":{"allow":["GET"]}}],"collection":[{"href":"https:\/\/coalasolutions.com\/se\/wp-json\/wp\/v2\/pages"}],"about":[{"href":"https:\/\/coalasolutions.com\/se\/wp-json\/wp\/v2\/types\/page"}],"author":[{"embeddable":true,"href":"https:\/\/coalasolutions.com\/se\/wp-json\/wp\/v2\/users\/3"}],"replies":[{"embeddable":true,"href":"https:\/\/coalasolutions.com\/se\/wp-json\/wp\/v2\/comments?post=481"}],"version-history":[{"count":32,"href":"https:\/\/coalasolutions.com\/se\/wp-json\/wp\/v2\/pages\/481\/revisions"}],"predecessor-version":[{"id":2044,"href":"https:\/\/coalasolutions.com\/se\/wp-json\/wp\/v2\/pages\/481\/revisions\/2044"}],"up":[{"embeddable":true,"href":"https:\/\/coalasolutions.com\/se\/wp-json\/wp\/v2\/pages\/1329"}],"wp:attachment":[{"href":"https:\/\/coalasolutions.com\/se\/wp-json\/wp\/v2\/media?parent=481"}],"curies":[{"name":"wp","href":"https:\/\/api.w.org\/{rel}","templated":true}]}}