{"id":1648,"date":"2022-06-21T12:59:32","date_gmt":"2022-06-21T10:59:32","guid":{"rendered":"https:\/\/coalasolutions.com\/se\/?page_id=1648"},"modified":"2024-05-26T23:39:38","modified_gmt":"2024-05-26T21:39:38","slug":"om-oss","status":"publish","type":"page","link":"https:\/\/coalasolutions.com\/se\/patient\/om-oss\/","title":{"rendered":"Om oss"},"content":{"rendered":"<h2><img decoding=\"async\" class=\"alignleft wp-image-1134\" src=\"https:\/\/coalasolutions.com\/se\/wp-content\/uploads\/sites\/2\/2022\/05\/coala-monitor.png\" alt=\"Coala hj\u00e4rtmonitor\" width=\"250\" height=\"250\" srcset=\"https:\/\/coalasolutions.com\/se\/wp-content\/uploads\/sites\/2\/2022\/05\/coala-monitor.png 900w, https:\/\/coalasolutions.com\/se\/wp-content\/uploads\/sites\/2\/2022\/05\/coala-monitor-300x300.png 300w, https:\/\/coalasolutions.com\/se\/wp-content\/uploads\/sites\/2\/2022\/05\/coala-monitor-150x150.png 150w, https:\/\/coalasolutions.com\/se\/wp-content\/uploads\/sites\/2\/2022\/05\/coala-monitor-768x768.png 768w, https:\/\/coalasolutions.com\/se\/wp-content\/uploads\/sites\/2\/2022\/05\/coala-monitor-500x500.png 500w, https:\/\/coalasolutions.com\/se\/wp-content\/uploads\/sites\/2\/2022\/05\/coala-monitor-600x600.png 600w, https:\/\/coalasolutions.com\/se\/wp-content\/uploads\/sites\/2\/2022\/05\/coala-monitor-400x400.png 400w\" sizes=\"(max-width: 250px) 100vw, 250px\" \/>Coala Solutions AB<\/h2>\n<p>Coala Solutions \u00e4r ett svenskt medicintekniskt f\u00f6retag inriktat p\u00e5 hj\u00e4rtdiagnostik och mobil h\u00e4lsa som har utvecklat en portf\u00f6lj av patenterade produkter och tj\u00e4nster f\u00f6r digital distans\u00f6vervakning, analys och screening av hj\u00e4rtat.<\/p>\n<p>Coala Heart Monitor \u00e4r en prisbel\u00f6nt medicinteknisk produkt och tj\u00e4nst som lanserades i b\u00f6rjan av 2017 direkt till slutkund. Sedan 2018 marknadsf\u00f6rs Coala Pro mot v\u00e5rden f\u00f6r att m\u00f6jligg\u00f6ra kostnadseffektiva och digitala hj\u00e4rtutredningar p\u00e5 distans.<\/p>\n<p>Tj\u00e4nsten bygger p\u00e5 ett 30-tal patent. Bakom bolaget st\u00e5r en styrelse med bred kompetens och erfarenhet fr\u00e5n v\u00e5rden.<\/p>\n<h2>V\u00e5r vision &#8211; vinna kampen mot hj\u00e4rtsjukdomar<\/h2>\n<p><img decoding=\"async\" class=\"alignleft wp-image-1137\" style=\"margin: 10px 20px 0px 0px;\" src=\"https:\/\/coalasolutions.com\/se\/wp-content\/uploads\/sites\/2\/2022\/05\/coala-om-oss-matning-hjarta-188x300.jpg\" alt=\"\" width=\"250\" height=\"400\" srcset=\"https:\/\/coalasolutions.com\/se\/wp-content\/uploads\/sites\/2\/2022\/05\/coala-om-oss-matning-hjarta-188x300.jpg 188w, https:\/\/coalasolutions.com\/se\/wp-content\/uploads\/sites\/2\/2022\/05\/coala-om-oss-matning-hjarta-250x400.jpg 250w, https:\/\/coalasolutions.com\/se\/wp-content\/uploads\/sites\/2\/2022\/05\/coala-om-oss-matning-hjarta.jpg 500w\" sizes=\"(max-width: 250px) 100vw, 250px\" \/>Coala Solutions vision \u00e4r att bidra till att vinna kampen mot va\u0308rldens fra\u0308msta do\u0308dsorsak &#8211; hj\u00e4rtsjukdomar.<\/p>\n<p>V\u00e5rt bidrag \u00e4r att utveckla innovativa digitala produkter och l\u00f6sningar som ger patienter m\u00f6jligheten att sj\u00e4lva kunna f\u00f6lja och analysera sina hj\u00e4rtan, drivet av smarta algoritmer med realtidsanalys. Coala Solutions innovationer s\u00e4tter patienten i centrum, \u00e4r anv\u00e4ndarv\u00e4nliga och bygger p\u00e5 m\u00e5ng\u00e5rig svensk forskning och utveckling.<\/p>\n<p>M\u00e5ls\u00e4ttningen \u00e4r att generera data som med st\u00f6d av algoritmer skapar f\u00f6ruts\u00e4ttningar att kunna f\u00f6rutsp\u00e5 hj\u00e4rt- och lungsjukdomar och d\u00e4rmed bidra till att undvika sjukdomsf\u00f6rlopp.<\/p>\n<p>Aff\u00e4rsid\u00e9n \u00e4r att erbjuda v\u00e5rdgivare en innovativ och patientcentrerad medicinteknisk produktplattform som m\u00f6jligg\u00f6r distansmonitorering av patienter i vardagslivet, som bidrar till att eliminera v\u00e4ntetider i sjukv\u00e5rden och ger sjukv\u00e5rden f\u00f6ruts\u00e4ttningar att f\u00f6rb\u00e4ttra diagnostiken av huvudsakligen hj\u00e4rta och lungor.<\/p>\n<h2>M\u00e5let &#8211; Hj\u00e4lpa miljontals patienter<\/h2>\n<p><img decoding=\"async\" class=\"alignleft wp-image-1136\" style=\"margin: 10px 20px 0px 0px;\" src=\"https:\/\/coalasolutions.com\/se\/wp-content\/uploads\/sites\/2\/2022\/05\/coala-om-oss-monitor-188x300.jpg\" alt=\"\" width=\"250\" height=\"400\" srcset=\"https:\/\/coalasolutions.com\/se\/wp-content\/uploads\/sites\/2\/2022\/05\/coala-om-oss-monitor-188x300.jpg 188w, https:\/\/coalasolutions.com\/se\/wp-content\/uploads\/sites\/2\/2022\/05\/coala-om-oss-monitor-250x400.jpg 250w, https:\/\/coalasolutions.com\/se\/wp-content\/uploads\/sites\/2\/2022\/05\/coala-om-oss-monitor.jpg 500w\" sizes=\"(max-width: 250px) 100vw, 250px\" \/>Coala Solutions har som strategiskt m\u00e5l att radikalt f\u00f6rb\u00e4ttra livskvaliteten och det kliniska utfallet f\u00f6r miljoner av patienter som \u00e4r drabbade av kardiovaskul\u00e4ra sjukdomar. Detta m\u00f6jligg\u00f6rs genom att erbjuda patienter och sjukv\u00e5rden l\u00f6sningar f\u00f6r icke-invasiv och patientcentrerad prediktiv diagnostik.<\/p>\n<p>Bakgrunden till utvecklingen av Coala Heart Monitor var att den m\u00e4tutrustning sjukv\u00e5rden ofta anv\u00e4nder kr\u00e4ver fysiska bes\u00f6k, inte engagerar patienten i sin egen v\u00e5rd, har bristande tr\u00e4ffs\u00e4kerhet och ofta leder till l\u00e5nga v\u00e4ntetider.<\/p>\n<p>M\u00e5ls\u00e4ttningar f\u00f6r Coala Solutions \u00e4r att vara den marknadsledande plattformsleverant\u00f6ren f\u00f6r icke-invasiv l\u00e5ngtidsmonitorering och diagnostik av hj\u00e4rtpatienter i vardagslivet. Coala Solutions skall erbjuda marknaden produkter som \u00e4r ersatta av lokala f\u00f6rs\u00e4kringssystem p\u00e5 de marknader som vi agerar s\u00e5 Coala kan tillg\u00e4ngligg\u00f6ras utan kostnad f\u00f6r patient. Och vi skall leverera patientcentrerade och anv\u00e4ndarv\u00e4nliga produkter vilket leder till h\u00f6g utnyttjandegrad\/efterlevnad och d\u00e4rmed \u00f6ka sannolikheten f\u00f6r positivt kliniskt utfall.<\/p>\n","protected":false},"excerpt":{"rendered":"<p>Coala Solutions AB Coala Solutions \u00e4r ett svenskt medicintekniskt f\u00f6retag inriktat p\u00e5 hj\u00e4rtdiagnostik och mobil h\u00e4lsa som har utvecklat en portf\u00f6lj av patenterade produkter och tj\u00e4nster f\u00f6r digital distans\u00f6vervakning, analys och screening av hj\u00e4rtat. Coala Heart Monitor \u00e4r en prisbel\u00f6nt medicinteknisk produkt och tj\u00e4nst som lanserades i b\u00f6rjan av 2017 direkt till slutkund. Sedan 2018 [&hellip;]<\/p>\n","protected":false},"author":3,"featured_media":0,"parent":364,"menu_order":0,"comment_status":"closed","ping_status":"closed","template":"","meta":{"_acf_changed":false,"content-type":"","_coblocks_attr":"","_coblocks_dimensions":"","_coblocks_responsive_height":"","_coblocks_accordion_ie_support":"","footnotes":""},"class_list":["post-1648","page","type-page","status-publish","hentry"],"acf":[],"yoast_head":"<!-- This site is optimized with the Yoast SEO plugin v27.4 - https:\/\/yoast.com\/product\/yoast-seo-wordpress\/ -->\n<title>Om oss - Coala Solution - SE<\/title>\n<meta name=\"robots\" content=\"index, follow, max-snippet:-1, max-image-preview:large, max-video-preview:-1\" \/>\n<link rel=\"canonical\" href=\"https:\/\/coalasolutions.com\/se\/vardgivare\/om-oss\/\" \/>\n<meta property=\"og:locale\" content=\"sv_SE\" \/>\n<meta property=\"og:type\" content=\"article\" \/>\n<meta property=\"og:title\" content=\"Om oss - Coala Solution - SE\" \/>\n<meta property=\"og:description\" content=\"Coala Solutions AB Coala Solutions \u00e4r ett svenskt medicintekniskt f\u00f6retag inriktat p\u00e5 hj\u00e4rtdiagnostik och mobil h\u00e4lsa som har utvecklat en portf\u00f6lj av patenterade produkter och tj\u00e4nster f\u00f6r digital distans\u00f6vervakning, analys och screening av hj\u00e4rtat. Coala Heart Monitor \u00e4r en prisbel\u00f6nt medicinteknisk produkt och tj\u00e4nst som lanserades i b\u00f6rjan av 2017 direkt till slutkund. Sedan 2018 [&hellip;]\" \/>\n<meta property=\"og:url\" content=\"https:\/\/coalasolutions.com\/se\/vardgivare\/om-oss\/\" \/>\n<meta property=\"og:site_name\" content=\"Coala Solution - SE\" \/>\n<meta property=\"article:modified_time\" content=\"2024-05-26T21:39:38+00:00\" \/>\n<meta property=\"og:image\" content=\"https:\/\/coalasolutions.com\/se\/wp-content\/uploads\/sites\/2\/2022\/05\/coala-monitor.png\" \/>\n<meta name=\"twitter:card\" content=\"summary_large_image\" \/>\n<meta name=\"twitter:label1\" content=\"Ber\u00e4knad l\u00e4stid\" \/>\n\t<meta name=\"twitter:data1\" content=\"3 minuter\" \/>\n<script type=\"application\/ld+json\" class=\"yoast-schema-graph\">{\"@context\":\"https:\\\/\\\/schema.org\",\"@graph\":[{\"@type\":\"WebPage\",\"@id\":\"https:\\\/\\\/coalasolutions.com\\\/se\\\/patient\\\/om-oss\\\/\",\"url\":\"https:\\\/\\\/coalasolutions.com\\\/se\\\/vardgivare\\\/om-oss\\\/\",\"name\":\"Om oss - Coala Solution - SE\",\"isPartOf\":{\"@id\":\"https:\\\/\\\/coalasolutions.com\\\/se\\\/#website\"},\"primaryImageOfPage\":{\"@id\":\"https:\\\/\\\/coalasolutions.com\\\/se\\\/vardgivare\\\/om-oss\\\/#primaryimage\"},\"image\":{\"@id\":\"https:\\\/\\\/coalasolutions.com\\\/se\\\/vardgivare\\\/om-oss\\\/#primaryimage\"},\"thumbnailUrl\":\"https:\\\/\\\/coalasolutions.com\\\/se\\\/wp-content\\\/uploads\\\/sites\\\/2\\\/2022\\\/05\\\/coala-monitor.png\",\"datePublished\":\"2022-06-21T10:59:32+00:00\",\"dateModified\":\"2024-05-26T21:39:38+00:00\",\"breadcrumb\":{\"@id\":\"https:\\\/\\\/coalasolutions.com\\\/se\\\/vardgivare\\\/om-oss\\\/#breadcrumb\"},\"inLanguage\":\"sv-SE\",\"potentialAction\":[{\"@type\":\"ReadAction\",\"target\":[\"https:\\\/\\\/coalasolutions.com\\\/se\\\/vardgivare\\\/om-oss\\\/\"]}]},{\"@type\":\"ImageObject\",\"inLanguage\":\"sv-SE\",\"@id\":\"https:\\\/\\\/coalasolutions.com\\\/se\\\/vardgivare\\\/om-oss\\\/#primaryimage\",\"url\":\"https:\\\/\\\/coalasolutions.com\\\/se\\\/wp-content\\\/uploads\\\/sites\\\/2\\\/2022\\\/05\\\/coala-monitor.png\",\"contentUrl\":\"https:\\\/\\\/coalasolutions.com\\\/se\\\/wp-content\\\/uploads\\\/sites\\\/2\\\/2022\\\/05\\\/coala-monitor.png\",\"width\":900,\"height\":900,\"caption\":\"Coala hj\u00e4rtmonitor\"},{\"@type\":\"BreadcrumbList\",\"@id\":\"https:\\\/\\\/coalasolutions.com\\\/se\\\/vardgivare\\\/om-oss\\\/#breadcrumb\",\"itemListElement\":[{\"@type\":\"ListItem\",\"position\":1,\"name\":\"Hem\",\"item\":\"https:\\\/\\\/coalasolutions.com\\\/se\\\/\"},{\"@type\":\"ListItem\",\"position\":2,\"name\":\"Konsument\",\"item\":\"https:\\\/\\\/coalasolutions.com\\\/se\\\/patient\\\/\"},{\"@type\":\"ListItem\",\"position\":3,\"name\":\"Om oss\"}]},{\"@type\":\"WebSite\",\"@id\":\"https:\\\/\\\/coalasolutions.com\\\/se\\\/#website\",\"url\":\"https:\\\/\\\/coalasolutions.com\\\/se\\\/\",\"name\":\"Coala Solution - SE\",\"description\":\"Unik digital hj\u00e4rtmonitor\",\"publisher\":{\"@id\":\"https:\\\/\\\/coalasolutions.com\\\/se\\\/#organization\"},\"potentialAction\":[{\"@type\":\"SearchAction\",\"target\":{\"@type\":\"EntryPoint\",\"urlTemplate\":\"https:\\\/\\\/coalasolutions.com\\\/se\\\/?s={search_term_string}\"},\"query-input\":{\"@type\":\"PropertyValueSpecification\",\"valueRequired\":true,\"valueName\":\"search_term_string\"}}],\"inLanguage\":\"sv-SE\"},{\"@type\":\"Organization\",\"@id\":\"https:\\\/\\\/coalasolutions.com\\\/se\\\/#organization\",\"name\":\"Coala Solution - SE\",\"url\":\"https:\\\/\\\/coalasolutions.com\\\/se\\\/\",\"logo\":{\"@type\":\"ImageObject\",\"inLanguage\":\"sv-SE\",\"@id\":\"https:\\\/\\\/coalasolutions.com\\\/se\\\/#\\\/schema\\\/logo\\\/image\\\/\",\"url\":\"https:\\\/\\\/coalasolutions.com\\\/se\\\/wp-content\\\/uploads\\\/sites\\\/2\\\/2022\\\/06\\\/coala-logo-blue.svg\",\"contentUrl\":\"https:\\\/\\\/coalasolutions.com\\\/se\\\/wp-content\\\/uploads\\\/sites\\\/2\\\/2022\\\/06\\\/coala-logo-blue.svg\",\"width\":136,\"height\":25,\"caption\":\"Coala Solution - SE\"},\"image\":{\"@id\":\"https:\\\/\\\/coalasolutions.com\\\/se\\\/#\\\/schema\\\/logo\\\/image\\\/\"}}]}<\/script>\n<!-- \/ Yoast SEO plugin. -->","yoast_head_json":{"title":"Om oss - Coala Solution - SE","robots":{"index":"index","follow":"follow","max-snippet":"max-snippet:-1","max-image-preview":"max-image-preview:large","max-video-preview":"max-video-preview:-1"},"canonical":"https:\/\/coalasolutions.com\/se\/vardgivare\/om-oss\/","og_locale":"sv_SE","og_type":"article","og_title":"Om oss - Coala Solution - SE","og_description":"Coala Solutions AB Coala Solutions \u00e4r ett svenskt medicintekniskt f\u00f6retag inriktat p\u00e5 hj\u00e4rtdiagnostik och mobil h\u00e4lsa som har utvecklat en portf\u00f6lj av patenterade produkter och tj\u00e4nster f\u00f6r digital distans\u00f6vervakning, analys och screening av hj\u00e4rtat. Coala Heart Monitor \u00e4r en prisbel\u00f6nt medicinteknisk produkt och tj\u00e4nst som lanserades i b\u00f6rjan av 2017 direkt till slutkund. Sedan 2018 [&hellip;]","og_url":"https:\/\/coalasolutions.com\/se\/vardgivare\/om-oss\/","og_site_name":"Coala Solution - SE","article_modified_time":"2024-05-26T21:39:38+00:00","og_image":[{"url":"https:\/\/coalasolutions.com\/se\/wp-content\/uploads\/sites\/2\/2022\/05\/coala-monitor.png","type":"","width":"","height":""}],"twitter_card":"summary_large_image","twitter_misc":{"Ber\u00e4knad l\u00e4stid":"3 minuter"},"schema":{"@context":"https:\/\/schema.org","@graph":[{"@type":"WebPage","@id":"https:\/\/coalasolutions.com\/se\/patient\/om-oss\/","url":"https:\/\/coalasolutions.com\/se\/vardgivare\/om-oss\/","name":"Om oss - Coala Solution - SE","isPartOf":{"@id":"https:\/\/coalasolutions.com\/se\/#website"},"primaryImageOfPage":{"@id":"https:\/\/coalasolutions.com\/se\/vardgivare\/om-oss\/#primaryimage"},"image":{"@id":"https:\/\/coalasolutions.com\/se\/vardgivare\/om-oss\/#primaryimage"},"thumbnailUrl":"https:\/\/coalasolutions.com\/se\/wp-content\/uploads\/sites\/2\/2022\/05\/coala-monitor.png","datePublished":"2022-06-21T10:59:32+00:00","dateModified":"2024-05-26T21:39:38+00:00","breadcrumb":{"@id":"https:\/\/coalasolutions.com\/se\/vardgivare\/om-oss\/#breadcrumb"},"inLanguage":"sv-SE","potentialAction":[{"@type":"ReadAction","target":["https:\/\/coalasolutions.com\/se\/vardgivare\/om-oss\/"]}]},{"@type":"ImageObject","inLanguage":"sv-SE","@id":"https:\/\/coalasolutions.com\/se\/vardgivare\/om-oss\/#primaryimage","url":"https:\/\/coalasolutions.com\/se\/wp-content\/uploads\/sites\/2\/2022\/05\/coala-monitor.png","contentUrl":"https:\/\/coalasolutions.com\/se\/wp-content\/uploads\/sites\/2\/2022\/05\/coala-monitor.png","width":900,"height":900,"caption":"Coala hj\u00e4rtmonitor"},{"@type":"BreadcrumbList","@id":"https:\/\/coalasolutions.com\/se\/vardgivare\/om-oss\/#breadcrumb","itemListElement":[{"@type":"ListItem","position":1,"name":"Hem","item":"https:\/\/coalasolutions.com\/se\/"},{"@type":"ListItem","position":2,"name":"Konsument","item":"https:\/\/coalasolutions.com\/se\/patient\/"},{"@type":"ListItem","position":3,"name":"Om oss"}]},{"@type":"WebSite","@id":"https:\/\/coalasolutions.com\/se\/#website","url":"https:\/\/coalasolutions.com\/se\/","name":"Coala Solution - SE","description":"Unik digital hj\u00e4rtmonitor","publisher":{"@id":"https:\/\/coalasolutions.com\/se\/#organization"},"potentialAction":[{"@type":"SearchAction","target":{"@type":"EntryPoint","urlTemplate":"https:\/\/coalasolutions.com\/se\/?s={search_term_string}"},"query-input":{"@type":"PropertyValueSpecification","valueRequired":true,"valueName":"search_term_string"}}],"inLanguage":"sv-SE"},{"@type":"Organization","@id":"https:\/\/coalasolutions.com\/se\/#organization","name":"Coala Solution - SE","url":"https:\/\/coalasolutions.com\/se\/","logo":{"@type":"ImageObject","inLanguage":"sv-SE","@id":"https:\/\/coalasolutions.com\/se\/#\/schema\/logo\/image\/","url":"https:\/\/coalasolutions.com\/se\/wp-content\/uploads\/sites\/2\/2022\/06\/coala-logo-blue.svg","contentUrl":"https:\/\/coalasolutions.com\/se\/wp-content\/uploads\/sites\/2\/2022\/06\/coala-logo-blue.svg","width":136,"height":25,"caption":"Coala Solution - SE"},"image":{"@id":"https:\/\/coalasolutions.com\/se\/#\/schema\/logo\/image\/"}}]}},"_links":{"self":[{"href":"https:\/\/coalasolutions.com\/se\/wp-json\/wp\/v2\/pages\/1648","targetHints":{"allow":["GET"]}}],"collection":[{"href":"https:\/\/coalasolutions.com\/se\/wp-json\/wp\/v2\/pages"}],"about":[{"href":"https:\/\/coalasolutions.com\/se\/wp-json\/wp\/v2\/types\/page"}],"author":[{"embeddable":true,"href":"https:\/\/coalasolutions.com\/se\/wp-json\/wp\/v2\/users\/3"}],"replies":[{"embeddable":true,"href":"https:\/\/coalasolutions.com\/se\/wp-json\/wp\/v2\/comments?post=1648"}],"version-history":[{"count":8,"href":"https:\/\/coalasolutions.com\/se\/wp-json\/wp\/v2\/pages\/1648\/revisions"}],"predecessor-version":[{"id":4694,"href":"https:\/\/coalasolutions.com\/se\/wp-json\/wp\/v2\/pages\/1648\/revisions\/4694"}],"up":[{"embeddable":true,"href":"https:\/\/coalasolutions.com\/se\/wp-json\/wp\/v2\/pages\/364"}],"wp:attachment":[{"href":"https:\/\/coalasolutions.com\/se\/wp-json\/wp\/v2\/media?parent=1648"}],"curies":[{"name":"wp","href":"https:\/\/api.w.org\/{rel}","templated":true}]}}