{"id":1139,"date":"2022-05-24T22:42:38","date_gmt":"2022-05-24T20:42:38","guid":{"rendered":"https:\/\/coalasolutions.com\/se\/?page_id=1139"},"modified":"2024-06-12T22:53:13","modified_gmt":"2024-06-12T20:53:13","slug":"clinical-advisory-board","status":"publish","type":"page","link":"https:\/\/coalasolutions.com\/se\/vardgivare\/clinical-advisory-board\/","title":{"rendered":"Clinical Advisory Board"},"content":{"rendered":"<p>Coala Solutions medicinska r\u00e5d, \u00e4ven kallat Clinical Advisory Board, utg\u00f6rs av ett flertal ledande och erfarna specialister inom kardiologi och life science. Deras kompetens och kunskap inom sina respektive omr\u00e5den ger Coala Solutions b\u00e4sta m\u00f6jliga f\u00f6ruts\u00e4ttningar att forts\u00e4tta bedriva forskning och utveckling p\u00e5 b\u00e4sta s\u00e4tt och d\u00e4rigenom forts\u00e4tta arbetet mot bolagets vision \u2013 att bidra till kampen mot hj\u00e4rtsjukdomar.<\/p>\n<p><span style=\"text-decoration: underline;\">Medlemmar av Medicinska r\u00e5det<\/span><\/p>\n<p><strong>Tord Juhlin<\/strong>, MD, PhD, \u00d6verl\u00e4kare och Kardiolog, Sk\u00e5nes Universitetssjukhus. Tord \u00e4r \u00e4ven ordf\u00f6rande i svenska kardiologf\u00f6reningens Hj\u00e4rtRytmGrupp (HRG).<\/p>\n<p><strong>Hans-J\u00f6rgen Nilsson<\/strong>, MD, PhD, Workstream Lead Cardiology, \u00d6verl\u00e4kare och Kardiolog, Sk\u00e5nes Universitetssjukhus. Hans-J\u00f6rgen \u00e4r involverad i den kardiologiska delen g\u00e4llande implementering av nytt v\u00e5rdinformationssystem i Region Sk\u00e5ne.<\/p>\n<p><strong>Claes Held<\/strong>, MD, PhD, \u00d6verl\u00e4kare och Professor i Kardiologi, Akademiska sjukhuset Uppsala. Claes \u00e4r kliniskt verksam vid Hj\u00e4rtkliniken, Akademiska Sjukhuset. Han forskar med verksamheten f\u00f6rlagd till Uppsala Kliniska Forskningscentrum (UCR), vid Uppsala Universitet.<\/p>\n<p><strong>Peter Magnusson<\/strong>, MD, PhD, kardiolog, \u00f6verl\u00e4kare, Region G\u00e4vleborg\/VO Kardiologi. Peter \u00e4r verksam som forskare vid Centrum f\u00f6r forskning och utveckling G\u00e4vleborg\/Uppsala Universitet (CFUG) och Karolinska Institutet.<\/p>\n<p>&nbsp;<\/p>\n","protected":false},"excerpt":{"rendered":"<p>Coala Solutions medicinska r\u00e5d, \u00e4ven kallat Clinical Advisory Board, utg\u00f6rs av ett flertal ledande och erfarna specialister inom kardiologi och life science. Deras kompetens och kunskap inom sina respektive omr\u00e5den ger Coala Solutions b\u00e4sta m\u00f6jliga f\u00f6ruts\u00e4ttningar att forts\u00e4tta bedriva forskning och utveckling p\u00e5 b\u00e4sta s\u00e4tt och d\u00e4rigenom forts\u00e4tta arbetet mot bolagets vision \u2013 att bidra [&hellip;]<\/p>\n","protected":false},"author":3,"featured_media":983,"parent":1329,"menu_order":0,"comment_status":"closed","ping_status":"closed","template":"","meta":{"_acf_changed":false,"content-type":"","_coblocks_attr":"","_coblocks_dimensions":"","_coblocks_responsive_height":"","_coblocks_accordion_ie_support":"","footnotes":""},"class_list":["post-1139","page","type-page","status-publish","has-post-thumbnail","hentry"],"acf":[],"yoast_head":"<!-- This site is optimized with the Yoast SEO plugin v27.4 - https:\/\/yoast.com\/product\/yoast-seo-wordpress\/ -->\n<title>Clinical Advisory Board - Coala Solution - SE<\/title>\n<meta name=\"robots\" content=\"index, follow, max-snippet:-1, max-image-preview:large, max-video-preview:-1\" \/>\n<link rel=\"canonical\" href=\"https:\/\/coalasolutions.com\/se\/vardgivare\/clinical-advisory-board\/\" \/>\n<meta property=\"og:locale\" content=\"sv_SE\" \/>\n<meta property=\"og:type\" content=\"article\" \/>\n<meta property=\"og:title\" content=\"Clinical Advisory Board - Coala Solution - SE\" \/>\n<meta property=\"og:description\" content=\"Coala Solutions medicinska r\u00e5d, \u00e4ven kallat Clinical Advisory Board, utg\u00f6rs av ett flertal ledande och erfarna specialister inom kardiologi och life science. Deras kompetens och kunskap inom sina respektive omr\u00e5den ger Coala Solutions b\u00e4sta m\u00f6jliga f\u00f6ruts\u00e4ttningar att forts\u00e4tta bedriva forskning och utveckling p\u00e5 b\u00e4sta s\u00e4tt och d\u00e4rigenom forts\u00e4tta arbetet mot bolagets vision \u2013 att bidra [&hellip;]\" \/>\n<meta property=\"og:url\" content=\"https:\/\/coalasolutions.com\/se\/vardgivare\/clinical-advisory-board\/\" \/>\n<meta property=\"og:site_name\" content=\"Coala Solution - SE\" \/>\n<meta property=\"article:modified_time\" content=\"2024-06-12T20:53:13+00:00\" \/>\n<meta property=\"og:image\" content=\"https:\/\/coalasolutions.com\/se\/wp-content\/uploads\/sites\/2\/2022\/05\/hansj-kardiolog-lund.png\" \/>\n\t<meta property=\"og:image:width\" content=\"918\" \/>\n\t<meta property=\"og:image:height\" content=\"612\" \/>\n\t<meta property=\"og:image:type\" content=\"image\/png\" \/>\n<meta name=\"twitter:card\" content=\"summary_large_image\" \/>\n<meta name=\"twitter:label1\" content=\"Ber\u00e4knad l\u00e4stid\" \/>\n\t<meta name=\"twitter:data1\" content=\"2 minuter\" \/>\n<script type=\"application\/ld+json\" class=\"yoast-schema-graph\">{\"@context\":\"https:\\\/\\\/schema.org\",\"@graph\":[{\"@type\":\"WebPage\",\"@id\":\"https:\\\/\\\/coalasolutions.com\\\/se\\\/vardgivare\\\/clinical-advisory-board\\\/\",\"url\":\"https:\\\/\\\/coalasolutions.com\\\/se\\\/vardgivare\\\/clinical-advisory-board\\\/\",\"name\":\"Clinical Advisory Board - Coala Solution - SE\",\"isPartOf\":{\"@id\":\"https:\\\/\\\/coalasolutions.com\\\/se\\\/#website\"},\"primaryImageOfPage\":{\"@id\":\"https:\\\/\\\/coalasolutions.com\\\/se\\\/vardgivare\\\/clinical-advisory-board\\\/#primaryimage\"},\"image\":{\"@id\":\"https:\\\/\\\/coalasolutions.com\\\/se\\\/vardgivare\\\/clinical-advisory-board\\\/#primaryimage\"},\"thumbnailUrl\":\"https:\\\/\\\/coalasolutions.com\\\/se\\\/wp-content\\\/uploads\\\/sites\\\/2\\\/2022\\\/05\\\/hansj-kardiolog-lund.png\",\"datePublished\":\"2022-05-24T20:42:38+00:00\",\"dateModified\":\"2024-06-12T20:53:13+00:00\",\"breadcrumb\":{\"@id\":\"https:\\\/\\\/coalasolutions.com\\\/se\\\/vardgivare\\\/clinical-advisory-board\\\/#breadcrumb\"},\"inLanguage\":\"sv-SE\",\"potentialAction\":[{\"@type\":\"ReadAction\",\"target\":[\"https:\\\/\\\/coalasolutions.com\\\/se\\\/vardgivare\\\/clinical-advisory-board\\\/\"]}]},{\"@type\":\"ImageObject\",\"inLanguage\":\"sv-SE\",\"@id\":\"https:\\\/\\\/coalasolutions.com\\\/se\\\/vardgivare\\\/clinical-advisory-board\\\/#primaryimage\",\"url\":\"https:\\\/\\\/coalasolutions.com\\\/se\\\/wp-content\\\/uploads\\\/sites\\\/2\\\/2022\\\/05\\\/hansj-kardiolog-lund.png\",\"contentUrl\":\"https:\\\/\\\/coalasolutions.com\\\/se\\\/wp-content\\\/uploads\\\/sites\\\/2\\\/2022\\\/05\\\/hansj-kardiolog-lund.png\",\"width\":918,\"height\":612,\"caption\":\"Hans-J\u00f6rgen Nilsson, \u00d6verl\u00e4kare i arytmi vid kardiologen, Sk\u00e5nska Universitetssjukhuset i Lund\"},{\"@type\":\"BreadcrumbList\",\"@id\":\"https:\\\/\\\/coalasolutions.com\\\/se\\\/vardgivare\\\/clinical-advisory-board\\\/#breadcrumb\",\"itemListElement\":[{\"@type\":\"ListItem\",\"position\":1,\"name\":\"Hem\",\"item\":\"https:\\\/\\\/coalasolutions.com\\\/se\\\/\"},{\"@type\":\"ListItem\",\"position\":2,\"name\":\"V\u00e5rdgivare\",\"item\":\"https:\\\/\\\/coalasolutions.com\\\/se\\\/vardgivare\\\/\"},{\"@type\":\"ListItem\",\"position\":3,\"name\":\"Clinical Advisory Board\"}]},{\"@type\":\"WebSite\",\"@id\":\"https:\\\/\\\/coalasolutions.com\\\/se\\\/#website\",\"url\":\"https:\\\/\\\/coalasolutions.com\\\/se\\\/\",\"name\":\"Coala Solution - SE\",\"description\":\"Unik digital hj\u00e4rtmonitor\",\"publisher\":{\"@id\":\"https:\\\/\\\/coalasolutions.com\\\/se\\\/#organization\"},\"potentialAction\":[{\"@type\":\"SearchAction\",\"target\":{\"@type\":\"EntryPoint\",\"urlTemplate\":\"https:\\\/\\\/coalasolutions.com\\\/se\\\/?s={search_term_string}\"},\"query-input\":{\"@type\":\"PropertyValueSpecification\",\"valueRequired\":true,\"valueName\":\"search_term_string\"}}],\"inLanguage\":\"sv-SE\"},{\"@type\":\"Organization\",\"@id\":\"https:\\\/\\\/coalasolutions.com\\\/se\\\/#organization\",\"name\":\"Coala Solution - SE\",\"url\":\"https:\\\/\\\/coalasolutions.com\\\/se\\\/\",\"logo\":{\"@type\":\"ImageObject\",\"inLanguage\":\"sv-SE\",\"@id\":\"https:\\\/\\\/coalasolutions.com\\\/se\\\/#\\\/schema\\\/logo\\\/image\\\/\",\"url\":\"https:\\\/\\\/coalasolutions.com\\\/se\\\/wp-content\\\/uploads\\\/sites\\\/2\\\/2022\\\/06\\\/coala-logo-blue.svg\",\"contentUrl\":\"https:\\\/\\\/coalasolutions.com\\\/se\\\/wp-content\\\/uploads\\\/sites\\\/2\\\/2022\\\/06\\\/coala-logo-blue.svg\",\"width\":136,\"height\":25,\"caption\":\"Coala Solution - SE\"},\"image\":{\"@id\":\"https:\\\/\\\/coalasolutions.com\\\/se\\\/#\\\/schema\\\/logo\\\/image\\\/\"}}]}<\/script>\n<!-- \/ Yoast SEO plugin. -->","yoast_head_json":{"title":"Clinical Advisory Board - Coala Solution - SE","robots":{"index":"index","follow":"follow","max-snippet":"max-snippet:-1","max-image-preview":"max-image-preview:large","max-video-preview":"max-video-preview:-1"},"canonical":"https:\/\/coalasolutions.com\/se\/vardgivare\/clinical-advisory-board\/","og_locale":"sv_SE","og_type":"article","og_title":"Clinical Advisory Board - Coala Solution - SE","og_description":"Coala Solutions medicinska r\u00e5d, \u00e4ven kallat Clinical Advisory Board, utg\u00f6rs av ett flertal ledande och erfarna specialister inom kardiologi och life science. Deras kompetens och kunskap inom sina respektive omr\u00e5den ger Coala Solutions b\u00e4sta m\u00f6jliga f\u00f6ruts\u00e4ttningar att forts\u00e4tta bedriva forskning och utveckling p\u00e5 b\u00e4sta s\u00e4tt och d\u00e4rigenom forts\u00e4tta arbetet mot bolagets vision \u2013 att bidra [&hellip;]","og_url":"https:\/\/coalasolutions.com\/se\/vardgivare\/clinical-advisory-board\/","og_site_name":"Coala Solution - SE","article_modified_time":"2024-06-12T20:53:13+00:00","og_image":[{"width":918,"height":612,"url":"https:\/\/coalasolutions.com\/se\/wp-content\/uploads\/sites\/2\/2022\/05\/hansj-kardiolog-lund.png","type":"image\/png"}],"twitter_card":"summary_large_image","twitter_misc":{"Ber\u00e4knad l\u00e4stid":"2 minuter"},"schema":{"@context":"https:\/\/schema.org","@graph":[{"@type":"WebPage","@id":"https:\/\/coalasolutions.com\/se\/vardgivare\/clinical-advisory-board\/","url":"https:\/\/coalasolutions.com\/se\/vardgivare\/clinical-advisory-board\/","name":"Clinical Advisory Board - Coala Solution - SE","isPartOf":{"@id":"https:\/\/coalasolutions.com\/se\/#website"},"primaryImageOfPage":{"@id":"https:\/\/coalasolutions.com\/se\/vardgivare\/clinical-advisory-board\/#primaryimage"},"image":{"@id":"https:\/\/coalasolutions.com\/se\/vardgivare\/clinical-advisory-board\/#primaryimage"},"thumbnailUrl":"https:\/\/coalasolutions.com\/se\/wp-content\/uploads\/sites\/2\/2022\/05\/hansj-kardiolog-lund.png","datePublished":"2022-05-24T20:42:38+00:00","dateModified":"2024-06-12T20:53:13+00:00","breadcrumb":{"@id":"https:\/\/coalasolutions.com\/se\/vardgivare\/clinical-advisory-board\/#breadcrumb"},"inLanguage":"sv-SE","potentialAction":[{"@type":"ReadAction","target":["https:\/\/coalasolutions.com\/se\/vardgivare\/clinical-advisory-board\/"]}]},{"@type":"ImageObject","inLanguage":"sv-SE","@id":"https:\/\/coalasolutions.com\/se\/vardgivare\/clinical-advisory-board\/#primaryimage","url":"https:\/\/coalasolutions.com\/se\/wp-content\/uploads\/sites\/2\/2022\/05\/hansj-kardiolog-lund.png","contentUrl":"https:\/\/coalasolutions.com\/se\/wp-content\/uploads\/sites\/2\/2022\/05\/hansj-kardiolog-lund.png","width":918,"height":612,"caption":"Hans-J\u00f6rgen Nilsson, \u00d6verl\u00e4kare i arytmi vid kardiologen, Sk\u00e5nska Universitetssjukhuset i Lund"},{"@type":"BreadcrumbList","@id":"https:\/\/coalasolutions.com\/se\/vardgivare\/clinical-advisory-board\/#breadcrumb","itemListElement":[{"@type":"ListItem","position":1,"name":"Hem","item":"https:\/\/coalasolutions.com\/se\/"},{"@type":"ListItem","position":2,"name":"V\u00e5rdgivare","item":"https:\/\/coalasolutions.com\/se\/vardgivare\/"},{"@type":"ListItem","position":3,"name":"Clinical Advisory Board"}]},{"@type":"WebSite","@id":"https:\/\/coalasolutions.com\/se\/#website","url":"https:\/\/coalasolutions.com\/se\/","name":"Coala Solution - SE","description":"Unik digital hj\u00e4rtmonitor","publisher":{"@id":"https:\/\/coalasolutions.com\/se\/#organization"},"potentialAction":[{"@type":"SearchAction","target":{"@type":"EntryPoint","urlTemplate":"https:\/\/coalasolutions.com\/se\/?s={search_term_string}"},"query-input":{"@type":"PropertyValueSpecification","valueRequired":true,"valueName":"search_term_string"}}],"inLanguage":"sv-SE"},{"@type":"Organization","@id":"https:\/\/coalasolutions.com\/se\/#organization","name":"Coala Solution - SE","url":"https:\/\/coalasolutions.com\/se\/","logo":{"@type":"ImageObject","inLanguage":"sv-SE","@id":"https:\/\/coalasolutions.com\/se\/#\/schema\/logo\/image\/","url":"https:\/\/coalasolutions.com\/se\/wp-content\/uploads\/sites\/2\/2022\/06\/coala-logo-blue.svg","contentUrl":"https:\/\/coalasolutions.com\/se\/wp-content\/uploads\/sites\/2\/2022\/06\/coala-logo-blue.svg","width":136,"height":25,"caption":"Coala Solution - SE"},"image":{"@id":"https:\/\/coalasolutions.com\/se\/#\/schema\/logo\/image\/"}}]}},"_links":{"self":[{"href":"https:\/\/coalasolutions.com\/se\/wp-json\/wp\/v2\/pages\/1139","targetHints":{"allow":["GET"]}}],"collection":[{"href":"https:\/\/coalasolutions.com\/se\/wp-json\/wp\/v2\/pages"}],"about":[{"href":"https:\/\/coalasolutions.com\/se\/wp-json\/wp\/v2\/types\/page"}],"author":[{"embeddable":true,"href":"https:\/\/coalasolutions.com\/se\/wp-json\/wp\/v2\/users\/3"}],"replies":[{"embeddable":true,"href":"https:\/\/coalasolutions.com\/se\/wp-json\/wp\/v2\/comments?post=1139"}],"version-history":[{"count":6,"href":"https:\/\/coalasolutions.com\/se\/wp-json\/wp\/v2\/pages\/1139\/revisions"}],"predecessor-version":[{"id":4750,"href":"https:\/\/coalasolutions.com\/se\/wp-json\/wp\/v2\/pages\/1139\/revisions\/4750"}],"up":[{"embeddable":true,"href":"https:\/\/coalasolutions.com\/se\/wp-json\/wp\/v2\/pages\/1329"}],"wp:featuredmedia":[{"embeddable":true,"href":"https:\/\/coalasolutions.com\/se\/wp-json\/wp\/v2\/media\/983"}],"wp:attachment":[{"href":"https:\/\/coalasolutions.com\/se\/wp-json\/wp\/v2\/media?parent=1139"}],"curies":[{"name":"wp","href":"https:\/\/api.w.org\/{rel}","templated":true}]}}